{"id":1486,"date":"2024-09-15T10:46:46","date_gmt":"2024-09-15T02:46:46","guid":{"rendered":"https:\/\/aquawashtech.com\/?page_id=1486"},"modified":"2024-09-25T00:22:55","modified_gmt":"2024-09-24T16:22:55","slug":"lavagem-de-carros-sem-contacto","status":"publish","type":"page","link":"https:\/\/aquawashtech.com\/pt\/lavagem-de-carros-sem-contacto\/","title":{"rendered":"Lavagem de autom\u00f3veis sem contacto"},"content":{"rendered":"<div data-elementor-type=\"wp-page\" data-elementor-id=\"1486\" class=\"elementor elementor-1486\" data-elementor-post-type=\"page\">\n\t\t\t\t<div class=\"elementor-element elementor-element-7c1d5bf2 e-flex e-con-boxed e-con e-parent\" data-id=\"7c1d5bf2\" data-element_type=\"container\" data-e-type=\"container\" data-settings=\"{&quot;background_background&quot;:&quot;gradient&quot;}\">\n\t\t\t\t\t<div class=\"e-con-inner\">\n\t\t<div class=\"elementor-element elementor-element-6b9ab800 e-con-full e-flex e-con e-child\" data-id=\"6b9ab800\" data-element_type=\"container\" data-e-type=\"container\">\n\t\t\t\t<div class=\"elementor-element elementor-element-7303fd30 elementor-widget elementor-widget-image\" data-id=\"7303fd30\" data-element_type=\"widget\" data-e-type=\"widget\" data-widget_type=\"image.default\">\n\t\t\t\t<div class=\"elementor-widget-container\">\n\t\t\t\t\t\t\t\t\t\t\t\t\t\t\t<img fetchpriority=\"high\" decoding=\"async\" width=\"800\" height=\"600\" src=\"https:\/\/aquawashtech.com\/wp-content\/uploads\/2024\/01\/DNZW6561-1024x768.jpg\" class=\"attachment-large size-large wp-image-917\" alt=\"\" srcset=\"https:\/\/aquawashtech.com\/wp-content\/uploads\/2024\/01\/DNZW6561-1024x768.jpg 1024w, https:\/\/aquawashtech.com\/wp-content\/uploads\/2024\/01\/DNZW6561-300x225.jpg 300w, https:\/\/aquawashtech.com\/wp-content\/uploads\/2024\/01\/DNZW6561-768x576.jpg 768w, https:\/\/aquawashtech.com\/wp-content\/uploads\/2024\/01\/DNZW6561-1536x1152.jpg 1536w, https:\/\/aquawashtech.com\/wp-content\/uploads\/2024\/01\/DNZW6561.jpg 1706w\" sizes=\"(max-width: 800px) 100vw, 800px\" \/>\t\t\t\t\t\t\t\t\t\t\t\t\t\t\t<\/div>\n\t\t\t\t<\/div>\n\t\t\t\t<\/div>\n\t\t<div class=\"elementor-element elementor-element-4efe5e04 e-con-full e-flex e-con e-child\" data-id=\"4efe5e04\" data-element_type=\"container\" data-e-type=\"container\">\n\t\t\t\t<div class=\"elementor-element elementor-element-1eec0ce0 elementor-widget elementor-widget-heading\" data-id=\"1eec0ce0\" data-element_type=\"widget\" data-e-type=\"widget\" data-widget_type=\"heading.default\">\n\t\t\t\t<div class=\"elementor-widget-container\">\n\t\t\t\t\t<h2 class=\"elementor-heading-title elementor-size-default\">M\u00e1quina de lavar carros de bra\u00e7o \u00fanico sem contacto<\/h2>\t\t\t\t<\/div>\n\t\t\t\t<\/div>\n\t\t\t\t<div class=\"elementor-element elementor-element-5eaf4dd4 elementor-widget elementor-widget-text-editor\" data-id=\"5eaf4dd4\" data-element_type=\"widget\" data-e-type=\"widget\" data-widget_type=\"text-editor.default\">\n\t\t\t\t<div class=\"elementor-widget-container\">\n\t\t\t\t\t\t\t\t\t<h5>Alvos de limpeza: sedans, t\u00e1xis, SUVs, MPVs e carrinhas<br \/>Dimens\u00f5es do equipamento: 6,2m (C) x 3,35m (L) x 3m (A)<br \/>Dimens\u00f5es da via: 6m<br \/>Pot\u00eancia nominal: 13Kw\/h<br \/>Requisitos de instala\u00e7\u00e3o: comprimento &gt; 6,2m, largura &gt; 3,5m, altura &gt; 3,1m<br \/>Especifica\u00e7\u00f5es el\u00e9ctricas: 380V, 50Hz, 3L, N, PE, trif\u00e1sico a cinco fios\u00a0<\/h5><h5><span style=\"color: #ff0000;\">(PRECISA DE SER PERSONALIZADO PARA CADA PA\u00cdS)<\/span><\/h5><h5><br \/>M\u00e9todo de lavagem: Lavagem envolvente de 360<br \/>Tempo do ciclo de lavagem: 3-7 minutos por ve\u00edculo<br \/>Consumo de \u00e1gua por ve\u00edculo: 100-130 litros<br \/>Consumo de eletricidade por ve\u00edculo: aproximadamente 0,3-0,5Kw\/h<br \/>Consumo de energia em standby: &lt; 0,1Kw\/h<br \/>Dimens\u00f5es da lavagem: comprimento \u2264 5,5 m, largura \u2264 2,3 m, altura \u2264 2 m<\/h5>\t\t\t\t\t\t\t\t<\/div>\n\t\t\t\t<\/div>\n\t\t\t\t<\/div>\n\t\t\t\t\t<\/div>\n\t\t\t\t<\/div>\n\t\t<div class=\"elementor-element elementor-element-27e5909 e-flex e-con-boxed e-con e-parent\" data-id=\"27e5909\" data-element_type=\"container\" data-e-type=\"container\" data-settings=\"{&quot;background_background&quot;:&quot;gradient&quot;}\">\n\t\t\t\t\t<div class=\"e-con-inner\">\n\t\t<div class=\"elementor-element elementor-element-12e9397 e-con-full e-flex e-con e-child\" data-id=\"12e9397\" data-element_type=\"container\" data-e-type=\"container\">\n\t\t\t\t<div class=\"elementor-element elementor-element-e30019a elementor-widget elementor-widget-image\" data-id=\"e30019a\" data-element_type=\"widget\" data-e-type=\"widget\" data-widget_type=\"image.default\">\n\t\t\t\t<div class=\"elementor-widget-container\">\n\t\t\t\t\t\t\t\t\t\t\t\t\t\t\t<img decoding=\"async\" width=\"800\" height=\"600\" src=\"https:\/\/aquawashtech.com\/wp-content\/uploads\/2024\/01\/IMG_8970-1024x768.jpg\" class=\"attachment-large size-large wp-image-736\" alt=\"\" srcset=\"https:\/\/aquawashtech.com\/wp-content\/uploads\/2024\/01\/IMG_8970-1024x768.jpg 1024w, https:\/\/aquawashtech.com\/wp-content\/uploads\/2024\/01\/IMG_8970-300x225.jpg 300w, https:\/\/aquawashtech.com\/wp-content\/uploads\/2024\/01\/IMG_8970-768x576.jpg 768w, https:\/\/aquawashtech.com\/wp-content\/uploads\/2024\/01\/IMG_8970.jpg 1440w\" sizes=\"(max-width: 800px) 100vw, 800px\" \/>\t\t\t\t\t\t\t\t\t\t\t\t\t\t\t<\/div>\n\t\t\t\t<\/div>\n\t\t\t\t<\/div>\n\t\t<div class=\"elementor-element elementor-element-b5c5ab7 e-con-full e-flex e-con e-child\" data-id=\"b5c5ab7\" data-element_type=\"container\" data-e-type=\"container\">\n\t\t\t\t<div class=\"elementor-element elementor-element-3571e0d elementor-widget elementor-widget-heading\" data-id=\"3571e0d\" data-element_type=\"widget\" data-e-type=\"widget\" data-widget_type=\"heading.default\">\n\t\t\t\t<div class=\"elementor-widget-container\">\n\t\t\t\t\t<h2 class=\"elementor-heading-title elementor-size-default\">M\u00e1quina de lavar carros de bra\u00e7os duplos sem contacto<\/h2>\t\t\t\t<\/div>\n\t\t\t\t<\/div>\n\t\t\t\t<div class=\"elementor-element elementor-element-00d45b0 elementor-widget elementor-widget-text-editor\" data-id=\"00d45b0\" data-element_type=\"widget\" data-e-type=\"widget\" data-widget_type=\"text-editor.default\">\n\t\t\t\t<div class=\"elementor-widget-container\">\n\t\t\t\t\t\t\t\t\t<h5>Alvos de limpeza: sedans, t\u00e1xis, SUVs, MPVs e carrinhas<br \/>Dimens\u00f5es do equipamento: 8,1m (C) x 3,35m (L) x 2,9m (A)<br \/>Dimens\u00f5es da via: 7.7m<br \/>Pot\u00eancia nominal: 13Kw\/h<br \/>Especifica\u00e7\u00f5es el\u00e9ctricas: 380V, 50Hz, 3L, N, PE, trif\u00e1sico a cinco fios<\/h5><h5><span style=\"color: #ff0000;\">(PRECISA DE SER PERSONALIZADO PARA CADA PA\u00cdS)<\/span><\/h5><h5>Capacidade de lavagem: 7-10 ve\u00edculos por hora<br \/>Consumo de \u00e1gua por ve\u00edculo: 100-130 litros<br \/>Consumo de eletricidade por ve\u00edculo: aproximadamente 0,3-0,5Kw\/h<br \/>Consumo de energia em standby: &lt; 0,1Kw\/h<br \/>Dimens\u00f5es da lavagem: comprimento \u2264 5,5 m, largura \u2264 2,3 m, altura \u2264 2 m<\/h5>\t\t\t\t\t\t\t\t<\/div>\n\t\t\t\t<\/div>\n\t\t\t\t<\/div>\n\t\t\t\t\t<\/div>\n\t\t\t\t<\/div>\n\t\t<div class=\"elementor-element elementor-element-68cad8f e-flex e-con-boxed e-con e-parent\" data-id=\"68cad8f\" data-element_type=\"container\" data-e-type=\"container\" data-settings=\"{&quot;background_background&quot;:&quot;gradient&quot;}\">\n\t\t\t\t\t<div class=\"e-con-inner\">\n\t\t<div class=\"elementor-element elementor-element-e8090ca e-con-full e-flex e-con e-child\" data-id=\"e8090ca\" data-element_type=\"container\" data-e-type=\"container\">\n\t\t\t\t<div class=\"elementor-element elementor-element-7ca5a5f elementor-widget elementor-widget-image\" data-id=\"7ca5a5f\" data-element_type=\"widget\" data-e-type=\"widget\" data-widget_type=\"image.default\">\n\t\t\t\t<div class=\"elementor-widget-container\">\n\t\t\t\t\t\t\t\t\t\t\t\t\t\t\t<img decoding=\"async\" width=\"800\" height=\"600\" src=\"https:\/\/aquawashtech.com\/wp-content\/uploads\/2024\/03\/\u5fae\u4fe1\u56fe\u7247_20240126110744-1024x768.jpg\" class=\"attachment-large size-large wp-image-1019\" alt=\"\" srcset=\"https:\/\/aquawashtech.com\/wp-content\/uploads\/2024\/03\/\u5fae\u4fe1\u56fe\u7247_20240126110744-1024x768.jpg 1024w, https:\/\/aquawashtech.com\/wp-content\/uploads\/2024\/03\/\u5fae\u4fe1\u56fe\u7247_20240126110744-300x225.jpg 300w, https:\/\/aquawashtech.com\/wp-content\/uploads\/2024\/03\/\u5fae\u4fe1\u56fe\u7247_20240126110744-768x576.jpg 768w, https:\/\/aquawashtech.com\/wp-content\/uploads\/2024\/03\/\u5fae\u4fe1\u56fe\u7247_20240126110744-1536x1152.jpg 1536w, https:\/\/aquawashtech.com\/wp-content\/uploads\/2024\/03\/\u5fae\u4fe1\u56fe\u7247_20240126110744.jpg 1706w\" sizes=\"(max-width: 800px) 100vw, 800px\" \/>\t\t\t\t\t\t\t\t\t\t\t\t\t\t\t<\/div>\n\t\t\t\t<\/div>\n\t\t\t\t<\/div>\n\t\t<div class=\"elementor-element elementor-element-9398438 e-con-full e-flex e-con e-child\" data-id=\"9398438\" data-element_type=\"container\" data-e-type=\"container\">\n\t\t\t\t<div class=\"elementor-element elementor-element-03c5d31 elementor-widget elementor-widget-heading\" data-id=\"03c5d31\" data-element_type=\"widget\" data-e-type=\"widget\" data-widget_type=\"heading.default\">\n\t\t\t\t<div class=\"elementor-widget-container\">\n\t\t\t\t\t<h2 class=\"elementor-heading-title elementor-size-default\">M\u00e1quina de Lavagem de Carros DG sem contacto<\/h2>\t\t\t\t<\/div>\n\t\t\t\t<\/div>\n\t\t\t\t<div class=\"elementor-element elementor-element-6d8a39f elementor-widget elementor-widget-text-editor\" data-id=\"6d8a39f\" data-element_type=\"widget\" data-e-type=\"widget\" data-widget_type=\"text-editor.default\">\n\t\t\t\t<div class=\"elementor-widget-container\">\n\t\t\t\t\t\t\t\t\t<h5>Alvos de limpeza: sedans, t\u00e1xis, SUVs, MPVs e carrinhas<br \/>Dimens\u00f5es do equipamento: 1,71m (C) x 3,7m (L) x 3m (A)<br \/>Dimens\u00f5es da pista: 9m<br \/>Pot\u00eancia nominal: 35kW\/h<br \/>Requisitos de instala\u00e7\u00e3o: comprimento &gt; 9,5m, largura &gt; 3,8m, altura &gt; 3m<br \/>Especifica\u00e7\u00f5es el\u00e9ctricas: 380V, 50Hz, 3L, N, PE, trif\u00e1sico a cinco fios<\/h5><h5><span style=\"color: #ff0000;\">(PRECISA DE SER PERSONALIZADO PARA CADA PA\u00cdS)<\/span><\/h5><h5>M\u00e9todo de lavagem: p\u00f3rtico rec\u00edproco com perfilamento superior<br \/>Capacidade de lavagem: 7-10 ve\u00edculos por hora<br \/>Consumo de \u00e1gua por ve\u00edculo: 100-130 litros<br \/>Consumo de eletricidade por ve\u00edculo: aproximadamente 0,7-0,8kW\/h<br \/>Consumo de energia em standby: &lt; 0,1kW\/h<br \/>Dimens\u00f5es da lavagem: comprimento \u2264 5,5 m, largura \u2264 2,3 m, altura \u2264 2 m<\/h5>\t\t\t\t\t\t\t\t<\/div>\n\t\t\t\t<\/div>\n\t\t\t\t<\/div>\n\t\t\t\t\t<\/div>\n\t\t\t\t<\/div>\n\t\t<div class=\"elementor-element elementor-element-574aee6 e-flex e-con-boxed e-con e-parent\" data-id=\"574aee6\" data-element_type=\"container\" data-e-type=\"container\">\n\t\t\t\t\t<div class=\"e-con-inner\">\n\t\t<div class=\"elementor-element elementor-element-19eeb13 e-con-full e-flex e-con e-child\" data-id=\"19eeb13\" data-element_type=\"container\" data-e-type=\"container\">\n\t\t\t\t<div class=\"elementor-element elementor-element-098ce75 elementor-widget elementor-widget-heading\" data-id=\"098ce75\" data-element_type=\"widget\" data-e-type=\"widget\" data-widget_type=\"heading.default\">\n\t\t\t\t<div class=\"elementor-widget-container\">\n\t\t\t\t\t<h2 class=\"elementor-heading-title elementor-size-default\">Vantagens principais\n<\/h2>\t\t\t\t<\/div>\n\t\t\t\t<\/div>\n\t\t\t\t<div class=\"elementor-element elementor-element-18c977c elementor-widget elementor-widget-spacer\" data-id=\"18c977c\" data-element_type=\"widget\" data-e-type=\"widget\" data-widget_type=\"spacer.default\">\n\t\t\t\t<div class=\"elementor-widget-container\">\n\t\t\t\t\t\t\t<div class=\"elementor-spacer\">\n\t\t\t<div class=\"elementor-spacer-inner\"><\/div>\n\t\t<\/div>\n\t\t\t\t\t\t<\/div>\n\t\t\t\t<\/div>\n\t\t\t\t<div class=\"elementor-element elementor-element-cca6b47 elementor-widget elementor-widget-image\" data-id=\"cca6b47\" data-element_type=\"widget\" data-e-type=\"widget\" data-widget_type=\"image.default\">\n\t\t\t\t<div class=\"elementor-widget-container\">\n\t\t\t\t\t\t\t\t\t\t\t\t\t\t\t<img loading=\"lazy\" decoding=\"async\" width=\"689\" height=\"406\" src=\"https:\/\/aquawashtech.com\/wp-content\/uploads\/2024\/09\/1727193122344.png\" class=\"attachment-large size-large wp-image-1936\" alt=\"\" srcset=\"https:\/\/aquawashtech.com\/wp-content\/uploads\/2024\/09\/1727193122344.png 689w, https:\/\/aquawashtech.com\/wp-content\/uploads\/2024\/09\/1727193122344-300x177.png 300w\" sizes=\"(max-width: 689px) 100vw, 689px\" \/>\t\t\t\t\t\t\t\t\t\t\t\t\t\t\t<\/div>\n\t\t\t\t<\/div>\n\t\t\t\t<div class=\"elementor-element elementor-element-a6881b4 elementor-widget elementor-widget-text-editor\" data-id=\"a6881b4\" data-element_type=\"widget\" data-e-type=\"widget\" data-widget_type=\"text-editor.default\">\n\t\t\t\t<div class=\"elementor-widget-container\">\n\t\t\t\t\t\t\t\t\t<h3>Tecnologia patenteada de n\u00facleo auto-desenvolvido<\/h3><h4><span style=\"color: #3366ff;\">Chip de controlo inteligente de microcomputador + sistema de controlo inteligente iCOM2.0<\/span><\/h4><h5>Equipado com capacidade de auto-aprendizagem e itera\u00e7\u00e3o e actualiza\u00e7\u00f5es proactivas<\/h5><h5>-Evolu\u00e7\u00e3o autom\u00e1tica algor\u00edtmica com base no tipo de ve\u00edculo<\/h5><h5>-Analisar a trajet\u00f3ria \u00f3ptima de funcionamento da escova<\/h5><h5>-Calibra\u00e7\u00e3o secund\u00e1ria com dete\u00e7\u00e3o de corrente para ajuste em tempo real da intensidade de lavagem<\/h5><h5>-Assegurar a limpeza e proteger o ve\u00edculo<\/h5>\t\t\t\t\t\t\t\t<\/div>\n\t\t\t\t<\/div>\n\t\t\t\t<\/div>\n\t\t<div class=\"elementor-element elementor-element-d85246b e-con-full e-flex e-con e-child\" data-id=\"d85246b\" data-element_type=\"container\" data-e-type=\"container\">\n\t\t<div class=\"elementor-element elementor-element-9b73eed e-con-full e-flex e-con e-child\" data-id=\"9b73eed\" data-element_type=\"container\" data-e-type=\"container\">\n\t\t\t\t<div class=\"elementor-element elementor-element-dea6320 elementor-widget elementor-widget-heading\" data-id=\"dea6320\" data-element_type=\"widget\" data-e-type=\"widget\" data-widget_type=\"heading.default\">\n\t\t\t\t<div class=\"elementor-widget-container\">\n\t\t\t\t\t<h2 class=\"elementor-heading-title elementor-size-default\">Carater\u00edsticas do produto:<\/h2>\t\t\t\t<\/div>\n\t\t\t\t<\/div>\n\t\t\t\t<\/div>\n\t\t<div class=\"elementor-element elementor-element-b2060e9 e-con-full e-flex e-con e-child\" data-id=\"b2060e9\" data-element_type=\"container\" data-e-type=\"container\">\n\t\t\t\t<div class=\"elementor-element elementor-element-d93172f elementor-widget elementor-widget-spacer\" data-id=\"d93172f\" data-element_type=\"widget\" data-e-type=\"widget\" data-widget_type=\"spacer.default\">\n\t\t\t\t<div class=\"elementor-widget-container\">\n\t\t\t\t\t\t\t<div class=\"elementor-spacer\">\n\t\t\t<div class=\"elementor-spacer-inner\"><\/div>\n\t\t<\/div>\n\t\t\t\t\t\t<\/div>\n\t\t\t\t<\/div>\n\t\t\t\t<div class=\"elementor-element elementor-element-b5a7243 elementor-widget elementor-widget-text-editor\" data-id=\"b5a7243\" data-element_type=\"widget\" data-e-type=\"widget\" data-widget_type=\"text-editor.default\">\n\t\t\t\t<div class=\"elementor-widget-container\">\n\t\t\t\t\t\t\t\t\t<h5 style=\"text-align: left;\"><em>1. pulverizar a espuma de lavagem de autom\u00f3veis a 360 graus.<\/em><\/h5><h5 style=\"text-align: left;\"><em>2. a \u00e1gua a alta press\u00e3o pode remover facilmente a sujidade.<\/em><\/h5><h5 style=\"text-align: left;\"><em>3. rota\u00e7\u00e3o completa de 360\u00b0 em 60 segundos.<\/em><\/h5><h5 style=\"text-align: left;\"><em>4. posicionamento preciso por ultra-sons.<\/em><\/h5><h5 style=\"text-align: left;\"><em>5. opera\u00e7\u00e3o de controlo autom\u00e1tico por computador.<\/em><\/h5><h5 style=\"text-align: left;\"><em>6. sistema \u00fanico de secagem r\u00e1pida ao ar incorporado.<\/em><\/h5>\t\t\t\t\t\t\t\t<\/div>\n\t\t\t\t<\/div>\n\t\t\t\t<div class=\"elementor-element elementor-element-44a63ec elementor-widget elementor-widget-spacer\" data-id=\"44a63ec\" data-element_type=\"widget\" data-e-type=\"widget\" data-widget_type=\"spacer.default\">\n\t\t\t\t<div class=\"elementor-widget-container\">\n\t\t\t\t\t\t\t<div class=\"elementor-spacer\">\n\t\t\t<div class=\"elementor-spacer-inner\"><\/div>\n\t\t<\/div>\n\t\t\t\t\t\t<\/div>\n\t\t\t\t<\/div>\n\t\t\t\t<div class=\"elementor-element elementor-element-ac8cec7 elementor-widget elementor-widget-video\" data-id=\"ac8cec7\" data-element_type=\"widget\" data-e-type=\"widget\" data-settings=\"{&quot;youtube_url&quot;:&quot;https:\\\/\\\/www.youtube.com\\\/watch?v=UDIsSM4cbNY&quot;,&quot;autoplay&quot;:&quot;yes&quot;,&quot;mute&quot;:&quot;yes&quot;,&quot;loop&quot;:&quot;yes&quot;,&quot;video_type&quot;:&quot;youtube&quot;,&quot;controls&quot;:&quot;yes&quot;}\" data-widget_type=\"video.default\">\n\t\t\t\t<div class=\"elementor-widget-container\">\n\t\t\t\t\t\t\t<div class=\"elementor-wrapper elementor-open-inline\">\n\t\t\t<div class=\"elementor-video\"><\/div>\t\t<\/div>\n\t\t\t\t\t\t<\/div>\n\t\t\t\t<\/div>\n\t\t\t\t<\/div>\n\t\t\t\t<\/div>\n\t\t\t\t\t<\/div>\n\t\t\t\t<\/div>\n\t\t<div class=\"elementor-element elementor-element-5bd5572 e-flex e-con-boxed e-con e-parent\" data-id=\"5bd5572\" data-element_type=\"container\" data-e-type=\"container\">\n\t\t\t\t\t<div class=\"e-con-inner\">\n\t\t<div class=\"elementor-element elementor-element-f0e8495 e-con-full e-flex e-con e-child\" data-id=\"f0e8495\" data-element_type=\"container\" data-e-type=\"container\">\n\t\t\t\t<div class=\"elementor-element elementor-element-e4d66ec elementor-widget elementor-widget-heading\" data-id=\"e4d66ec\" data-element_type=\"widget\" data-e-type=\"widget\" data-widget_type=\"heading.default\">\n\t\t\t\t<div class=\"elementor-widget-container\">\n\t\t\t\t\t<h2 class=\"elementor-heading-title elementor-size-default\">Potente mas SILENCIOSO!!!!!!\n\n\n<\/h2>\t\t\t\t<\/div>\n\t\t\t\t<\/div>\n\t\t\t\t<div class=\"elementor-element elementor-element-6fa8c32 elementor-widget elementor-widget-image\" data-id=\"6fa8c32\" data-element_type=\"widget\" data-e-type=\"widget\" data-widget_type=\"image.default\">\n\t\t\t\t<div class=\"elementor-widget-container\">\n\t\t\t\t\t\t\t\t\t\t\t\t\t\t\t<img loading=\"lazy\" decoding=\"async\" width=\"800\" height=\"545\" src=\"https:\/\/aquawashtech.com\/wp-content\/uploads\/2024\/09\/\u56fe\u72471-2-1024x697.png\" class=\"attachment-large size-large wp-image-1946\" alt=\"\" srcset=\"https:\/\/aquawashtech.com\/wp-content\/uploads\/2024\/09\/\u56fe\u72471-2-1024x697.png 1024w, https:\/\/aquawashtech.com\/wp-content\/uploads\/2024\/09\/\u56fe\u72471-2-300x204.png 300w, https:\/\/aquawashtech.com\/wp-content\/uploads\/2024\/09\/\u56fe\u72471-2-768x523.png 768w, https:\/\/aquawashtech.com\/wp-content\/uploads\/2024\/09\/\u56fe\u72471-2-1536x1045.png 1536w, https:\/\/aquawashtech.com\/wp-content\/uploads\/2024\/09\/\u56fe\u72471-2-2048x1394.png 2048w\" sizes=\"(max-width: 800px) 100vw, 800px\" \/>\t\t\t\t\t\t\t\t\t\t\t\t\t\t\t<\/div>\n\t\t\t\t<\/div>\n\t\t\t\t<\/div>\n\t\t<div class=\"elementor-element elementor-element-c100bf3 e-con-full e-flex e-con e-child\" data-id=\"c100bf3\" data-element_type=\"container\" data-e-type=\"container\">\n\t\t\t\t<div class=\"elementor-element elementor-element-7edc4a2 elementor-widget elementor-widget-text-editor\" data-id=\"7edc4a2\" data-element_type=\"widget\" data-e-type=\"widget\" data-widget_type=\"text-editor.default\">\n\t\t\t\t<div class=\"elementor-widget-container\">\n\t\t\t\t\t\t\t\t\t<h3><span style=\"color: #333399;\"><b>Secagem patenteada de baixo ru\u00eddo e alta pot\u00eancia com uma pot\u00eancia total de apenas 12KW<\/b><\/span><\/h3>\t\t\t\t\t\t\t\t<\/div>\n\t\t\t\t<\/div>\n\t\t\t\t<div class=\"elementor-element elementor-element-692715b elementor-widget elementor-widget-image\" data-id=\"692715b\" data-element_type=\"widget\" data-e-type=\"widget\" data-widget_type=\"image.default\">\n\t\t\t\t<div class=\"elementor-widget-container\">\n\t\t\t\t\t\t\t\t\t\t\t\t\t\t\t<img loading=\"lazy\" decoding=\"async\" width=\"711\" height=\"434\" src=\"https:\/\/aquawashtech.com\/wp-content\/uploads\/2024\/09\/1727193953248.png\" class=\"attachment-large size-large wp-image-1948\" alt=\"\" srcset=\"https:\/\/aquawashtech.com\/wp-content\/uploads\/2024\/09\/1727193953248.png 711w, https:\/\/aquawashtech.com\/wp-content\/uploads\/2024\/09\/1727193953248-300x183.png 300w\" sizes=\"(max-width: 711px) 100vw, 711px\" \/>\t\t\t\t\t\t\t\t\t\t\t\t\t\t\t<\/div>\n\t\t\t\t<\/div>\n\t\t\t\t<\/div>\n\t\t\t\t\t<\/div>\n\t\t\t\t<\/div>\n\t\t<div class=\"elementor-element elementor-element-de8cc4c e-flex e-con-boxed e-con e-parent\" data-id=\"de8cc4c\" data-element_type=\"container\" data-e-type=\"container\">\n\t\t\t\t\t<div class=\"e-con-inner\">\n\t\t\t\t<div class=\"elementor-element elementor-element-51be31e elementor-widget elementor-widget-image\" data-id=\"51be31e\" data-element_type=\"widget\" data-e-type=\"widget\" data-widget_type=\"image.default\">\n\t\t\t\t<div class=\"elementor-widget-container\">\n\t\t\t\t\t\t\t\t\t\t\t\t\t\t\t<img loading=\"lazy\" decoding=\"async\" width=\"800\" height=\"363\" src=\"https:\/\/aquawashtech.com\/wp-content\/uploads\/2024\/09\/1727194764831-1024x464.png\" class=\"attachment-large size-large wp-image-1956\" alt=\"\" srcset=\"https:\/\/aquawashtech.com\/wp-content\/uploads\/2024\/09\/1727194764831-1024x464.png 1024w, https:\/\/aquawashtech.com\/wp-content\/uploads\/2024\/09\/1727194764831-300x136.png 300w, https:\/\/aquawashtech.com\/wp-content\/uploads\/2024\/09\/1727194764831-768x348.png 768w, https:\/\/aquawashtech.com\/wp-content\/uploads\/2024\/09\/1727194764831-1536x695.png 1536w, https:\/\/aquawashtech.com\/wp-content\/uploads\/2024\/09\/1727194764831.png 1915w\" sizes=\"(max-width: 800px) 100vw, 800px\" \/>\t\t\t\t\t\t\t\t\t\t\t\t\t\t\t<\/div>\n\t\t\t\t<\/div>\n\t\t\t\t\t<\/div>\n\t\t\t\t<\/div>\n\t\t<div class=\"elementor-element elementor-element-453bbb28 e-flex e-con-boxed e-con e-parent\" data-id=\"453bbb28\" data-element_type=\"container\" data-e-type=\"container\">\n\t\t\t\t\t<div class=\"e-con-inner\">\n\t\t<div class=\"elementor-element elementor-element-1ec2cf6 e-flex e-con-boxed e-con e-child\" data-id=\"1ec2cf6\" data-element_type=\"container\" data-e-type=\"container\">\n\t\t\t\t\t<div class=\"e-con-inner\">\n\t\t\t\t<div class=\"elementor-element elementor-element-458f68d4 elementor-widget elementor-widget-heading\" data-id=\"458f68d4\" data-element_type=\"widget\" data-e-type=\"widget\" data-widget_type=\"heading.default\">\n\t\t\t\t<div class=\"elementor-widget-container\">\n\t\t\t\t\t<h2 class=\"elementor-heading-title elementor-size-default\">N\u00e3o hesite em contactar-nos<\/h2>\t\t\t\t<\/div>\n\t\t\t\t<\/div>\n\t\t\t\t<div class=\"elementor-element elementor-element-751d410c elementor-widget elementor-widget-text-editor\" data-id=\"751d410c\" data-element_type=\"widget\" data-e-type=\"widget\" data-widget_type=\"text-editor.default\">\n\t\t\t\t<div class=\"elementor-widget-container\">\n\t\t\t\t\t\t\t\t\t<p>Quer esteja a explorar novas tecnologias ou a procurar apoio de servi\u00e7os, fornecemos respostas claras e concisas para manter as suas opera\u00e7\u00f5es a funcionar sem problemas. Para uma assist\u00eancia mais personalizada, sinta-se \u00e0 vontade para nos contactar - estamos aqui para o ajudar a atingir a m\u00e1xima efici\u00eancia e rentabilidade.<\/p>\t\t\t\t\t\t\t\t<\/div>\n\t\t\t\t<\/div>\n\t\t\t\t<div class=\"elementor-element elementor-element-22841faf elementor-align-center elementor-widget elementor-widget-button\" data-id=\"22841faf\" data-element_type=\"widget\" data-e-type=\"widget\" data-widget_type=\"button.default\">\n\t\t\t\t<div class=\"elementor-widget-container\">\n\t\t\t\t\t\t\t\t\t<div class=\"elementor-button-wrapper\">\n\t\t\t\t\t<a class=\"elementor-button elementor-button-link elementor-size-sm\" href=\"#elementor-action%3Aaction%3Dpopup%3Aopen%26settings%3DeyJpZCI6IjQ4OCIsInRvZ2dsZSI6ZmFsc2V9\" target=\"_blank\">\n\t\t\t\t\t\t<span class=\"elementor-button-content-wrapper\">\n\t\t\t\t\t\t<span class=\"elementor-button-icon\">\n\t\t\t\t<i aria-hidden=\"true\" class=\"jki jki-right-arrow-light\"><\/i>\t\t\t<\/span>\n\t\t\t\t\t\t\t\t\t<span class=\"elementor-button-text\">Enviar o seu pedido de informa\u00e7\u00e3o<\/span>\n\t\t\t\t\t<\/span>\n\t\t\t\t\t<\/a>\n\t\t\t\t<\/div>\n\t\t\t\t\t\t\t\t<\/div>\n\t\t\t\t<\/div>\n\t\t\t\t\t<\/div>\n\t\t\t\t<\/div>\n\t\t\t\t\t<\/div>\n\t\t\t\t<\/div>\n\t\t\t\t<\/div>","protected":false},"excerpt":{"rendered":"<p>Touchless Single Arm Car Wash Machine Cleaning targets: sedans, taxis, SUVs, MPVs, and vansEquipment dimensions: 6.2m (L) x 3.35m (W) x 3m (H)Track dimensions: 6mPower rating: 13Kw\/hInstallation requirements: length &gt; 6.2m, width &gt; 3.5m, height &gt; 3.1mElectrical specifications: 380V, 50Hz, 3L, N, PE, three-phase five-wire\u00a0 (NEEDS CUSTOM FOR DIFFERENT COUNTRY) Washing method: 360\u00b0 surround washWashing [&hellip;]<\/p>","protected":false},"author":1,"featured_media":0,"parent":0,"menu_order":0,"comment_status":"closed","ping_status":"closed","template":"","meta":{"_seopress_robots_primary_cat":"","_seopress_titles_title":"","_seopress_titles_desc":"","_seopress_robots_index":"","_seopress_analysis_target_kw":"","footnotes":""},"class_list":["post-1486","page","type-page","status-publish","hentry"],"_links":{"self":[{"href":"https:\/\/aquawashtech.com\/pt\/wp-json\/wp\/v2\/pages\/1486","targetHints":{"allow":["GET"]}}],"collection":[{"href":"https:\/\/aquawashtech.com\/pt\/wp-json\/wp\/v2\/pages"}],"about":[{"href":"https:\/\/aquawashtech.com\/pt\/wp-json\/wp\/v2\/types\/page"}],"author":[{"embeddable":true,"href":"https:\/\/aquawashtech.com\/pt\/wp-json\/wp\/v2\/users\/1"}],"replies":[{"embeddable":true,"href":"https:\/\/aquawashtech.com\/pt\/wp-json\/wp\/v2\/comments?post=1486"}],"version-history":[{"count":31,"href":"https:\/\/aquawashtech.com\/pt\/wp-json\/wp\/v2\/pages\/1486\/revisions"}],"predecessor-version":[{"id":1962,"href":"https:\/\/aquawashtech.com\/pt\/wp-json\/wp\/v2\/pages\/1486\/revisions\/1962"}],"wp:attachment":[{"href":"https:\/\/aquawashtech.com\/pt\/wp-json\/wp\/v2\/media?parent=1486"}],"curies":[{"name":"wp","href":"https:\/\/api.w.org\/{rel}","templated":true}]}}