{"id":1444,"date":"2024-09-14T17:27:49","date_gmt":"2024-09-14T09:27:49","guid":{"rendered":"https:\/\/aquawashtech.com\/?page_id=1444"},"modified":"2024-12-11T16:16:42","modified_gmt":"2024-12-11T08:16:42","slug":"faq","status":"publish","type":"page","link":"https:\/\/aquawashtech.com\/pt\/faq\/","title":{"rendered":"Perguntas frequentes"},"content":{"rendered":"<div data-elementor-type=\"wp-page\" data-elementor-id=\"1444\" class=\"elementor elementor-1444\" data-elementor-post-type=\"page\">\n\t\t\t\t<div class=\"elementor-element elementor-element-f4db74c e-con-full e-flex e-con e-parent\" data-id=\"f4db74c\" data-element_type=\"container\" data-e-type=\"container\" data-settings=\"{&quot;background_background&quot;:&quot;classic&quot;}\">\n\t\t\t\t<div class=\"elementor-element elementor-element-4da9aff9 elementor-widget elementor-widget-heading\" data-id=\"4da9aff9\" data-element_type=\"widget\" data-e-type=\"widget\" data-widget_type=\"heading.default\">\n\t\t\t\t<div class=\"elementor-widget-container\">\n\t\t\t\t\t<h1 class=\"elementor-heading-title elementor-size-default\">Perguntas frequentes<\/h1>\t\t\t\t<\/div>\n\t\t\t\t<\/div>\n\t\t\t\t<div class=\"elementor-element elementor-element-678300ff elementor-icon-list--layout-inline elementor-align-center elementor-list-item-link-full_width elementor-widget elementor-widget-icon-list\" data-id=\"678300ff\" data-element_type=\"widget\" data-e-type=\"widget\" data-widget_type=\"icon-list.default\">\n\t\t\t\t<div class=\"elementor-widget-container\">\n\t\t\t\t\t\t\t<ul class=\"elementor-icon-list-items elementor-inline-items\">\n\t\t\t\t\t\t\t<li class=\"elementor-icon-list-item elementor-inline-item\">\n\t\t\t\t\t\t\t\t\t\t\t<a href=\"#\">\n\n\t\t\t\t\t\t\t\t\t\t\t<span class=\"elementor-icon-list-text\"><\/span>\n\t\t\t\t\t\t\t\t\t\t\t<\/a>\n\t\t\t\t\t\t\t\t\t<\/li>\n\t\t\t\t\t\t\t\t<li class=\"elementor-icon-list-item elementor-inline-item\">\n\t\t\t\t\t\t\t\t\t\t<span class=\"elementor-icon-list-text\"><\/span>\n\t\t\t\t\t\t\t\t\t<\/li>\n\t\t\t\t\t\t<\/ul>\n\t\t\t\t\t\t<\/div>\n\t\t\t\t<\/div>\n\t\t\t\t<\/div>\n\t\t<div class=\"elementor-element elementor-element-280e38fc e-flex e-con-boxed e-con e-parent\" data-id=\"280e38fc\" data-element_type=\"container\" data-e-type=\"container\">\n\t\t\t\t\t<div class=\"e-con-inner\">\n\t\t<div class=\"elementor-element elementor-element-6167bc39 e-con-full e-flex e-con e-child\" data-id=\"6167bc39\" data-element_type=\"container\" data-e-type=\"container\">\n\t\t<div class=\"elementor-element elementor-element-23b3a55e e-flex e-con-boxed e-con e-child\" data-id=\"23b3a55e\" data-element_type=\"container\" data-e-type=\"container\">\n\t\t\t\t\t<div class=\"e-con-inner\">\n\t\t\t\t<div class=\"elementor-element elementor-element-2beec55c elementor-widget elementor-widget-heading\" data-id=\"2beec55c\" data-element_type=\"widget\" data-e-type=\"widget\" data-widget_type=\"heading.default\">\n\t\t\t\t<div class=\"elementor-widget-container\">\n\t\t\t\t\t<h2 class=\"elementor-heading-title elementor-size-default\">O seu guia para solu\u00e7\u00f5es de lavagem de autom\u00f3veis mais inteligentes<\/h2>\t\t\t\t<\/div>\n\t\t\t\t<\/div>\n\t\t\t\t\t<\/div>\n\t\t\t\t<\/div>\n\t\t\t\t<div class=\"elementor-element elementor-element-480101e0 elementor-widget elementor-widget-text-editor\" data-id=\"480101e0\" data-element_type=\"widget\" data-e-type=\"widget\" data-widget_type=\"text-editor.default\">\n\t\t\t\t<div class=\"elementor-widget-container\">\n\t\t\t\t\t\t\t\t\t<p><span data-slate-fragment=\"JTVCJTdCJTIydHlwZSUyMiUzQSUyMnBhcmFncmFwaCUyMiUyQyUyMmNoaWxkcmVuJTIyJTNBJTVCJTdCJTIydGV4dCUyMiUzQSUyMmF2aWdhdGUlMjB5b3VyJTIwcGF0aCUyMHRvJTIwc3VjY2VzcyUyMHdpdGglMjBvdXIlMjBkZXRhaWxlZCUyMEZBUXMlMkMlMjBkZXNpZ25lZCUyMHRvJTIwaGVscCUyMHlvdSUyMGdldCUyMHRoZSUyMG1vc3QlMjBmcm9tJTIwQVFVQUNBUldBU0guJTIwRnJvbSUyMHByb2R1Y3QlMjBmZWF0dXJlcyUyMHRvJTIwbWFpbnRlbmFuY2UlMjB0aXBzJTJDJTIwd2UlMjBjb3ZlciUyMGV2ZXJ5dGhpbmclMjB5b3UlMjBuZWVkJTIwdG8lMjBrbm93JTIwdG8lMjBvcHRpbWl6ZSUyMHlvdXIlMjBidXNpbmVzcy4lMjIlN0QlNUQlN0QlNUQ=\">Navegue no seu caminho para o sucesso com as nossas FAQs detalhadas, concebidas para o ajudar a tirar o m\u00e1ximo partido do AQUACARWASH. Desde as carater\u00edsticas do produto at\u00e9 \u00e0s dicas de manuten\u00e7\u00e3o, cobrimos tudo o que precisa de saber para otimizar o seu neg\u00f3cio.<\/span><\/p>\t\t\t\t\t\t\t\t<\/div>\n\t\t\t\t<\/div>\n\t\t\t\t<div class=\"elementor-element elementor-element-6432dfc8 elementor-widget elementor-widget-button\" data-id=\"6432dfc8\" data-element_type=\"widget\" data-e-type=\"widget\" data-widget_type=\"button.default\">\n\t\t\t\t<div class=\"elementor-widget-container\">\n\t\t\t\t\t\t\t\t\t<div class=\"elementor-button-wrapper\">\n\t\t\t\t\t<a class=\"elementor-button elementor-button-link elementor-size-sm\" href=\"#elementor-action%3Aaction%3Dpopup%3Aopen%26settings%3DeyJpZCI6IjQ4OCIsInRvZ2dsZSI6ZmFsc2V9\" target=\"_blank\">\n\t\t\t\t\t\t<span class=\"elementor-button-content-wrapper\">\n\t\t\t\t\t\t<span class=\"elementor-button-icon\">\n\t\t\t\t<i aria-hidden=\"true\" class=\"jki jki-right-arrow-light\"><\/i>\t\t\t<\/span>\n\t\t\t\t\t\t\t\t\t<span class=\"elementor-button-text\">Enviar o seu pedido de informa\u00e7\u00e3o<\/span>\n\t\t\t\t\t<\/span>\n\t\t\t\t\t<\/a>\n\t\t\t\t<\/div>\n\t\t\t\t\t\t\t\t<\/div>\n\t\t\t\t<\/div>\n\t\t\t\t<\/div>\n\t\t<div class=\"elementor-element elementor-element-21814c79 e-con-full e-flex e-con e-child\" data-id=\"21814c79\" data-element_type=\"container\" data-e-type=\"container\">\n\t\t\t\t<div class=\"elementor-element elementor-element-40644a9d elementor-widget elementor-widget-tfaccordion\" data-id=\"40644a9d\" data-element_type=\"widget\" data-e-type=\"widget\" data-widget_type=\"tfaccordion.default\">\n\t\t\t\t<div class=\"elementor-widget-container\">\n\t\t\t\t\t<div class=\"tf-accordion\"> \r\n\t\t\t\t<div class=\"tf-accordion-item\"><div class=\"accordion-title icon_after\"><span class=\"title-text\">Qual \u00e9 o prazo de entrega da m\u00e1quina de lavar autom\u00f3veis?<\/span> \t\t\r\n\t\t\t\t<span class=\"wrap-accordion-icon wrap-accordion-icon-right\">\t\t\r\n\t\t\t\t<span class=\"accordion-icon accordion-icon-close\"><i class=\"icon icon-plus-circle\"><\/i><\/span>\r\n\t\t\t\t<span class=\"accordion-icon accordion-icon-open\"><i class=\"jki jki-circle-minus-light\"><\/i><\/span>\r\n\t\t\t\t<\/span><\/div> <div class=\"accordion-content\"><p>Normalmente, o nosso tempo de produ\u00e7\u00e3o \u00e9 de 15-30 dias, dependendo da necessidade de personalizar as especifica\u00e7\u00f5es de eletricidade para os nossos clientes.<\/p><\/div><\/div><div class=\"tf-accordion-item active\"><div class=\"accordion-title icon_after active\"><span class=\"title-text\">Que informa\u00e7\u00f5es devem os clientes confirmar antes de iniciarem uma atividade de lavagem autom\u00e1tica de autom\u00f3veis?<\/span> \t\t\r\n\t\t\t\t<span class=\"wrap-accordion-icon wrap-accordion-icon-right\">\t\t\r\n\t\t\t\t<span class=\"accordion-icon accordion-icon-close\"><i class=\"icon icon-plus-circle\"><\/i><\/span>\r\n\t\t\t\t<span class=\"accordion-icon accordion-icon-open\"><i class=\"jki jki-circle-minus-light\"><\/i><\/span>\r\n\t\t\t\t<\/span><\/div> <div class=\"accordion-content\"><p>Uma vez que cada pa\u00eds tem diferentes padr\u00f5es de tens\u00e3o e frequ\u00eancia, os clientes precisam de confirmar a tens\u00e3o e frequ\u00eancia locais antes de comprar uma m\u00e1quina de lavagem de carros totalmente autom\u00e1tica. Especificamente, a m\u00e1quina requer tens\u00e3o trif\u00e1sica, n\u00e3o tens\u00e3o residencial.<\/p><\/div><\/div><div class=\"tf-accordion-item\"><div class=\"accordion-title icon_after\"><span class=\"title-text\">O que \u00e9 melhor: uma m\u00e1quina de lavagem autom\u00e1tica de autom\u00f3veis sem contacto ou uma m\u00e1quina de lavagem autom\u00e1tica de autom\u00f3veis com escova?<\/span> \t\t\r\n\t\t\t\t<span class=\"wrap-accordion-icon wrap-accordion-icon-right\">\t\t\r\n\t\t\t\t<span class=\"accordion-icon accordion-icon-close\"><i class=\"icon icon-plus-circle\"><\/i><\/span>\r\n\t\t\t\t<span class=\"accordion-icon accordion-icon-open\"><i class=\"jki jki-circle-minus-light\"><\/i><\/span>\r\n\t\t\t\t<\/span><\/div> <div class=\"accordion-content\"><div class=\"flex max-w-full flex-col flex-grow\"><div class=\"min-h-[20px] text-message flex w-full flex-col items-end gap-2 whitespace-normal break-words [.text-message+&amp;]:mt-5\" dir=\"auto\" data-message-author-role=\"assistant\" data-message-id=\"0ac48832-483f-4f46-ba3d-1b2a71a7a4c9\"><div class=\"flex w-full flex-col gap-1 empty:hidden first:pt-[3px]\"><div class=\"markdown prose w-full break-words dark:prose-invert light\"><p>Esta \u00e9 uma pergunta frequente: as m\u00e1quinas de lavar autom\u00f3veis sem contacto tendem a ter custos operacionais mais baixos em compara\u00e7\u00e3o com as m\u00e1quinas de lavar autom\u00f3veis com escova. No entanto, as m\u00e1quinas de lavagem de autom\u00f3veis com escovas oferecem geralmente um melhor desempenho de limpeza do que as m\u00e1quinas sem contacto.<\/p><\/div><\/div><\/div><\/div><div class=\"mt-1 flex gap-3 empty:hidden -ml-2\"><div class=\"items-center justify-start rounded-xl p-1 flex\"><div class=\"flex items-center\"><div class=\"flex items-center pb-0\"><span class=\"overflow-hidden text-clip whitespace-nowrap text-sm\">4o<\/span><\/div><\/div><\/div><\/div><\/div><\/div><div class=\"tf-accordion-item\"><div class=\"accordion-title icon_after\"><span class=\"title-text\">Iremos fornecer uma orienta\u00e7\u00e3o completa?<\/span> \t\t\r\n\t\t\t\t<span class=\"wrap-accordion-icon wrap-accordion-icon-right\">\t\t\r\n\t\t\t\t<span class=\"accordion-icon accordion-icon-close\"><i class=\"icon icon-plus-circle\"><\/i><\/span>\r\n\t\t\t\t<span class=\"accordion-icon accordion-icon-open\"><i class=\"jki jki-circle-minus-light\"><\/i><\/span>\r\n\t\t\t\t<\/span><\/div> <div class=\"accordion-content\"><p>Sim, temos uma equipa profissional de p\u00f3s-venda, incluindo engenheiros e representantes do servi\u00e7o de apoio ao cliente. Quer seja durante o transporte ou a instala\u00e7\u00e3o, se os clientes se depararem com quaisquer problemas, fornecer-lhes-emos prontamente solu\u00e7\u00f5es relevantes.<\/p><\/div><\/div>\r\n            <\/div>\t\t\t\t<\/div>\n\t\t\t\t<\/div>\n\t\t\t\t<\/div>\n\t\t\t\t\t<\/div>\n\t\t\t\t<\/div>\n\t\t<div class=\"elementor-element elementor-element-33fd108f e-flex e-con-boxed e-con e-parent\" data-id=\"33fd108f\" data-element_type=\"container\" data-e-type=\"container\">\n\t\t\t\t\t<div class=\"e-con-inner\">\n\t\t<div class=\"elementor-element elementor-element-794c027 e-flex e-con-boxed e-con e-child\" data-id=\"794c027\" data-element_type=\"container\" data-e-type=\"container\">\n\t\t\t\t\t<div class=\"e-con-inner\">\n\t\t\t\t<div class=\"elementor-element elementor-element-571d8016 elementor-widget elementor-widget-heading\" data-id=\"571d8016\" data-element_type=\"widget\" data-e-type=\"widget\" data-widget_type=\"heading.default\">\n\t\t\t\t<div class=\"elementor-widget-container\">\n\t\t\t\t\t<h2 class=\"elementor-heading-title elementor-size-default\">N\u00e3o hesite em contactar-nos<\/h2>\t\t\t\t<\/div>\n\t\t\t\t<\/div>\n\t\t\t\t<div class=\"elementor-element elementor-element-1de4bc49 elementor-widget elementor-widget-text-editor\" data-id=\"1de4bc49\" data-element_type=\"widget\" data-e-type=\"widget\" data-widget_type=\"text-editor.default\">\n\t\t\t\t<div class=\"elementor-widget-container\">\n\t\t\t\t\t\t\t\t\t<p>Quer esteja a explorar novas tecnologias ou a procurar apoio de servi\u00e7os, fornecemos respostas claras e concisas para manter as suas opera\u00e7\u00f5es a funcionar sem problemas. Para uma assist\u00eancia mais personalizada, sinta-se \u00e0 vontade para nos contactar - estamos aqui para o ajudar a atingir a m\u00e1xima efici\u00eancia e rentabilidade.<\/p>\t\t\t\t\t\t\t\t<\/div>\n\t\t\t\t<\/div>\n\t\t\t\t<div class=\"elementor-element elementor-element-1e1787f2 elementor-align-center elementor-widget elementor-widget-button\" data-id=\"1e1787f2\" data-element_type=\"widget\" data-e-type=\"widget\" data-widget_type=\"button.default\">\n\t\t\t\t<div class=\"elementor-widget-container\">\n\t\t\t\t\t\t\t\t\t<div class=\"elementor-button-wrapper\">\n\t\t\t\t\t<a class=\"elementor-button elementor-button-link elementor-size-sm\" href=\"#elementor-action%3Aaction%3Dpopup%3Aopen%26settings%3DeyJpZCI6IjQ4OCIsInRvZ2dsZSI6ZmFsc2V9\" target=\"_blank\">\n\t\t\t\t\t\t<span class=\"elementor-button-content-wrapper\">\n\t\t\t\t\t\t<span class=\"elementor-button-icon\">\n\t\t\t\t<i aria-hidden=\"true\" class=\"jki jki-right-arrow-light\"><\/i>\t\t\t<\/span>\n\t\t\t\t\t\t\t\t\t<span class=\"elementor-button-text\">Enviar o seu pedido de informa\u00e7\u00e3o<\/span>\n\t\t\t\t\t<\/span>\n\t\t\t\t\t<\/a>\n\t\t\t\t<\/div>\n\t\t\t\t\t\t\t\t<\/div>\n\t\t\t\t<\/div>\n\t\t\t\t\t<\/div>\n\t\t\t\t<\/div>\n\t\t\t\t\t<\/div>\n\t\t\t\t<\/div>\n\t\t\t\t<\/div>","protected":false},"excerpt":{"rendered":"<p>Frequently Asked Questions Your Guide to Smarter Car Wash Solutions Navigate your path to success with our detailed FAQs, designed to help you get the most from AQUACARWASH. From product features to maintenance tips, we cover everything you need to know to optimize your business. Submit Your Inquiry What is the leading time for auto [&hellip;]<\/p>","protected":false},"author":1,"featured_media":0,"parent":0,"menu_order":0,"comment_status":"closed","ping_status":"closed","template":"","meta":{"_seopress_robots_primary_cat":"","_seopress_titles_title":"","_seopress_titles_desc":"","_seopress_robots_index":"","_seopress_analysis_target_kw":"","footnotes":""},"class_list":["post-1444","page","type-page","status-publish","hentry"],"_links":{"self":[{"href":"https:\/\/aquawashtech.com\/pt\/wp-json\/wp\/v2\/pages\/1444","targetHints":{"allow":["GET"]}}],"collection":[{"href":"https:\/\/aquawashtech.com\/pt\/wp-json\/wp\/v2\/pages"}],"about":[{"href":"https:\/\/aquawashtech.com\/pt\/wp-json\/wp\/v2\/types\/page"}],"author":[{"embeddable":true,"href":"https:\/\/aquawashtech.com\/pt\/wp-json\/wp\/v2\/users\/1"}],"replies":[{"embeddable":true,"href":"https:\/\/aquawashtech.com\/pt\/wp-json\/wp\/v2\/comments?post=1444"}],"version-history":[{"count":29,"href":"https:\/\/aquawashtech.com\/pt\/wp-json\/wp\/v2\/pages\/1444\/revisions"}],"predecessor-version":[{"id":2132,"href":"https:\/\/aquawashtech.com\/pt\/wp-json\/wp\/v2\/pages\/1444\/revisions\/2132"}],"wp:attachment":[{"href":"https:\/\/aquawashtech.com\/pt\/wp-json\/wp\/v2\/media?parent=1444"}],"curies":[{"name":"wp","href":"https:\/\/api.w.org\/{rel}","templated":true}]}}