{"id":1191,"date":"2024-09-08T22:56:27","date_gmt":"2024-09-08T14:56:27","guid":{"rendered":"https:\/\/aquawashtech.com\/?page_id=1191"},"modified":"2025-01-16T16:19:13","modified_gmt":"2025-01-16T08:19:13","slug":"circa","status":"publish","type":"page","link":"https:\/\/aquawashtech.com\/it\/circa\/","title":{"rendered":"Chi siamo"},"content":{"rendered":"<div data-elementor-type=\"wp-page\" data-elementor-id=\"1191\" class=\"elementor elementor-1191\" data-elementor-post-type=\"page\">\n\t\t\t\t<div class=\"elementor-element elementor-element-194255f0 e-flex e-con-boxed e-con e-parent\" data-id=\"194255f0\" data-element_type=\"container\" data-e-type=\"container\" data-settings=\"{&quot;background_background&quot;:&quot;slideshow&quot;,&quot;background_slideshow_gallery&quot;:[{&quot;id&quot;:1150,&quot;url&quot;:&quot;https:\\\/\\\/aquawashtech.com\\\/wp-content\\\/uploads\\\/2024\\\/09\\\/banner2.png&quot;}],&quot;background_slideshow_loop&quot;:&quot;yes&quot;,&quot;background_slideshow_slide_duration&quot;:5000,&quot;background_slideshow_slide_transition&quot;:&quot;fade&quot;,&quot;background_slideshow_transition_duration&quot;:500}\">\n\t\t\t\t\t<div class=\"e-con-inner\">\n\t\t<div class=\"elementor-element elementor-element-161c4d47 e-flex e-con-boxed e-con e-child\" data-id=\"161c4d47\" data-element_type=\"container\" data-e-type=\"container\">\n\t\t\t\t\t<div class=\"e-con-inner\">\n\t\t\t\t<div class=\"elementor-element elementor-element-6ff58831 elementor-invisible elementor-widget elementor-widget-elementskit-heading\" data-id=\"6ff58831\" data-element_type=\"widget\" data-e-type=\"widget\" data-settings=\"{&quot;_animation&quot;:&quot;fadeInUp&quot;}\" data-widget_type=\"elementskit-heading.default\">\n\t\t\t\t<div class=\"elementor-widget-container\">\n\t\t\t\t\t<div class=\"ekit-wid-con\" ><div class=\"ekit-heading elementskit-section-title-wraper text_center   ekit_heading_tablet-   ekit_heading_mobile-\"><h1 class=\"ekit-heading--title elementskit-section-title text_fill\">  <span><span>AQUAWASHTECH<\/span><\/span><\/h1><\/div><\/div>\t\t\t\t<\/div>\n\t\t\t\t<\/div>\n\t\t\t\t<div class=\"elementor-element elementor-element-1ab62a5f elementor-widget elementor-widget-heading\" data-id=\"1ab62a5f\" data-element_type=\"widget\" data-e-type=\"widget\" data-widget_type=\"heading.default\">\n\t\t\t\t<div class=\"elementor-widget-container\">\n\t\t\t\t\t<div class=\"elementor-heading-title elementor-size-default\">Siamo un gruppo cinese che si occupa di progettazione, produzione e commercializzazione di soluzioni per il lavaggio e la cura dei veicoli.<\/div>\t\t\t\t<\/div>\n\t\t\t\t<\/div>\n\t\t\t\t\t<\/div>\n\t\t\t\t<\/div>\n\t\t\t\t\t<\/div>\n\t\t\t\t<\/div>\n\t\t<div class=\"elementor-element elementor-element-1bb81cf0 e-flex e-con-boxed e-con e-parent\" data-id=\"1bb81cf0\" data-element_type=\"container\" data-e-type=\"container\">\n\t\t\t\t\t<div class=\"e-con-inner\">\n\t\t<div class=\"elementor-element elementor-element-8421b4a e-con-full e-flex e-con e-child\" data-id=\"8421b4a\" data-element_type=\"container\" data-e-type=\"container\">\n\t\t\t\t<div class=\"elementor-element elementor-element-301b0d7a elementor-widget elementor-widget-image\" data-id=\"301b0d7a\" data-element_type=\"widget\" data-e-type=\"widget\" data-widget_type=\"image.default\">\n\t\t\t\t<div class=\"elementor-widget-container\">\n\t\t\t\t\t\t\t\t\t\t\t\t\t\t\t<img fetchpriority=\"high\" decoding=\"async\" width=\"800\" height=\"600\" src=\"https:\/\/aquawashtech.com\/wp-content\/uploads\/2023\/11\/\u529e\u5462\u5982\u56fe-1024x768.jpg\" class=\"attachment-large size-large wp-image-323\" alt=\"\" srcset=\"https:\/\/aquawashtech.com\/wp-content\/uploads\/2023\/11\/\u529e\u5462\u5982\u56fe-1024x768.jpg 1024w, https:\/\/aquawashtech.com\/wp-content\/uploads\/2023\/11\/\u529e\u5462\u5982\u56fe-300x225.jpg 300w, https:\/\/aquawashtech.com\/wp-content\/uploads\/2023\/11\/\u529e\u5462\u5982\u56fe-768x576.jpg 768w, https:\/\/aquawashtech.com\/wp-content\/uploads\/2023\/11\/\u529e\u5462\u5982\u56fe-1536x1152.jpg 1536w, https:\/\/aquawashtech.com\/wp-content\/uploads\/2023\/11\/\u529e\u5462\u5982\u56fe.jpg 1706w\" sizes=\"(max-width: 800px) 100vw, 800px\" \/>\t\t\t\t\t\t\t\t\t\t\t\t\t\t\t<\/div>\n\t\t\t\t<\/div>\n\t\t\t\t<\/div>\n\t\t<div class=\"elementor-element elementor-element-45ffd320 e-con-full e-flex e-con e-child\" data-id=\"45ffd320\" data-element_type=\"container\" data-e-type=\"container\">\n\t\t\t\t<div class=\"elementor-element elementor-element-2948ca57 elementor-widget elementor-widget-heading\" data-id=\"2948ca57\" data-element_type=\"widget\" data-e-type=\"widget\" data-widget_type=\"heading.default\">\n\t\t\t\t<div class=\"elementor-widget-container\">\n\t\t\t\t\t<h2 class=\"elementor-heading-title elementor-size-default\">Noi di AQUAWASHTECH ci impegniamo per aiutarvi a massimizzare l'efficienza e la redditivit\u00e0. <\/h2>\t\t\t\t<\/div>\n\t\t\t\t<\/div>\n\t\t\t\t<div class=\"elementor-element elementor-element-6bea47b5 elementor-widget elementor-widget-text-editor\" data-id=\"6bea47b5\" data-element_type=\"widget\" data-e-type=\"widget\" data-widget_type=\"text-editor.default\">\n\t\t\t\t<div class=\"elementor-widget-container\">\n\t\t\t\t\t\t\t\t\t<p>Grazie alla nostra struttura all'avanguardia da 12.000\u33a1 e a un processo di produzione snello e intelligente, la vostra azienda beneficia di attrezzature affidabili e ad alte prestazioni. Il nostro team di esperti garantisce che ogni soluzione fornita sia progettata per soddisfare le vostre esigenze specifiche, migliorando il vostro flusso operativo. Sfruttando le nostre soluzioni IoT complete e la nostra solida catena di fornitura, potrete beneficiare di costi ridotti, tempi di inattivit\u00e0 minimi e crescita sostenibile, ponendo la vostra azienda in una posizione di vantaggio rispetto alla concorrenza.<\/p>\t\t\t\t\t\t\t\t<\/div>\n\t\t\t\t<\/div>\n\t\t\t\t<\/div>\n\t\t\t\t\t<\/div>\n\t\t\t\t<\/div>\n\t\t<div class=\"elementor-element elementor-element-3ee6d3f e-flex e-con-boxed e-con e-parent\" data-id=\"3ee6d3f\" data-element_type=\"container\" data-e-type=\"container\">\n\t\t\t\t\t<div class=\"e-con-inner\">\n\t\t\t\t<div class=\"elementor-element elementor-element-1471903 elementor-widget elementor-widget-image\" data-id=\"1471903\" data-element_type=\"widget\" data-e-type=\"widget\" data-widget_type=\"image.default\">\n\t\t\t\t<div class=\"elementor-widget-container\">\n\t\t\t\t\t\t\t\t\t\t\t\t\t\t\t<img decoding=\"async\" width=\"1386\" height=\"779\" src=\"https:\/\/aquawashtech.com\/wp-content\/uploads\/2024\/09\/1726369395240.png\" class=\"attachment-full size-full wp-image-1499\" alt=\"\" srcset=\"https:\/\/aquawashtech.com\/wp-content\/uploads\/2024\/09\/1726369395240.png 1386w, https:\/\/aquawashtech.com\/wp-content\/uploads\/2024\/09\/1726369395240-300x169.png 300w, https:\/\/aquawashtech.com\/wp-content\/uploads\/2024\/09\/1726369395240-1024x576.png 1024w, https:\/\/aquawashtech.com\/wp-content\/uploads\/2024\/09\/1726369395240-768x432.png 768w\" sizes=\"(max-width: 1386px) 100vw, 1386px\" \/>\t\t\t\t\t\t\t\t\t\t\t\t\t\t\t<\/div>\n\t\t\t\t<\/div>\n\t\t\t\t\t<\/div>\n\t\t\t\t<\/div>\n\t\t<div class=\"elementor-element elementor-element-68c0706a e-flex e-con-boxed e-con e-parent\" data-id=\"68c0706a\" data-element_type=\"container\" data-e-type=\"container\">\n\t\t\t\t\t<div class=\"e-con-inner\">\n\t\t<div class=\"elementor-element elementor-element-1bb4e03a e-con-full e-flex e-con e-child\" data-id=\"1bb4e03a\" data-element_type=\"container\" data-e-type=\"container\">\n\t\t\t\t<div class=\"elementor-element elementor-element-3b4a5e5e elementor-widget elementor-widget-heading\" data-id=\"3b4a5e5e\" data-element_type=\"widget\" data-e-type=\"widget\" data-widget_type=\"heading.default\">\n\t\t\t\t<div class=\"elementor-widget-container\">\n\t\t\t\t\t<h2 class=\"elementor-heading-title elementor-size-default\">Cosa ci motiva<\/h2>\t\t\t\t<\/div>\n\t\t\t\t<\/div>\n\t\t\t\t<div class=\"elementor-element elementor-element-481c75a1 elementor-widget elementor-widget-text-editor\" data-id=\"481c75a1\" data-element_type=\"widget\" data-e-type=\"widget\" data-widget_type=\"text-editor.default\">\n\t\t\t\t<div class=\"elementor-widget-container\">\n\t\t\t\t\t\t\t\t\t<p>AQUAWASHTECH \u00e8 impegnata a rivoluzionare il settore dell'autolavaggio fornendo soluzioni all'avanguardia che migliorano l'efficienza e la redditivit\u00e0 della vostra attivit\u00e0.<\/p>\t\t\t\t\t\t\t\t<\/div>\n\t\t\t\t<\/div>\n\t\t\t\t<div class=\"elementor-element elementor-element-58404d9b elementor-icon-list--layout-traditional elementor-list-item-link-full_width elementor-widget elementor-widget-icon-list\" data-id=\"58404d9b\" data-element_type=\"widget\" data-e-type=\"widget\" data-widget_type=\"icon-list.default\">\n\t\t\t\t<div class=\"elementor-widget-container\">\n\t\t\t\t\t\t\t<ul class=\"elementor-icon-list-items\">\n\t\t\t\t\t\t\t<li class=\"elementor-icon-list-item\">\n\t\t\t\t\t\t\t\t\t\t\t<span class=\"elementor-icon-list-icon\">\n\t\t\t\t\t\t\t<svg aria-hidden=\"true\" class=\"e-font-icon-svg e-fas-check-circle\" viewbox=\"0 0 512 512\" xmlns=\"http:\/\/www.w3.org\/2000\/svg\"><path d=\"M504 256c0 136.967-111.033 248-248 248S8 392.967 8 256 119.033 8 256 8s248 111.033 248 248zM227.314 387.314l184-184c6.248-6.248 6.248-16.379 0-22.627l-22.627-22.627c-6.248-6.249-16.379-6.249-22.628 0L216 308.118l-70.059-70.059c-6.248-6.248-16.379-6.248-22.628 0l-22.627 22.627c-6.248 6.248-6.248 16.379 0 22.627l104 104c6.249 6.249 16.379 6.249 22.628.001z\"><\/path><\/svg>\t\t\t\t\t\t<\/span>\n\t\t\t\t\t\t\t\t\t\t<span class=\"elementor-icon-list-text\">La nostra passione per l'innovazione, l'affidabilit\u00e0 e la sostenibilit\u00e0 ci spinge a migliorare costantemente e a creare sistemi di autolavaggio pi\u00f9 intelligenti, sicuri ed efficaci.<\/span>\n\t\t\t\t\t\t\t\t\t<\/li>\n\t\t\t\t\t\t\t\t<li class=\"elementor-icon-list-item\">\n\t\t\t\t\t\t\t\t\t\t\t<span class=\"elementor-icon-list-icon\">\n\t\t\t\t\t\t\t<svg aria-hidden=\"true\" class=\"e-font-icon-svg e-fas-check-circle\" viewbox=\"0 0 512 512\" xmlns=\"http:\/\/www.w3.org\/2000\/svg\"><path d=\"M504 256c0 136.967-111.033 248-248 248S8 392.967 8 256 119.033 8 256 8s248 111.033 248 248zM227.314 387.314l184-184c6.248-6.248 6.248-16.379 0-22.627l-22.627-22.627c-6.248-6.249-16.379-6.249-22.628 0L216 308.118l-70.059-70.059c-6.248-6.248-16.379-6.248-22.628 0l-22.627 22.627c-6.248 6.248-6.248 16.379 0 22.627l104 104c6.249 6.249 16.379 6.249 22.628.001z\"><\/path><\/svg>\t\t\t\t\t\t<\/span>\n\t\t\t\t\t\t\t\t\t\t<span class=\"elementor-icon-list-text\">Crediamo nella creazione di solide partnership con i clienti, fornendo qualit\u00e0 e assistenza eccellenti per garantire un successo a lungo termine.<\/span>\n\t\t\t\t\t\t\t\t\t<\/li>\n\t\t\t\t\t\t\t\t<li class=\"elementor-icon-list-item\">\n\t\t\t\t\t\t\t\t\t\t\t<span class=\"elementor-icon-list-icon\">\n\t\t\t\t\t\t\t<svg aria-hidden=\"true\" class=\"e-font-icon-svg e-fas-check-circle\" viewbox=\"0 0 512 512\" xmlns=\"http:\/\/www.w3.org\/2000\/svg\"><path d=\"M504 256c0 136.967-111.033 248-248 248S8 392.967 8 256 119.033 8 256 8s248 111.033 248 248zM227.314 387.314l184-184c6.248-6.248 6.248-16.379 0-22.627l-22.627-22.627c-6.248-6.249-16.379-6.249-22.628 0L216 308.118l-70.059-70.059c-6.248-6.248-16.379-6.248-22.628 0l-22.627 22.627c-6.248 6.248-6.248 16.379 0 22.627l104 104c6.249 6.249 16.379 6.249 22.628.001z\"><\/path><\/svg>\t\t\t\t\t\t<\/span>\n\t\t\t\t\t\t\t\t\t\t<span class=\"elementor-icon-list-text\">Il nostro team si concentra sempre sul futuro, integrando creativit\u00e0 e precisione per plasmare il futuro dell'industria dell'autolavaggio.<\/span>\n\t\t\t\t\t\t\t\t\t<\/li>\n\t\t\t\t\t\t<\/ul>\n\t\t\t\t\t\t<\/div>\n\t\t\t\t<\/div>\n\t\t\t\t<div class=\"elementor-element elementor-element-27b1dd00 elementor-widget elementor-widget-button\" data-id=\"27b1dd00\" data-element_type=\"widget\" data-e-type=\"widget\" data-widget_type=\"button.default\">\n\t\t\t\t<div class=\"elementor-widget-container\">\n\t\t\t\t\t\t\t\t\t<div class=\"elementor-button-wrapper\">\n\t\t\t\t\t<a class=\"elementor-button elementor-button-link elementor-size-sm\" href=\"#elementor-action%3Aaction%3Dpopup%3Aopen%26settings%3DeyJpZCI6IjQ4OCIsInRvZ2dsZSI6ZmFsc2V9\" target=\"_blank\">\n\t\t\t\t\t\t<span class=\"elementor-button-content-wrapper\">\n\t\t\t\t\t\t<span class=\"elementor-button-icon\">\n\t\t\t\t<i aria-hidden=\"true\" class=\"jki jki-right-arrow-light\"><\/i>\t\t\t<\/span>\n\t\t\t\t\t\t\t\t\t<span class=\"elementor-button-text\">Invia la tua richiesta<\/span>\n\t\t\t\t\t<\/span>\n\t\t\t\t\t<\/a>\n\t\t\t\t<\/div>\n\t\t\t\t\t\t\t\t<\/div>\n\t\t\t\t<\/div>\n\t\t\t\t<\/div>\n\t\t<div class=\"elementor-element elementor-element-27c92a9e e-con-full e-flex e-con e-child\" data-id=\"27c92a9e\" data-element_type=\"container\" data-e-type=\"container\">\n\t\t\t\t<div class=\"elementor-element elementor-element-6ea75842 elementor-widget elementor-widget-image\" data-id=\"6ea75842\" data-element_type=\"widget\" data-e-type=\"widget\" data-widget_type=\"image.default\">\n\t\t\t\t<div class=\"elementor-widget-container\">\n\t\t\t\t\t\t\t\t\t\t\t\t\t\t\t<img decoding=\"async\" width=\"800\" height=\"756\" src=\"https:\/\/aquawashtech.com\/wp-content\/uploads\/2025\/01\/1736503612798.jpg\" class=\"attachment-large size-large wp-image-2247\" alt=\"\" srcset=\"https:\/\/aquawashtech.com\/wp-content\/uploads\/2025\/01\/1736503612798.jpg 1000w, https:\/\/aquawashtech.com\/wp-content\/uploads\/2025\/01\/1736503612798-300x284.jpg 300w, https:\/\/aquawashtech.com\/wp-content\/uploads\/2025\/01\/1736503612798-768x726.jpg 768w\" sizes=\"(max-width: 800px) 100vw, 800px\" \/>\t\t\t\t\t\t\t\t\t\t\t\t\t\t\t<\/div>\n\t\t\t\t<\/div>\n\t\t\t\t<\/div>\n\t\t\t\t\t<\/div>\n\t\t\t\t<\/div>\n\t\t<div class=\"elementor-element elementor-element-4000f628 e-flex e-con-boxed e-con e-parent\" data-id=\"4000f628\" data-element_type=\"container\" data-e-type=\"container\" data-settings=\"{&quot;background_background&quot;:&quot;classic&quot;}\">\n\t\t\t\t\t<div class=\"e-con-inner\">\n\t\t<div class=\"elementor-element elementor-element-714378d4 e-flex e-con-boxed elementor-invisible e-con e-child\" data-id=\"714378d4\" data-element_type=\"container\" data-e-type=\"container\" data-settings=\"{&quot;animation&quot;:&quot;fadeInUp&quot;}\">\n\t\t\t\t\t<div class=\"e-con-inner\">\n\t\t\t\t<div class=\"elementor-element elementor-element-14228c9 elementor-widget elementor-widget-heading\" data-id=\"14228c9\" data-element_type=\"widget\" data-e-type=\"widget\" data-widget_type=\"heading.default\">\n\t\t\t\t<div class=\"elementor-widget-container\">\n\t\t\t\t\t<h6 class=\"elementor-heading-title elementor-size-default\">Perch\u00e9 scegliere noi<\/h6>\t\t\t\t<\/div>\n\t\t\t\t<\/div>\n\t\t\t\t<div class=\"elementor-element elementor-element-65c339a2 elementor-invisible elementor-widget elementor-widget-elementskit-heading\" data-id=\"65c339a2\" data-element_type=\"widget\" data-e-type=\"widget\" data-settings=\"{&quot;_animation&quot;:&quot;fadeInUp&quot;}\" data-widget_type=\"elementskit-heading.default\">\n\t\t\t\t<div class=\"elementor-widget-container\">\n\t\t\t\t\t<div class=\"ekit-wid-con\" ><div class=\"ekit-heading elementskit-section-title-wraper text_center   ekit_heading_tablet-   ekit_heading_mobile-\"><h2 class=\"ekit-heading--title elementskit-section-title text_fill\">La nostra tecnologia all'avanguardia garantisce un  <span><span>sicuro, affidabile <\/span><\/span> lavaggio ogni volta, riducendo al minimo l'errore umano e  <span><span>massimizzare la soddisfazione<\/span><\/span>.<\/h2><\/div><\/div>\t\t\t\t<\/div>\n\t\t\t\t<\/div>\n\t\t\t\t\t<\/div>\n\t\t\t\t<\/div>\n\t\t<div class=\"elementor-element elementor-element-79ea392d e-grid e-con-full e-con e-child\" data-id=\"79ea392d\" data-element_type=\"container\" data-e-type=\"container\">\n\t\t<div class=\"elementor-element elementor-element-2799ed45 e-flex e-con-boxed elementor-invisible e-con e-child\" data-id=\"2799ed45\" data-element_type=\"container\" data-e-type=\"container\" data-settings=\"{&quot;background_background&quot;:&quot;classic&quot;,&quot;animation&quot;:&quot;fadeInLeft&quot;}\">\n\t\t\t\t\t<div class=\"e-con-inner\">\n\t\t\t\t<div class=\"elementor-element elementor-element-73514762 elementor-widget elementor-widget-image\" data-id=\"73514762\" data-element_type=\"widget\" data-e-type=\"widget\" data-widget_type=\"image.default\">\n\t\t\t\t<div class=\"elementor-widget-container\">\n\t\t\t\t\t\t\t\t\t\t\t\t\t\t\t<img decoding=\"async\" src=\"https:\/\/aquawashtech.com\/wp-content\/uploads\/elementor\/thumbs\/map_bg-qy6xx8wf4gvng4cw22zhg5eocbph3y41fs04va28zk.png\" title=\"mappa_bg.png\" alt=\"mappa_bg.png\" loading=\"lazy\" \/>\t\t\t\t\t\t\t\t\t\t\t\t\t\t\t<\/div>\n\t\t\t\t<\/div>\n\t\t\t\t<div class=\"elementor-element elementor-element-2448dd30 elementor-widget elementor-widget-icon-box\" data-id=\"2448dd30\" data-element_type=\"widget\" data-e-type=\"widget\" data-widget_type=\"icon-box.default\">\n\t\t\t\t<div class=\"elementor-widget-container\">\n\t\t\t\t\t\t\t<div class=\"elementor-icon-box-wrapper\">\n\n\t\t\t\n\t\t\t\t\t\t<div class=\"elementor-icon-box-content\">\n\n\t\t\t\t\t\t\t\t\t<div class=\"elementor-icon-box-title\">\n\t\t\t\t\t\t<span  >\n\t\t\t\t\t\t\tGaranzia di qualit\u00e0\t\t\t\t\t\t<\/span>\n\t\t\t\t\t<\/div>\n\t\t\t\t\n\t\t\t\t\t\t\t\t\t<p class=\"elementor-icon-box-description\">\n\t\t\t\t\t\tOgni macchina viene sottoposta a un rigoroso collaudo di 48 ore prima della consegna, per garantire prestazioni affidabili fin dal primo giorno.\t\t\t\t\t<\/p>\n\t\t\t\t\n\t\t\t<\/div>\n\t\t\t\n\t\t<\/div>\n\t\t\t\t\t\t<\/div>\n\t\t\t\t<\/div>\n\t\t\t\t\t<\/div>\n\t\t\t\t<\/div>\n\t\t<div class=\"elementor-element elementor-element-72dd1825 e-flex e-con-boxed elementor-invisible e-con e-child\" data-id=\"72dd1825\" data-element_type=\"container\" data-e-type=\"container\" data-settings=\"{&quot;background_background&quot;:&quot;gradient&quot;,&quot;animation&quot;:&quot;fadeInDown&quot;}\">\n\t\t\t\t\t<div class=\"e-con-inner\">\n\t\t\t\t<div class=\"elementor-element elementor-element-212f014d elementor-widget elementor-widget-image\" data-id=\"212f014d\" data-element_type=\"widget\" data-e-type=\"widget\" data-widget_type=\"image.default\">\n\t\t\t\t<div class=\"elementor-widget-container\">\n\t\t\t\t\t\t\t\t\t\t\t\t\t\t\t<img decoding=\"async\" src=\"https:\/\/aquawashtech.com\/wp-content\/uploads\/elementor\/thumbs\/\u56fe\u72471-2-qul4ymh51pbbtwwwdp6ri1w2vpbhr32w3aveabcpog.png\" title=\"essiccatore\" alt=\"essiccatore\" loading=\"lazy\" \/>\t\t\t\t\t\t\t\t\t\t\t\t\t\t\t<\/div>\n\t\t\t\t<\/div>\n\t\t\t\t<div class=\"elementor-element elementor-element-4402546a elementor-widget elementor-widget-icon-box\" data-id=\"4402546a\" data-element_type=\"widget\" data-e-type=\"widget\" data-widget_type=\"icon-box.default\">\n\t\t\t\t<div class=\"elementor-widget-container\">\n\t\t\t\t\t\t\t<div class=\"elementor-icon-box-wrapper\">\n\n\t\t\t\n\t\t\t\t\t\t<div class=\"elementor-icon-box-content\">\n\n\t\t\t\t\t\t\t\t\t<div class=\"elementor-icon-box-title\">\n\t\t\t\t\t\t<span  >\n\t\t\t\t\t\t\tCosti operativi\t\t\t\t\t\t<\/span>\n\t\t\t\t\t<\/div>\n\t\t\t\t\n\t\t\t\t\t\t\t\t\t<p class=\"elementor-icon-box-description\">\n\t\t\t\t\t\tLa tecnologia avanzata riduce i costi operativi fino a 60% rispetto ai sistemi tradizionali\t\t\t\t\t<\/p>\n\t\t\t\t\n\t\t\t<\/div>\n\t\t\t\n\t\t<\/div>\n\t\t\t\t\t\t<\/div>\n\t\t\t\t<\/div>\n\t\t\t\t\t<\/div>\n\t\t\t\t<\/div>\n\t\t<div class=\"elementor-element elementor-element-774d9dca e-flex e-con-boxed elementor-invisible e-con e-child\" data-id=\"774d9dca\" data-element_type=\"container\" data-e-type=\"container\" data-settings=\"{&quot;background_background&quot;:&quot;gradient&quot;,&quot;animation&quot;:&quot;fadeInUp&quot;}\">\n\t\t\t\t\t<div class=\"e-con-inner\">\n\t\t\t\t<div class=\"elementor-element elementor-element-4ecd7c1 elementor-widget elementor-widget-image\" data-id=\"4ecd7c1\" data-element_type=\"widget\" data-e-type=\"widget\" data-widget_type=\"image.default\">\n\t\t\t\t<div class=\"elementor-widget-container\">\n\t\t\t\t\t\t\t\t\t\t\t\t\t\t\t<img decoding=\"async\" src=\"https:\/\/aquawashtech.com\/wp-content\/uploads\/elementor\/thumbs\/happy-team-stacking-hands-on-a-creative-ideas-chart-qy6xx2bjsmmn6umg4i53gp2g6mlwm2dx2vfqicc074.jpg\" title=\"happy-team-stacking-hands-on-a-creative-ideas-chart.jpg\" alt=\"happy-team-stacking-hands-on-a-creative-ideas-chart.jpg\" loading=\"lazy\" \/>\t\t\t\t\t\t\t\t\t\t\t\t\t\t\t<\/div>\n\t\t\t\t<\/div>\n\t\t\t\t<div class=\"elementor-element elementor-element-596f6de8 elementor-widget elementor-widget-icon-box\" data-id=\"596f6de8\" data-element_type=\"widget\" data-e-type=\"widget\" data-widget_type=\"icon-box.default\">\n\t\t\t\t<div class=\"elementor-widget-container\">\n\t\t\t\t\t\t\t<div class=\"elementor-icon-box-wrapper\">\n\n\t\t\t\n\t\t\t\t\t\t<div class=\"elementor-icon-box-content\">\n\n\t\t\t\t\t\t\t\t\t<div class=\"elementor-icon-box-title\">\n\t\t\t\t\t\t<span  >\n\t\t\t\t\t\t\tServizio di assistenza\t\t\t\t\t\t<\/span>\n\t\t\t\t\t<\/div>\n\t\t\t\t\n\t\t\t\t\t\t\t\t\t<p class=\"elementor-icon-box-description\">\n\t\t\t\t\t\tSistema di diagnostica remota per la risoluzione immediata dei problemi\t\t\t\t\t<\/p>\n\t\t\t\t\n\t\t\t<\/div>\n\t\t\t\n\t\t<\/div>\n\t\t\t\t\t\t<\/div>\n\t\t\t\t<\/div>\n\t\t\t\t\t<\/div>\n\t\t\t\t<\/div>\n\t\t<div class=\"elementor-element elementor-element-bf8c49 e-flex e-con-boxed elementor-invisible e-con e-child\" data-id=\"bf8c49\" data-element_type=\"container\" data-e-type=\"container\" data-settings=\"{&quot;background_background&quot;:&quot;classic&quot;,&quot;animation&quot;:&quot;fadeInRight&quot;}\">\n\t\t\t\t\t<div class=\"e-con-inner\">\n\t\t\t\t<div class=\"elementor-element elementor-element-2dfd4fc3 elementor-widget elementor-widget-image\" data-id=\"2dfd4fc3\" data-element_type=\"widget\" data-e-type=\"widget\" data-widget_type=\"image.default\">\n\t\t\t\t<div class=\"elementor-widget-container\">\n\t\t\t\t\t\t\t\t\t\t\t\t\t\t\t<img decoding=\"async\" src=\"https:\/\/aquawashtech.com\/wp-content\/uploads\/elementor\/thumbs\/team-work-hands-or-creative-business-people-in-a-meeting-planning-a-logo-branding-or-marketing-co-qy6xw5f75fdlwhy8glx5jfdbe5424nrbaclqpnos8w.jpg\" title=\"team-lavoro-mani-o-creativi-imprenditori-in-una-riunione-pianificare-un-logo-branding-o-marketing-co.jpg\" alt=\"team-lavoro-mani-o-creativi-imprenditori-in-una-riunione-pianificare-un-logo-branding-o-marketing-co.jpg\" loading=\"lazy\" \/>\t\t\t\t\t\t\t\t\t\t\t\t\t\t\t<\/div>\n\t\t\t\t<\/div>\n\t\t\t\t<div class=\"elementor-element elementor-element-3b0cf41d elementor-widget elementor-widget-icon-box\" data-id=\"3b0cf41d\" data-element_type=\"widget\" data-e-type=\"widget\" data-widget_type=\"icon-box.default\">\n\t\t\t\t<div class=\"elementor-widget-container\">\n\t\t\t\t\t\t\t<div class=\"elementor-icon-box-wrapper\">\n\n\t\t\t\n\t\t\t\t\t\t<div class=\"elementor-icon-box-content\">\n\n\t\t\t\t\t\t\t\t\t<div class=\"elementor-icon-box-title\">\n\t\t\t\t\t\t<span  >\n\t\t\t\t\t\t\tAffidabilit\u00e0 a lungo termine\t\t\t\t\t\t<\/span>\n\t\t\t\t\t<\/div>\n\t\t\t\t\n\t\t\t\t\t\t\t\t\t<p class=\"elementor-icon-box-description\">\n\t\t\t\t\t\tComponenti durevoli di livello industriale;\nAggiornamenti e upgrade regolari del software\t\t\t\t\t<\/p>\n\t\t\t\t\n\t\t\t<\/div>\n\t\t\t\n\t\t<\/div>\n\t\t\t\t\t\t<\/div>\n\t\t\t\t<\/div>\n\t\t\t\t\t<\/div>\n\t\t\t\t<\/div>\n\t\t\t\t<\/div>\n\t\t<div class=\"elementor-element elementor-element-189a5909 e-con-full e-flex e-con e-child\" data-id=\"189a5909\" data-element_type=\"container\" data-e-type=\"container\">\n\t\t<div class=\"elementor-element elementor-element-43e277af e-flex e-con-boxed elementor-invisible e-con e-child\" data-id=\"43e277af\" data-element_type=\"container\" data-e-type=\"container\" data-settings=\"{&quot;background_background&quot;:&quot;classic&quot;,&quot;animation&quot;:&quot;fadeInRight&quot;}\">\n\t\t\t\t\t<div class=\"e-con-inner\">\n\t\t\t\t<div class=\"elementor-element elementor-element-6ddfe4b3 elementor-widget elementor-widget-image\" data-id=\"6ddfe4b3\" data-element_type=\"widget\" data-e-type=\"widget\" data-widget_type=\"image.default\">\n\t\t\t\t<div class=\"elementor-widget-container\">\n\t\t\t\t\t\t\t\t\t\t\t\t\t\t\t<img loading=\"lazy\" decoding=\"async\" width=\"672\" height=\"801\" src=\"https:\/\/aquawashtech.com\/wp-content\/uploads\/2024\/12\/touchless-auto-car-wash-machine.png\" class=\"attachment-full size-full wp-image-2063\" alt=\"\" srcset=\"https:\/\/aquawashtech.com\/wp-content\/uploads\/2024\/12\/touchless-auto-car-wash-machine.png 672w, https:\/\/aquawashtech.com\/wp-content\/uploads\/2024\/12\/touchless-auto-car-wash-machine-252x300.png 252w\" sizes=\"(max-width: 672px) 100vw, 672px\" \/>\t\t\t\t\t\t\t\t\t\t\t\t\t\t\t<\/div>\n\t\t\t\t<\/div>\n\t\t\t\t<div class=\"elementor-element elementor-element-2fa9de78 elementor-widget elementor-widget-icon-box\" data-id=\"2fa9de78\" data-element_type=\"widget\" data-e-type=\"widget\" data-widget_type=\"icon-box.default\">\n\t\t\t\t<div class=\"elementor-widget-container\">\n\t\t\t\t\t\t\t<div class=\"elementor-icon-box-wrapper\">\n\n\t\t\t\n\t\t\t\t\t\t<div class=\"elementor-icon-box-content\">\n\n\t\t\t\t\t\t\t\t\t<div class=\"elementor-icon-box-title\">\n\t\t\t\t\t\t<span  >\n\t\t\t\t\t\t\tOpzioni di personalizzazione\t\t\t\t\t\t<\/span>\n\t\t\t\t\t<\/div>\n\t\t\t\t\n\t\t\t\t\t\t\t\t\t<p class=\"elementor-icon-box-description\">\n\t\t\t\t\t\tSoluzioni personalizzate basate sulle condizioni specifiche del sito e sui requisiti aziendali\t\t\t\t\t<\/p>\n\t\t\t\t\n\t\t\t<\/div>\n\t\t\t\n\t\t<\/div>\n\t\t\t\t\t\t<\/div>\n\t\t\t\t<\/div>\n\t\t\t\t\t<\/div>\n\t\t\t\t<\/div>\n\t\t\t\t<\/div>\n\t\t\t\t\t<\/div>\n\t\t\t\t<\/div>\n\t\t\t\t<\/div>","protected":false},"excerpt":{"rendered":"<p>AQUAWASHTECH We are a Chinese group in the design, manufacture and marketing of vehicle wash and care solutions. At AQUAWASHTECH, we\u2019re dedicated to helping you maximize efficiency and profitability. With our state-of-the-art 12,000\u33a1 facility and a streamlined, smart production process, your business benefits from reliable, high-performance equipment. Our expert team ensures that every solution we [&hellip;]<\/p>","protected":false},"author":1,"featured_media":0,"parent":0,"menu_order":0,"comment_status":"closed","ping_status":"closed","template":"","meta":{"_seopress_robots_primary_cat":"","_seopress_titles_title":"","_seopress_titles_desc":"","_seopress_robots_index":"","_seopress_analysis_target_kw":"","footnotes":""},"class_list":["post-1191","page","type-page","status-publish","hentry"],"_links":{"self":[{"href":"https:\/\/aquawashtech.com\/it\/wp-json\/wp\/v2\/pages\/1191","targetHints":{"allow":["GET"]}}],"collection":[{"href":"https:\/\/aquawashtech.com\/it\/wp-json\/wp\/v2\/pages"}],"about":[{"href":"https:\/\/aquawashtech.com\/it\/wp-json\/wp\/v2\/types\/page"}],"author":[{"embeddable":true,"href":"https:\/\/aquawashtech.com\/it\/wp-json\/wp\/v2\/users\/1"}],"replies":[{"embeddable":true,"href":"https:\/\/aquawashtech.com\/it\/wp-json\/wp\/v2\/comments?post=1191"}],"version-history":[{"count":76,"href":"https:\/\/aquawashtech.com\/it\/wp-json\/wp\/v2\/pages\/1191\/revisions"}],"predecessor-version":[{"id":2331,"href":"https:\/\/aquawashtech.com\/it\/wp-json\/wp\/v2\/pages\/1191\/revisions\/2331"}],"wp:attachment":[{"href":"https:\/\/aquawashtech.com\/it\/wp-json\/wp\/v2\/media?parent=1191"}],"curies":[{"name":"wp","href":"https:\/\/api.w.org\/{rel}","templated":true}]}}