{"id":1488,"date":"2024-09-15T10:46:46","date_gmt":"2024-09-15T02:46:46","guid":{"rendered":"https:\/\/aquawashtech.com\/?page_id=1488"},"modified":"2024-09-25T00:37:05","modified_gmt":"2024-09-24T16:37:05","slug":"lavage-de-voitures-par-renversement","status":"publish","type":"page","link":"https:\/\/aquawashtech.com\/fr\/lavage-de-voitures-par-renversement\/","title":{"rendered":"Lavage de voitures par renversement"},"content":{"rendered":"<div data-elementor-type=\"wp-page\" data-elementor-id=\"1488\" class=\"elementor elementor-1488\" data-elementor-post-type=\"page\">\n\t\t\t\t<div class=\"elementor-element elementor-element-48c8b54 e-flex e-con-boxed e-con e-parent\" data-id=\"48c8b54\" data-element_type=\"container\" data-e-type=\"container\">\n\t\t\t\t\t<div class=\"e-con-inner\">\n\t\t\t\t<div class=\"elementor-element elementor-element-7968c29 elementor-widget elementor-widget-image\" data-id=\"7968c29\" data-element_type=\"widget\" data-e-type=\"widget\" data-widget_type=\"image.default\">\n\t\t\t\t<div class=\"elementor-widget-container\">\n\t\t\t\t\t\t\t\t\t\t\t\t\t\t\t<img fetchpriority=\"high\" decoding=\"async\" width=\"800\" height=\"452\" src=\"https:\/\/aquawashtech.com\/wp-content\/uploads\/2024\/09\/1-1-1024x579.png\" class=\"attachment-large size-large wp-image-1891\" alt=\"\" srcset=\"https:\/\/aquawashtech.com\/wp-content\/uploads\/2024\/09\/1-1-1024x579.png 1024w, https:\/\/aquawashtech.com\/wp-content\/uploads\/2024\/09\/1-1-300x169.png 300w, https:\/\/aquawashtech.com\/wp-content\/uploads\/2024\/09\/1-1-768x434.png 768w, https:\/\/aquawashtech.com\/wp-content\/uploads\/2024\/09\/1-1.png 1370w\" sizes=\"(max-width: 800px) 100vw, 800px\" \/>\t\t\t\t\t\t\t\t\t\t\t\t\t\t\t<\/div>\n\t\t\t\t<\/div>\n\t\t\t\t<div class=\"elementor-element elementor-element-661d8e4 elementor-widget elementor-widget-image\" data-id=\"661d8e4\" data-element_type=\"widget\" data-e-type=\"widget\" data-widget_type=\"image.default\">\n\t\t\t\t<div class=\"elementor-widget-container\">\n\t\t\t\t\t\t\t\t\t\t\t\t\t\t\t<img decoding=\"async\" width=\"800\" height=\"449\" src=\"https:\/\/aquawashtech.com\/wp-content\/uploads\/2024\/09\/2-1024x575.png\" class=\"attachment-large size-large wp-image-1878\" alt=\"\" srcset=\"https:\/\/aquawashtech.com\/wp-content\/uploads\/2024\/09\/2-1024x575.png 1024w, https:\/\/aquawashtech.com\/wp-content\/uploads\/2024\/09\/2-300x168.png 300w, https:\/\/aquawashtech.com\/wp-content\/uploads\/2024\/09\/2-768x431.png 768w, https:\/\/aquawashtech.com\/wp-content\/uploads\/2024\/09\/2.png 1372w\" sizes=\"(max-width: 800px) 100vw, 800px\" \/>\t\t\t\t\t\t\t\t\t\t\t\t\t\t\t<\/div>\n\t\t\t\t<\/div>\n\t\t\t\t<div class=\"elementor-element elementor-element-69bbc41 elementor-widget elementor-widget-image\" data-id=\"69bbc41\" data-element_type=\"widget\" data-e-type=\"widget\" data-widget_type=\"image.default\">\n\t\t\t\t<div class=\"elementor-widget-container\">\n\t\t\t\t\t\t\t\t\t\t\t\t\t\t\t<img decoding=\"async\" width=\"800\" height=\"391\" src=\"https:\/\/aquawashtech.com\/wp-content\/uploads\/2024\/09\/3-1024x500.png\" class=\"attachment-large size-large wp-image-1879\" alt=\"\" srcset=\"https:\/\/aquawashtech.com\/wp-content\/uploads\/2024\/09\/3-1024x500.png 1024w, https:\/\/aquawashtech.com\/wp-content\/uploads\/2024\/09\/3-300x146.png 300w, https:\/\/aquawashtech.com\/wp-content\/uploads\/2024\/09\/3-768x375.png 768w, https:\/\/aquawashtech.com\/wp-content\/uploads\/2024\/09\/3-1536x749.png 1536w, https:\/\/aquawashtech.com\/wp-content\/uploads\/2024\/09\/3.png 1900w\" sizes=\"(max-width: 800px) 100vw, 800px\" \/>\t\t\t\t\t\t\t\t\t\t\t\t\t\t\t<\/div>\n\t\t\t\t<\/div>\n\t\t\t\t<div class=\"elementor-element elementor-element-6d31d5d elementor-widget elementor-widget-image\" data-id=\"6d31d5d\" data-element_type=\"widget\" data-e-type=\"widget\" data-widget_type=\"image.default\">\n\t\t\t\t<div class=\"elementor-widget-container\">\n\t\t\t\t\t\t\t\t\t\t\t\t\t\t\t<img loading=\"lazy\" decoding=\"async\" width=\"800\" height=\"390\" src=\"https:\/\/aquawashtech.com\/wp-content\/uploads\/2024\/09\/4-1024x499.png\" class=\"attachment-large size-large wp-image-1880\" alt=\"\" srcset=\"https:\/\/aquawashtech.com\/wp-content\/uploads\/2024\/09\/4-1024x499.png 1024w, https:\/\/aquawashtech.com\/wp-content\/uploads\/2024\/09\/4-300x146.png 300w, https:\/\/aquawashtech.com\/wp-content\/uploads\/2024\/09\/4-768x374.png 768w, https:\/\/aquawashtech.com\/wp-content\/uploads\/2024\/09\/4.png 1370w\" sizes=\"(max-width: 800px) 100vw, 800px\" \/>\t\t\t\t\t\t\t\t\t\t\t\t\t\t\t<\/div>\n\t\t\t\t<\/div>\n\t\t\t\t<div class=\"elementor-element elementor-element-c6b1aa4 elementor-widget elementor-widget-image\" data-id=\"c6b1aa4\" data-element_type=\"widget\" data-e-type=\"widget\" data-widget_type=\"image.default\">\n\t\t\t\t<div class=\"elementor-widget-container\">\n\t\t\t\t\t\t\t\t\t\t\t\t\t\t\t<img loading=\"lazy\" decoding=\"async\" width=\"800\" height=\"390\" src=\"https:\/\/aquawashtech.com\/wp-content\/uploads\/2024\/09\/5-1024x499.png\" class=\"attachment-large size-large wp-image-1881\" alt=\"\" srcset=\"https:\/\/aquawashtech.com\/wp-content\/uploads\/2024\/09\/5-1024x499.png 1024w, https:\/\/aquawashtech.com\/wp-content\/uploads\/2024\/09\/5-300x146.png 300w, https:\/\/aquawashtech.com\/wp-content\/uploads\/2024\/09\/5-768x374.png 768w, https:\/\/aquawashtech.com\/wp-content\/uploads\/2024\/09\/5.png 1365w\" sizes=\"(max-width: 800px) 100vw, 800px\" \/>\t\t\t\t\t\t\t\t\t\t\t\t\t\t\t<\/div>\n\t\t\t\t<\/div>\n\t\t\t\t<div class=\"elementor-element elementor-element-6cc0b79 elementor-widget elementor-widget-image\" data-id=\"6cc0b79\" data-element_type=\"widget\" data-e-type=\"widget\" data-widget_type=\"image.default\">\n\t\t\t\t<div class=\"elementor-widget-container\">\n\t\t\t\t\t\t\t\t\t\t\t\t\t\t\t<img loading=\"lazy\" decoding=\"async\" width=\"800\" height=\"451\" src=\"https:\/\/aquawashtech.com\/wp-content\/uploads\/2024\/09\/6-1024x577.png\" class=\"attachment-large size-large wp-image-1882\" alt=\"\" srcset=\"https:\/\/aquawashtech.com\/wp-content\/uploads\/2024\/09\/6-1024x577.png 1024w, https:\/\/aquawashtech.com\/wp-content\/uploads\/2024\/09\/6-300x169.png 300w, https:\/\/aquawashtech.com\/wp-content\/uploads\/2024\/09\/6-768x433.png 768w, https:\/\/aquawashtech.com\/wp-content\/uploads\/2024\/09\/6.png 1369w\" sizes=\"(max-width: 800px) 100vw, 800px\" \/>\t\t\t\t\t\t\t\t\t\t\t\t\t\t\t<\/div>\n\t\t\t\t<\/div>\n\t\t\t\t<div class=\"elementor-element elementor-element-93a9676 elementor-widget elementor-widget-image\" data-id=\"93a9676\" data-element_type=\"widget\" data-e-type=\"widget\" data-widget_type=\"image.default\">\n\t\t\t\t<div class=\"elementor-widget-container\">\n\t\t\t\t\t\t\t\t\t\t\t\t\t\t\t<img loading=\"lazy\" decoding=\"async\" width=\"800\" height=\"453\" src=\"https:\/\/aquawashtech.com\/wp-content\/uploads\/2024\/09\/7-1024x580.png\" class=\"attachment-large size-large wp-image-1883\" alt=\"\" srcset=\"https:\/\/aquawashtech.com\/wp-content\/uploads\/2024\/09\/7-1024x580.png 1024w, https:\/\/aquawashtech.com\/wp-content\/uploads\/2024\/09\/7-300x170.png 300w, https:\/\/aquawashtech.com\/wp-content\/uploads\/2024\/09\/7-768x435.png 768w, https:\/\/aquawashtech.com\/wp-content\/uploads\/2024\/09\/7.png 1367w\" sizes=\"(max-width: 800px) 100vw, 800px\" \/>\t\t\t\t\t\t\t\t\t\t\t\t\t\t\t<\/div>\n\t\t\t\t<\/div>\n\t\t\t\t<div class=\"elementor-element elementor-element-a120c93 elementor-widget elementor-widget-image\" data-id=\"a120c93\" data-element_type=\"widget\" data-e-type=\"widget\" data-widget_type=\"image.default\">\n\t\t\t\t<div class=\"elementor-widget-container\">\n\t\t\t\t\t\t\t\t\t\t\t\t\t\t\t<img loading=\"lazy\" decoding=\"async\" width=\"800\" height=\"446\" src=\"https:\/\/aquawashtech.com\/wp-content\/uploads\/2024\/09\/8-1024x571.png\" class=\"attachment-large size-large wp-image-1884\" alt=\"\" srcset=\"https:\/\/aquawashtech.com\/wp-content\/uploads\/2024\/09\/8-1024x571.png 1024w, https:\/\/aquawashtech.com\/wp-content\/uploads\/2024\/09\/8-300x167.png 300w, https:\/\/aquawashtech.com\/wp-content\/uploads\/2024\/09\/8-768x428.png 768w, https:\/\/aquawashtech.com\/wp-content\/uploads\/2024\/09\/8.png 1367w\" sizes=\"(max-width: 800px) 100vw, 800px\" \/>\t\t\t\t\t\t\t\t\t\t\t\t\t\t\t<\/div>\n\t\t\t\t<\/div>\n\t\t\t\t\t<\/div>\n\t\t\t\t<\/div>\n\t\t<div class=\"elementor-element elementor-element-5d84c3d1 e-flex e-con-boxed e-con e-parent\" data-id=\"5d84c3d1\" data-element_type=\"container\" data-e-type=\"container\">\n\t\t\t\t\t<div class=\"e-con-inner\">\n\t\t<div class=\"elementor-element elementor-element-6701e28d e-flex e-con-boxed e-con e-child\" data-id=\"6701e28d\" data-element_type=\"container\" data-e-type=\"container\">\n\t\t\t\t\t<div class=\"e-con-inner\">\n\t\t\t\t<div class=\"elementor-element elementor-element-26f61613 elementor-widget elementor-widget-heading\" data-id=\"26f61613\" data-element_type=\"widget\" data-e-type=\"widget\" data-widget_type=\"heading.default\">\n\t\t\t\t<div class=\"elementor-widget-container\">\n\t\t\t\t\t<h2 class=\"elementor-heading-title elementor-size-default\">N'h\u00e9sitez pas \u00e0 nous contacter<\/h2>\t\t\t\t<\/div>\n\t\t\t\t<\/div>\n\t\t\t\t<div class=\"elementor-element elementor-element-6c01b6f7 elementor-widget elementor-widget-text-editor\" data-id=\"6c01b6f7\" data-element_type=\"widget\" data-e-type=\"widget\" data-widget_type=\"text-editor.default\">\n\t\t\t\t<div class=\"elementor-widget-container\">\n\t\t\t\t\t\t\t\t\t<p>Que vous soyez \u00e0 la recherche d'une nouvelle technologie ou d'un service d'assistance, nous vous fournissons des r\u00e9ponses claires et concises pour assurer le bon d\u00e9roulement de vos op\u00e9rations. Pour une assistance plus personnalis\u00e9e, n'h\u00e9sitez pas \u00e0 nous contacter. Nous sommes l\u00e0 pour vous aider \u00e0 atteindre une efficacit\u00e9 et une rentabilit\u00e9 maximales.<\/p>\t\t\t\t\t\t\t\t<\/div>\n\t\t\t\t<\/div>\n\t\t\t\t<div class=\"elementor-element elementor-element-6d7c6c74 elementor-align-center elementor-widget elementor-widget-button\" data-id=\"6d7c6c74\" data-element_type=\"widget\" data-e-type=\"widget\" data-widget_type=\"button.default\">\n\t\t\t\t<div class=\"elementor-widget-container\">\n\t\t\t\t\t\t\t\t\t<div class=\"elementor-button-wrapper\">\n\t\t\t\t\t<a class=\"elementor-button elementor-button-link elementor-size-sm\" href=\"#elementor-action%3Aaction%3Dpopup%3Aopen%26settings%3DeyJpZCI6IjQ4OCIsInRvZ2dsZSI6ZmFsc2V9\" target=\"_blank\">\n\t\t\t\t\t\t<span class=\"elementor-button-content-wrapper\">\n\t\t\t\t\t\t<span class=\"elementor-button-icon\">\n\t\t\t\t<i aria-hidden=\"true\" class=\"jki jki-right-arrow-light\"><\/i>\t\t\t<\/span>\n\t\t\t\t\t\t\t\t\t<span class=\"elementor-button-text\">Soumettre votre demande<\/span>\n\t\t\t\t\t<\/span>\n\t\t\t\t\t<\/a>\n\t\t\t\t<\/div>\n\t\t\t\t\t\t\t\t<\/div>\n\t\t\t\t<\/div>\n\t\t\t\t\t<\/div>\n\t\t\t\t<\/div>\n\t\t\t\t\t<\/div>\n\t\t\t\t<\/div>\n\t\t\t\t<\/div>","protected":false},"excerpt":{"rendered":"<p>Don\u2019t Heisted to Contact Us Whether you&#8217;re exploring new technology or seeking service support, we provide clear and concise answers to keep your operations running smoothly. For more personalized assistance, feel free to reach out\u2014we\u2019re here to help you achieve maximum efficiency and profitability. Submit Your Inquiry<\/p>","protected":false},"author":1,"featured_media":0,"parent":0,"menu_order":0,"comment_status":"closed","ping_status":"closed","template":"","meta":{"_seopress_robots_primary_cat":"","_seopress_titles_title":"","_seopress_titles_desc":"","_seopress_robots_index":"","_seopress_analysis_target_kw":"","footnotes":""},"class_list":["post-1488","page","type-page","status-publish","hentry"],"_links":{"self":[{"href":"https:\/\/aquawashtech.com\/fr\/wp-json\/wp\/v2\/pages\/1488","targetHints":{"allow":["GET"]}}],"collection":[{"href":"https:\/\/aquawashtech.com\/fr\/wp-json\/wp\/v2\/pages"}],"about":[{"href":"https:\/\/aquawashtech.com\/fr\/wp-json\/wp\/v2\/types\/page"}],"author":[{"embeddable":true,"href":"https:\/\/aquawashtech.com\/fr\/wp-json\/wp\/v2\/users\/1"}],"replies":[{"embeddable":true,"href":"https:\/\/aquawashtech.com\/fr\/wp-json\/wp\/v2\/comments?post=1488"}],"version-history":[{"count":13,"href":"https:\/\/aquawashtech.com\/fr\/wp-json\/wp\/v2\/pages\/1488\/revisions"}],"predecessor-version":[{"id":1969,"href":"https:\/\/aquawashtech.com\/fr\/wp-json\/wp\/v2\/pages\/1488\/revisions\/1969"}],"wp:attachment":[{"href":"https:\/\/aquawashtech.com\/fr\/wp-json\/wp\/v2\/media?parent=1488"}],"curies":[{"name":"wp","href":"https:\/\/api.w.org\/{rel}","templated":true}]}}