{"id":1486,"date":"2024-09-15T10:46:46","date_gmt":"2024-09-15T02:46:46","guid":{"rendered":"https:\/\/aquawashtech.com\/?page_id=1486"},"modified":"2024-09-25T00:22:55","modified_gmt":"2024-09-24T16:22:55","slug":"lavage-de-voitures-sans-contact","status":"publish","type":"page","link":"https:\/\/aquawashtech.com\/fr\/lavage-de-voitures-sans-contact\/","title":{"rendered":"Lavage de voitures sans contact"},"content":{"rendered":"<div data-elementor-type=\"wp-page\" data-elementor-id=\"1486\" class=\"elementor elementor-1486\" data-elementor-post-type=\"page\">\n\t\t\t\t<div class=\"elementor-element elementor-element-7c1d5bf2 e-flex e-con-boxed e-con e-parent\" data-id=\"7c1d5bf2\" data-element_type=\"container\" data-e-type=\"container\" data-settings=\"{&quot;background_background&quot;:&quot;gradient&quot;}\">\n\t\t\t\t\t<div class=\"e-con-inner\">\n\t\t<div class=\"elementor-element elementor-element-6b9ab800 e-con-full e-flex e-con e-child\" data-id=\"6b9ab800\" data-element_type=\"container\" data-e-type=\"container\">\n\t\t\t\t<div class=\"elementor-element elementor-element-7303fd30 elementor-widget elementor-widget-image\" data-id=\"7303fd30\" data-element_type=\"widget\" data-e-type=\"widget\" data-widget_type=\"image.default\">\n\t\t\t\t<div class=\"elementor-widget-container\">\n\t\t\t\t\t\t\t\t\t\t\t\t\t\t\t<img fetchpriority=\"high\" decoding=\"async\" width=\"800\" height=\"600\" src=\"https:\/\/aquawashtech.com\/wp-content\/uploads\/2024\/01\/DNZW6561-1024x768.jpg\" class=\"attachment-large size-large wp-image-917\" alt=\"\" srcset=\"https:\/\/aquawashtech.com\/wp-content\/uploads\/2024\/01\/DNZW6561-1024x768.jpg 1024w, https:\/\/aquawashtech.com\/wp-content\/uploads\/2024\/01\/DNZW6561-300x225.jpg 300w, https:\/\/aquawashtech.com\/wp-content\/uploads\/2024\/01\/DNZW6561-768x576.jpg 768w, https:\/\/aquawashtech.com\/wp-content\/uploads\/2024\/01\/DNZW6561-1536x1152.jpg 1536w, https:\/\/aquawashtech.com\/wp-content\/uploads\/2024\/01\/DNZW6561.jpg 1706w\" sizes=\"(max-width: 800px) 100vw, 800px\" \/>\t\t\t\t\t\t\t\t\t\t\t\t\t\t\t<\/div>\n\t\t\t\t<\/div>\n\t\t\t\t<\/div>\n\t\t<div class=\"elementor-element elementor-element-4efe5e04 e-con-full e-flex e-con e-child\" data-id=\"4efe5e04\" data-element_type=\"container\" data-e-type=\"container\">\n\t\t\t\t<div class=\"elementor-element elementor-element-1eec0ce0 elementor-widget elementor-widget-heading\" data-id=\"1eec0ce0\" data-element_type=\"widget\" data-e-type=\"widget\" data-widget_type=\"heading.default\">\n\t\t\t\t<div class=\"elementor-widget-container\">\n\t\t\t\t\t<h2 class=\"elementor-heading-title elementor-size-default\">Machine \u00e0 laver les voitures \u00e0 bras unique sans contact<\/h2>\t\t\t\t<\/div>\n\t\t\t\t<\/div>\n\t\t\t\t<div class=\"elementor-element elementor-element-5eaf4dd4 elementor-widget elementor-widget-text-editor\" data-id=\"5eaf4dd4\" data-element_type=\"widget\" data-e-type=\"widget\" data-widget_type=\"text-editor.default\">\n\t\t\t\t<div class=\"elementor-widget-container\">\n\t\t\t\t\t\t\t\t\t<h5>Cibles de nettoyage : berlines, taxis, SUV, MPV et fourgonnettes<br \/>Dimensions de l'\u00e9quipement : 6,2 m (L) x 3,35 m (L) x 3 m (H)<br \/>Dimensions de la piste : 6m<br \/>Puissance nominale : 13Kw\/h<br \/>Conditions d'installation : longueur &gt; 6,2 m, largeur &gt; 3,5 m, hauteur &gt; 3,1 m<br \/>Caract\u00e9ristiques \u00e9lectriques : 380V, 50Hz, 3L, N, PE, triphas\u00e9 cinq fils\u00a0<\/h5><h5><span style=\"color: #ff0000;\">(\u00c0 ADAPTER SELON LES PAYS)<\/span><\/h5><h5><br \/>M\u00e9thode de lavage : Lavage \u00e0 360<br \/>Dur\u00e9e du cycle de lavage : 3-7 minutes par v\u00e9hicule<br \/>Consommation d'eau par v\u00e9hicule : 100-130 litres<br \/>Consommation d'\u00e9lectricit\u00e9 par v\u00e9hicule : environ 0,3-0,5Kw\/h<br \/>Consommation d'\u00e9nergie en veille : &lt; 0,1Kw\/h<br \/>Dimensions du lavage : longueur \u2264 5,5m, largeur \u2264 2,3m, hauteur \u2264 2m.<\/h5>\t\t\t\t\t\t\t\t<\/div>\n\t\t\t\t<\/div>\n\t\t\t\t<\/div>\n\t\t\t\t\t<\/div>\n\t\t\t\t<\/div>\n\t\t<div class=\"elementor-element elementor-element-27e5909 e-flex e-con-boxed e-con e-parent\" data-id=\"27e5909\" data-element_type=\"container\" data-e-type=\"container\" data-settings=\"{&quot;background_background&quot;:&quot;gradient&quot;}\">\n\t\t\t\t\t<div class=\"e-con-inner\">\n\t\t<div class=\"elementor-element elementor-element-12e9397 e-con-full e-flex e-con e-child\" data-id=\"12e9397\" data-element_type=\"container\" data-e-type=\"container\">\n\t\t\t\t<div class=\"elementor-element elementor-element-e30019a elementor-widget elementor-widget-image\" data-id=\"e30019a\" data-element_type=\"widget\" data-e-type=\"widget\" data-widget_type=\"image.default\">\n\t\t\t\t<div class=\"elementor-widget-container\">\n\t\t\t\t\t\t\t\t\t\t\t\t\t\t\t<img decoding=\"async\" width=\"800\" height=\"600\" src=\"https:\/\/aquawashtech.com\/wp-content\/uploads\/2024\/01\/IMG_8970-1024x768.jpg\" class=\"attachment-large size-large wp-image-736\" alt=\"\" srcset=\"https:\/\/aquawashtech.com\/wp-content\/uploads\/2024\/01\/IMG_8970-1024x768.jpg 1024w, https:\/\/aquawashtech.com\/wp-content\/uploads\/2024\/01\/IMG_8970-300x225.jpg 300w, https:\/\/aquawashtech.com\/wp-content\/uploads\/2024\/01\/IMG_8970-768x576.jpg 768w, https:\/\/aquawashtech.com\/wp-content\/uploads\/2024\/01\/IMG_8970.jpg 1440w\" sizes=\"(max-width: 800px) 100vw, 800px\" \/>\t\t\t\t\t\t\t\t\t\t\t\t\t\t\t<\/div>\n\t\t\t\t<\/div>\n\t\t\t\t<\/div>\n\t\t<div class=\"elementor-element elementor-element-b5c5ab7 e-con-full e-flex e-con e-child\" data-id=\"b5c5ab7\" data-element_type=\"container\" data-e-type=\"container\">\n\t\t\t\t<div class=\"elementor-element elementor-element-3571e0d elementor-widget elementor-widget-heading\" data-id=\"3571e0d\" data-element_type=\"widget\" data-e-type=\"widget\" data-widget_type=\"heading.default\">\n\t\t\t\t<div class=\"elementor-widget-container\">\n\t\t\t\t\t<h2 class=\"elementor-heading-title elementor-size-default\">Machine \u00e0 laver les voitures \u00e0 double bras sans contact<\/h2>\t\t\t\t<\/div>\n\t\t\t\t<\/div>\n\t\t\t\t<div class=\"elementor-element elementor-element-00d45b0 elementor-widget elementor-widget-text-editor\" data-id=\"00d45b0\" data-element_type=\"widget\" data-e-type=\"widget\" data-widget_type=\"text-editor.default\">\n\t\t\t\t<div class=\"elementor-widget-container\">\n\t\t\t\t\t\t\t\t\t<h5>Cibles de nettoyage : berlines, taxis, SUV, MPV et fourgonnettes<br \/>Dimensions de l'\u00e9quipement : 8,1 m (L) x 3,35 m (L) x 2,9 m (H)<br \/>Dimensions de la piste : 7.7m<br \/>Puissance nominale : 13Kw\/h<br \/>Caract\u00e9ristiques \u00e9lectriques : 380V, 50Hz, 3L, N, PE, triphas\u00e9 cinq fils<\/h5><h5><span style=\"color: #ff0000;\">(\u00c0 ADAPTER SELON LES PAYS)<\/span><\/h5><h5>Capacit\u00e9 de lavage : 7-10 v\u00e9hicules par heure<br \/>Consommation d'eau par v\u00e9hicule : 100-130 litres<br \/>Consommation d'\u00e9lectricit\u00e9 par v\u00e9hicule : environ 0,3-0,5Kw\/h<br \/>Consommation d'\u00e9nergie en veille : &lt; 0,1Kw\/h<br \/>Dimensions du lavage : longueur \u2264 5,5m, largeur \u2264 2,3m, hauteur \u2264 2m.<\/h5>\t\t\t\t\t\t\t\t<\/div>\n\t\t\t\t<\/div>\n\t\t\t\t<\/div>\n\t\t\t\t\t<\/div>\n\t\t\t\t<\/div>\n\t\t<div class=\"elementor-element elementor-element-68cad8f e-flex e-con-boxed e-con e-parent\" data-id=\"68cad8f\" data-element_type=\"container\" data-e-type=\"container\" data-settings=\"{&quot;background_background&quot;:&quot;gradient&quot;}\">\n\t\t\t\t\t<div class=\"e-con-inner\">\n\t\t<div class=\"elementor-element elementor-element-e8090ca e-con-full e-flex e-con e-child\" data-id=\"e8090ca\" data-element_type=\"container\" data-e-type=\"container\">\n\t\t\t\t<div class=\"elementor-element elementor-element-7ca5a5f elementor-widget elementor-widget-image\" data-id=\"7ca5a5f\" data-element_type=\"widget\" data-e-type=\"widget\" data-widget_type=\"image.default\">\n\t\t\t\t<div class=\"elementor-widget-container\">\n\t\t\t\t\t\t\t\t\t\t\t\t\t\t\t<img decoding=\"async\" width=\"800\" height=\"600\" src=\"https:\/\/aquawashtech.com\/wp-content\/uploads\/2024\/03\/\u5fae\u4fe1\u56fe\u7247_20240126110744-1024x768.jpg\" class=\"attachment-large size-large wp-image-1019\" alt=\"\" srcset=\"https:\/\/aquawashtech.com\/wp-content\/uploads\/2024\/03\/\u5fae\u4fe1\u56fe\u7247_20240126110744-1024x768.jpg 1024w, https:\/\/aquawashtech.com\/wp-content\/uploads\/2024\/03\/\u5fae\u4fe1\u56fe\u7247_20240126110744-300x225.jpg 300w, https:\/\/aquawashtech.com\/wp-content\/uploads\/2024\/03\/\u5fae\u4fe1\u56fe\u7247_20240126110744-768x576.jpg 768w, https:\/\/aquawashtech.com\/wp-content\/uploads\/2024\/03\/\u5fae\u4fe1\u56fe\u7247_20240126110744-1536x1152.jpg 1536w, https:\/\/aquawashtech.com\/wp-content\/uploads\/2024\/03\/\u5fae\u4fe1\u56fe\u7247_20240126110744.jpg 1706w\" sizes=\"(max-width: 800px) 100vw, 800px\" \/>\t\t\t\t\t\t\t\t\t\t\t\t\t\t\t<\/div>\n\t\t\t\t<\/div>\n\t\t\t\t<\/div>\n\t\t<div class=\"elementor-element elementor-element-9398438 e-con-full e-flex e-con e-child\" data-id=\"9398438\" data-element_type=\"container\" data-e-type=\"container\">\n\t\t\t\t<div class=\"elementor-element elementor-element-03c5d31 elementor-widget elementor-widget-heading\" data-id=\"03c5d31\" data-element_type=\"widget\" data-e-type=\"widget\" data-widget_type=\"heading.default\">\n\t\t\t\t<div class=\"elementor-widget-container\">\n\t\t\t\t\t<h2 class=\"elementor-heading-title elementor-size-default\">Machine \u00e0 laver les voitures DG sans contact<\/h2>\t\t\t\t<\/div>\n\t\t\t\t<\/div>\n\t\t\t\t<div class=\"elementor-element elementor-element-6d8a39f elementor-widget elementor-widget-text-editor\" data-id=\"6d8a39f\" data-element_type=\"widget\" data-e-type=\"widget\" data-widget_type=\"text-editor.default\">\n\t\t\t\t<div class=\"elementor-widget-container\">\n\t\t\t\t\t\t\t\t\t<h5>Cibles de nettoyage : berlines, taxis, SUV, MPV et fourgonnettes<br \/>Dimensions de l'\u00e9quipement : 1,71 m (L) x 3,7 m (L) x 3 m (H)<br \/>Dimensions de la piste : 9m<br \/>Puissance nominale : 35kW\/h<br \/>Exigences d'installation : longueur &gt; 9,5 m, largeur &gt; 3,8 m, hauteur &gt; 3 m<br \/>Caract\u00e9ristiques \u00e9lectriques : 380V, 50Hz, 3L, N, PE, triphas\u00e9 cinq fils<\/h5><h5><span style=\"color: #ff0000;\">(\u00c0 ADAPTER SELON LES PAYS)<\/span><\/h5><h5>M\u00e9thode de lavage : portique \u00e0 mouvement alternatif avec profilage par le haut<br \/>Capacit\u00e9 de lavage : 7-10 v\u00e9hicules par heure<br \/>Consommation d'eau par v\u00e9hicule : 100-130 litres<br \/>Consommation d'\u00e9lectricit\u00e9 par v\u00e9hicule : environ 0,7-0,8kW\/h<br \/>Consommation d'\u00e9nergie en veille : &lt; 0,1kW\/h<br \/>Dimensions du lavage : longueur \u2264 5,5m, largeur \u2264 2,3m, hauteur \u2264 2m.<\/h5>\t\t\t\t\t\t\t\t<\/div>\n\t\t\t\t<\/div>\n\t\t\t\t<\/div>\n\t\t\t\t\t<\/div>\n\t\t\t\t<\/div>\n\t\t<div class=\"elementor-element elementor-element-574aee6 e-flex e-con-boxed e-con e-parent\" data-id=\"574aee6\" data-element_type=\"container\" data-e-type=\"container\">\n\t\t\t\t\t<div class=\"e-con-inner\">\n\t\t<div class=\"elementor-element elementor-element-19eeb13 e-con-full e-flex e-con e-child\" data-id=\"19eeb13\" data-element_type=\"container\" data-e-type=\"container\">\n\t\t\t\t<div class=\"elementor-element elementor-element-098ce75 elementor-widget elementor-widget-heading\" data-id=\"098ce75\" data-element_type=\"widget\" data-e-type=\"widget\" data-widget_type=\"heading.default\">\n\t\t\t\t<div class=\"elementor-widget-container\">\n\t\t\t\t\t<h2 class=\"elementor-heading-title elementor-size-default\">Avantages principaux\n<\/h2>\t\t\t\t<\/div>\n\t\t\t\t<\/div>\n\t\t\t\t<div class=\"elementor-element elementor-element-18c977c elementor-widget elementor-widget-spacer\" data-id=\"18c977c\" data-element_type=\"widget\" data-e-type=\"widget\" data-widget_type=\"spacer.default\">\n\t\t\t\t<div class=\"elementor-widget-container\">\n\t\t\t\t\t\t\t<div class=\"elementor-spacer\">\n\t\t\t<div class=\"elementor-spacer-inner\"><\/div>\n\t\t<\/div>\n\t\t\t\t\t\t<\/div>\n\t\t\t\t<\/div>\n\t\t\t\t<div class=\"elementor-element elementor-element-cca6b47 elementor-widget elementor-widget-image\" data-id=\"cca6b47\" data-element_type=\"widget\" data-e-type=\"widget\" data-widget_type=\"image.default\">\n\t\t\t\t<div class=\"elementor-widget-container\">\n\t\t\t\t\t\t\t\t\t\t\t\t\t\t\t<img loading=\"lazy\" decoding=\"async\" width=\"689\" height=\"406\" src=\"https:\/\/aquawashtech.com\/wp-content\/uploads\/2024\/09\/1727193122344.png\" class=\"attachment-large size-large wp-image-1936\" alt=\"\" srcset=\"https:\/\/aquawashtech.com\/wp-content\/uploads\/2024\/09\/1727193122344.png 689w, https:\/\/aquawashtech.com\/wp-content\/uploads\/2024\/09\/1727193122344-300x177.png 300w\" sizes=\"(max-width: 689px) 100vw, 689px\" \/>\t\t\t\t\t\t\t\t\t\t\t\t\t\t\t<\/div>\n\t\t\t\t<\/div>\n\t\t\t\t<div class=\"elementor-element elementor-element-a6881b4 elementor-widget elementor-widget-text-editor\" data-id=\"a6881b4\" data-element_type=\"widget\" data-e-type=\"widget\" data-widget_type=\"text-editor.default\">\n\t\t\t\t<div class=\"elementor-widget-container\">\n\t\t\t\t\t\t\t\t\t<h3>Technologie de base brevet\u00e9e d\u00e9velopp\u00e9e par l'entreprise elle-m\u00eame<\/h3><h4><span style=\"color: #3366ff;\">Puce de contr\u00f4le intelligente par micro-ordinateur + syst\u00e8me de contr\u00f4le intelligent iCOM2.0<\/span><\/h4><h5>Dot\u00e9 d'une capacit\u00e9 d'auto-apprentissage et d'un syst\u00e8me d'it\u00e9ration et de mise \u00e0 niveau proactif<\/h5><h5>-\u00c9volution automatique algorithmique en fonction du type de v\u00e9hicule<\/h5><h5>-Analyse de la trajectoire optimale de l'op\u00e9ration de brossage<\/h5><h5>-Calibrage secondaire \u00e0 d\u00e9tection de courant pour un ajustement en temps r\u00e9el de l'intensit\u00e9 du lavage<\/h5><h5>-Assurer la propret\u00e9 tout en prot\u00e9geant le v\u00e9hicule<\/h5>\t\t\t\t\t\t\t\t<\/div>\n\t\t\t\t<\/div>\n\t\t\t\t<\/div>\n\t\t<div class=\"elementor-element elementor-element-d85246b e-con-full e-flex e-con e-child\" data-id=\"d85246b\" data-element_type=\"container\" data-e-type=\"container\">\n\t\t<div class=\"elementor-element elementor-element-9b73eed e-con-full e-flex e-con e-child\" data-id=\"9b73eed\" data-element_type=\"container\" data-e-type=\"container\">\n\t\t\t\t<div class=\"elementor-element elementor-element-dea6320 elementor-widget elementor-widget-heading\" data-id=\"dea6320\" data-element_type=\"widget\" data-e-type=\"widget\" data-widget_type=\"heading.default\">\n\t\t\t\t<div class=\"elementor-widget-container\">\n\t\t\t\t\t<h2 class=\"elementor-heading-title elementor-size-default\">Caract\u00e9ristiques du produit :<\/h2>\t\t\t\t<\/div>\n\t\t\t\t<\/div>\n\t\t\t\t<\/div>\n\t\t<div class=\"elementor-element elementor-element-b2060e9 e-con-full e-flex e-con e-child\" data-id=\"b2060e9\" data-element_type=\"container\" data-e-type=\"container\">\n\t\t\t\t<div class=\"elementor-element elementor-element-d93172f elementor-widget elementor-widget-spacer\" data-id=\"d93172f\" data-element_type=\"widget\" data-e-type=\"widget\" data-widget_type=\"spacer.default\">\n\t\t\t\t<div class=\"elementor-widget-container\">\n\t\t\t\t\t\t\t<div class=\"elementor-spacer\">\n\t\t\t<div class=\"elementor-spacer-inner\"><\/div>\n\t\t<\/div>\n\t\t\t\t\t\t<\/div>\n\t\t\t\t<\/div>\n\t\t\t\t<div class=\"elementor-element elementor-element-b5a7243 elementor-widget elementor-widget-text-editor\" data-id=\"b5a7243\" data-element_type=\"widget\" data-e-type=\"widget\" data-widget_type=\"text-editor.default\">\n\t\t\t\t<div class=\"elementor-widget-container\">\n\t\t\t\t\t\t\t\t\t<h5 style=\"text-align: left;\"><em>1. vaporiser la mousse de lavage \u00e0 360 degr\u00e9s.<\/em><\/h5><h5 style=\"text-align: left;\"><em>2. l'eau \u00e0 haute pression peut facilement \u00e9liminer la salet\u00e9.<\/em><\/h5><h5 style=\"text-align: left;\"><em>3) Rotation compl\u00e8te de 360\u00b0 en 60 secondes.<\/em><\/h5><h5 style=\"text-align: left;\"><em>4. positionnement pr\u00e9cis par ultrasons.<\/em><\/h5><h5 style=\"text-align: left;\"><em>5. op\u00e9ration de contr\u00f4le automatique par ordinateur.<\/em><\/h5><h5 style=\"text-align: left;\"><em>6. syst\u00e8me unique de s\u00e9chage rapide \u00e0 l'air int\u00e9gr\u00e9.<\/em><\/h5>\t\t\t\t\t\t\t\t<\/div>\n\t\t\t\t<\/div>\n\t\t\t\t<div class=\"elementor-element elementor-element-44a63ec elementor-widget elementor-widget-spacer\" data-id=\"44a63ec\" data-element_type=\"widget\" data-e-type=\"widget\" data-widget_type=\"spacer.default\">\n\t\t\t\t<div class=\"elementor-widget-container\">\n\t\t\t\t\t\t\t<div class=\"elementor-spacer\">\n\t\t\t<div class=\"elementor-spacer-inner\"><\/div>\n\t\t<\/div>\n\t\t\t\t\t\t<\/div>\n\t\t\t\t<\/div>\n\t\t\t\t<div class=\"elementor-element elementor-element-ac8cec7 elementor-widget elementor-widget-video\" data-id=\"ac8cec7\" data-element_type=\"widget\" data-e-type=\"widget\" data-settings=\"{&quot;youtube_url&quot;:&quot;https:\\\/\\\/www.youtube.com\\\/watch?v=UDIsSM4cbNY&quot;,&quot;autoplay&quot;:&quot;yes&quot;,&quot;mute&quot;:&quot;yes&quot;,&quot;loop&quot;:&quot;yes&quot;,&quot;video_type&quot;:&quot;youtube&quot;,&quot;controls&quot;:&quot;yes&quot;}\" data-widget_type=\"video.default\">\n\t\t\t\t<div class=\"elementor-widget-container\">\n\t\t\t\t\t\t\t<div class=\"elementor-wrapper elementor-open-inline\">\n\t\t\t<div class=\"elementor-video\"><\/div>\t\t<\/div>\n\t\t\t\t\t\t<\/div>\n\t\t\t\t<\/div>\n\t\t\t\t<\/div>\n\t\t\t\t<\/div>\n\t\t\t\t\t<\/div>\n\t\t\t\t<\/div>\n\t\t<div class=\"elementor-element elementor-element-5bd5572 e-flex e-con-boxed e-con e-parent\" data-id=\"5bd5572\" data-element_type=\"container\" data-e-type=\"container\">\n\t\t\t\t\t<div class=\"e-con-inner\">\n\t\t<div class=\"elementor-element elementor-element-f0e8495 e-con-full e-flex e-con e-child\" data-id=\"f0e8495\" data-element_type=\"container\" data-e-type=\"container\">\n\t\t\t\t<div class=\"elementor-element elementor-element-e4d66ec elementor-widget elementor-widget-heading\" data-id=\"e4d66ec\" data-element_type=\"widget\" data-e-type=\"widget\" data-widget_type=\"heading.default\">\n\t\t\t\t<div class=\"elementor-widget-container\">\n\t\t\t\t\t<h2 class=\"elementor-heading-title elementor-size-default\">Puissant mais silencieux !!!!!!\n\n\n<\/h2>\t\t\t\t<\/div>\n\t\t\t\t<\/div>\n\t\t\t\t<div class=\"elementor-element elementor-element-6fa8c32 elementor-widget elementor-widget-image\" data-id=\"6fa8c32\" data-element_type=\"widget\" data-e-type=\"widget\" data-widget_type=\"image.default\">\n\t\t\t\t<div class=\"elementor-widget-container\">\n\t\t\t\t\t\t\t\t\t\t\t\t\t\t\t<img loading=\"lazy\" decoding=\"async\" width=\"800\" height=\"545\" src=\"https:\/\/aquawashtech.com\/wp-content\/uploads\/2024\/09\/\u56fe\u72471-2-1024x697.png\" class=\"attachment-large size-large wp-image-1946\" alt=\"\" srcset=\"https:\/\/aquawashtech.com\/wp-content\/uploads\/2024\/09\/\u56fe\u72471-2-1024x697.png 1024w, https:\/\/aquawashtech.com\/wp-content\/uploads\/2024\/09\/\u56fe\u72471-2-300x204.png 300w, https:\/\/aquawashtech.com\/wp-content\/uploads\/2024\/09\/\u56fe\u72471-2-768x523.png 768w, https:\/\/aquawashtech.com\/wp-content\/uploads\/2024\/09\/\u56fe\u72471-2-1536x1045.png 1536w, https:\/\/aquawashtech.com\/wp-content\/uploads\/2024\/09\/\u56fe\u72471-2-2048x1394.png 2048w\" sizes=\"(max-width: 800px) 100vw, 800px\" \/>\t\t\t\t\t\t\t\t\t\t\t\t\t\t\t<\/div>\n\t\t\t\t<\/div>\n\t\t\t\t<\/div>\n\t\t<div class=\"elementor-element elementor-element-c100bf3 e-con-full e-flex e-con e-child\" data-id=\"c100bf3\" data-element_type=\"container\" data-e-type=\"container\">\n\t\t\t\t<div class=\"elementor-element elementor-element-7edc4a2 elementor-widget elementor-widget-text-editor\" data-id=\"7edc4a2\" data-element_type=\"widget\" data-e-type=\"widget\" data-widget_type=\"text-editor.default\">\n\t\t\t\t<div class=\"elementor-widget-container\">\n\t\t\t\t\t\t\t\t\t<h3><span style=\"color: #333399;\"><b>S\u00e9chage brevet\u00e9 \u00e0 faible bruit et \u00e0 haute puissance avec une puissance totale de seulement 12KW<\/b><\/span><\/h3>\t\t\t\t\t\t\t\t<\/div>\n\t\t\t\t<\/div>\n\t\t\t\t<div class=\"elementor-element elementor-element-692715b elementor-widget elementor-widget-image\" data-id=\"692715b\" data-element_type=\"widget\" data-e-type=\"widget\" data-widget_type=\"image.default\">\n\t\t\t\t<div class=\"elementor-widget-container\">\n\t\t\t\t\t\t\t\t\t\t\t\t\t\t\t<img loading=\"lazy\" decoding=\"async\" width=\"711\" height=\"434\" src=\"https:\/\/aquawashtech.com\/wp-content\/uploads\/2024\/09\/1727193953248.png\" class=\"attachment-large size-large wp-image-1948\" alt=\"\" srcset=\"https:\/\/aquawashtech.com\/wp-content\/uploads\/2024\/09\/1727193953248.png 711w, https:\/\/aquawashtech.com\/wp-content\/uploads\/2024\/09\/1727193953248-300x183.png 300w\" sizes=\"(max-width: 711px) 100vw, 711px\" \/>\t\t\t\t\t\t\t\t\t\t\t\t\t\t\t<\/div>\n\t\t\t\t<\/div>\n\t\t\t\t<\/div>\n\t\t\t\t\t<\/div>\n\t\t\t\t<\/div>\n\t\t<div class=\"elementor-element elementor-element-de8cc4c e-flex e-con-boxed e-con e-parent\" data-id=\"de8cc4c\" data-element_type=\"container\" data-e-type=\"container\">\n\t\t\t\t\t<div class=\"e-con-inner\">\n\t\t\t\t<div class=\"elementor-element elementor-element-51be31e elementor-widget elementor-widget-image\" data-id=\"51be31e\" data-element_type=\"widget\" data-e-type=\"widget\" data-widget_type=\"image.default\">\n\t\t\t\t<div class=\"elementor-widget-container\">\n\t\t\t\t\t\t\t\t\t\t\t\t\t\t\t<img loading=\"lazy\" decoding=\"async\" width=\"800\" height=\"363\" src=\"https:\/\/aquawashtech.com\/wp-content\/uploads\/2024\/09\/1727194764831-1024x464.png\" class=\"attachment-large size-large wp-image-1956\" alt=\"\" srcset=\"https:\/\/aquawashtech.com\/wp-content\/uploads\/2024\/09\/1727194764831-1024x464.png 1024w, https:\/\/aquawashtech.com\/wp-content\/uploads\/2024\/09\/1727194764831-300x136.png 300w, https:\/\/aquawashtech.com\/wp-content\/uploads\/2024\/09\/1727194764831-768x348.png 768w, https:\/\/aquawashtech.com\/wp-content\/uploads\/2024\/09\/1727194764831-1536x695.png 1536w, https:\/\/aquawashtech.com\/wp-content\/uploads\/2024\/09\/1727194764831.png 1915w\" sizes=\"(max-width: 800px) 100vw, 800px\" \/>\t\t\t\t\t\t\t\t\t\t\t\t\t\t\t<\/div>\n\t\t\t\t<\/div>\n\t\t\t\t\t<\/div>\n\t\t\t\t<\/div>\n\t\t<div class=\"elementor-element elementor-element-453bbb28 e-flex e-con-boxed e-con e-parent\" data-id=\"453bbb28\" data-element_type=\"container\" data-e-type=\"container\">\n\t\t\t\t\t<div class=\"e-con-inner\">\n\t\t<div class=\"elementor-element elementor-element-1ec2cf6 e-flex e-con-boxed e-con e-child\" data-id=\"1ec2cf6\" data-element_type=\"container\" data-e-type=\"container\">\n\t\t\t\t\t<div class=\"e-con-inner\">\n\t\t\t\t<div class=\"elementor-element elementor-element-458f68d4 elementor-widget elementor-widget-heading\" data-id=\"458f68d4\" data-element_type=\"widget\" data-e-type=\"widget\" data-widget_type=\"heading.default\">\n\t\t\t\t<div class=\"elementor-widget-container\">\n\t\t\t\t\t<h2 class=\"elementor-heading-title elementor-size-default\">N'h\u00e9sitez pas \u00e0 nous contacter<\/h2>\t\t\t\t<\/div>\n\t\t\t\t<\/div>\n\t\t\t\t<div class=\"elementor-element elementor-element-751d410c elementor-widget elementor-widget-text-editor\" data-id=\"751d410c\" data-element_type=\"widget\" data-e-type=\"widget\" data-widget_type=\"text-editor.default\">\n\t\t\t\t<div class=\"elementor-widget-container\">\n\t\t\t\t\t\t\t\t\t<p>Que vous soyez \u00e0 la recherche d'une nouvelle technologie ou d'un service d'assistance, nous vous fournissons des r\u00e9ponses claires et concises pour assurer le bon d\u00e9roulement de vos op\u00e9rations. Pour une assistance plus personnalis\u00e9e, n'h\u00e9sitez pas \u00e0 nous contacter. Nous sommes l\u00e0 pour vous aider \u00e0 atteindre une efficacit\u00e9 et une rentabilit\u00e9 maximales.<\/p>\t\t\t\t\t\t\t\t<\/div>\n\t\t\t\t<\/div>\n\t\t\t\t<div class=\"elementor-element elementor-element-22841faf elementor-align-center elementor-widget elementor-widget-button\" data-id=\"22841faf\" data-element_type=\"widget\" data-e-type=\"widget\" data-widget_type=\"button.default\">\n\t\t\t\t<div class=\"elementor-widget-container\">\n\t\t\t\t\t\t\t\t\t<div class=\"elementor-button-wrapper\">\n\t\t\t\t\t<a class=\"elementor-button elementor-button-link elementor-size-sm\" href=\"#elementor-action%3Aaction%3Dpopup%3Aopen%26settings%3DeyJpZCI6IjQ4OCIsInRvZ2dsZSI6ZmFsc2V9\" target=\"_blank\">\n\t\t\t\t\t\t<span class=\"elementor-button-content-wrapper\">\n\t\t\t\t\t\t<span class=\"elementor-button-icon\">\n\t\t\t\t<i aria-hidden=\"true\" class=\"jki jki-right-arrow-light\"><\/i>\t\t\t<\/span>\n\t\t\t\t\t\t\t\t\t<span class=\"elementor-button-text\">Soumettre votre demande<\/span>\n\t\t\t\t\t<\/span>\n\t\t\t\t\t<\/a>\n\t\t\t\t<\/div>\n\t\t\t\t\t\t\t\t<\/div>\n\t\t\t\t<\/div>\n\t\t\t\t\t<\/div>\n\t\t\t\t<\/div>\n\t\t\t\t\t<\/div>\n\t\t\t\t<\/div>\n\t\t\t\t<\/div>","protected":false},"excerpt":{"rendered":"<p>Touchless Single Arm Car Wash Machine Cleaning targets: sedans, taxis, SUVs, MPVs, and vansEquipment dimensions: 6.2m (L) x 3.35m (W) x 3m (H)Track dimensions: 6mPower rating: 13Kw\/hInstallation requirements: length &gt; 6.2m, width &gt; 3.5m, height &gt; 3.1mElectrical specifications: 380V, 50Hz, 3L, N, PE, three-phase five-wire\u00a0 (NEEDS CUSTOM FOR DIFFERENT COUNTRY) Washing method: 360\u00b0 surround washWashing [&hellip;]<\/p>","protected":false},"author":1,"featured_media":0,"parent":0,"menu_order":0,"comment_status":"closed","ping_status":"closed","template":"","meta":{"_seopress_robots_primary_cat":"","_seopress_titles_title":"","_seopress_titles_desc":"","_seopress_robots_index":"","_seopress_analysis_target_kw":"","footnotes":""},"class_list":["post-1486","page","type-page","status-publish","hentry"],"_links":{"self":[{"href":"https:\/\/aquawashtech.com\/fr\/wp-json\/wp\/v2\/pages\/1486","targetHints":{"allow":["GET"]}}],"collection":[{"href":"https:\/\/aquawashtech.com\/fr\/wp-json\/wp\/v2\/pages"}],"about":[{"href":"https:\/\/aquawashtech.com\/fr\/wp-json\/wp\/v2\/types\/page"}],"author":[{"embeddable":true,"href":"https:\/\/aquawashtech.com\/fr\/wp-json\/wp\/v2\/users\/1"}],"replies":[{"embeddable":true,"href":"https:\/\/aquawashtech.com\/fr\/wp-json\/wp\/v2\/comments?post=1486"}],"version-history":[{"count":31,"href":"https:\/\/aquawashtech.com\/fr\/wp-json\/wp\/v2\/pages\/1486\/revisions"}],"predecessor-version":[{"id":1962,"href":"https:\/\/aquawashtech.com\/fr\/wp-json\/wp\/v2\/pages\/1486\/revisions\/1962"}],"wp:attachment":[{"href":"https:\/\/aquawashtech.com\/fr\/wp-json\/wp\/v2\/media?parent=1486"}],"curies":[{"name":"wp","href":"https:\/\/api.w.org\/{rel}","templated":true}]}}