{"id":1444,"date":"2024-09-14T17:27:49","date_gmt":"2024-09-14T09:27:49","guid":{"rendered":"https:\/\/aquawashtech.com\/?page_id=1444"},"modified":"2024-12-11T16:16:42","modified_gmt":"2024-12-11T08:16:42","slug":"faq","status":"publish","type":"page","link":"https:\/\/aquawashtech.com\/fr\/faq\/","title":{"rendered":"FAQ"},"content":{"rendered":"<div data-elementor-type=\"wp-page\" data-elementor-id=\"1444\" class=\"elementor elementor-1444\" data-elementor-post-type=\"page\">\n\t\t\t\t<div class=\"elementor-element elementor-element-f4db74c e-con-full e-flex e-con e-parent\" data-id=\"f4db74c\" data-element_type=\"container\" data-e-type=\"container\" data-settings=\"{&quot;background_background&quot;:&quot;classic&quot;}\">\n\t\t\t\t<div class=\"elementor-element elementor-element-4da9aff9 elementor-widget elementor-widget-heading\" data-id=\"4da9aff9\" data-element_type=\"widget\" data-e-type=\"widget\" data-widget_type=\"heading.default\">\n\t\t\t\t<div class=\"elementor-widget-container\">\n\t\t\t\t\t<h1 class=\"elementor-heading-title elementor-size-default\">Questions fr\u00e9quemment pos\u00e9es<\/h1>\t\t\t\t<\/div>\n\t\t\t\t<\/div>\n\t\t\t\t<div class=\"elementor-element elementor-element-678300ff elementor-icon-list--layout-inline elementor-align-center elementor-list-item-link-full_width elementor-widget elementor-widget-icon-list\" data-id=\"678300ff\" data-element_type=\"widget\" data-e-type=\"widget\" data-widget_type=\"icon-list.default\">\n\t\t\t\t<div class=\"elementor-widget-container\">\n\t\t\t\t\t\t\t<ul class=\"elementor-icon-list-items elementor-inline-items\">\n\t\t\t\t\t\t\t<li class=\"elementor-icon-list-item elementor-inline-item\">\n\t\t\t\t\t\t\t\t\t\t\t<a href=\"#\">\n\n\t\t\t\t\t\t\t\t\t\t\t<span class=\"elementor-icon-list-text\"><\/span>\n\t\t\t\t\t\t\t\t\t\t\t<\/a>\n\t\t\t\t\t\t\t\t\t<\/li>\n\t\t\t\t\t\t\t\t<li class=\"elementor-icon-list-item elementor-inline-item\">\n\t\t\t\t\t\t\t\t\t\t<span class=\"elementor-icon-list-text\"><\/span>\n\t\t\t\t\t\t\t\t\t<\/li>\n\t\t\t\t\t\t<\/ul>\n\t\t\t\t\t\t<\/div>\n\t\t\t\t<\/div>\n\t\t\t\t<\/div>\n\t\t<div class=\"elementor-element elementor-element-280e38fc e-flex e-con-boxed e-con e-parent\" data-id=\"280e38fc\" data-element_type=\"container\" data-e-type=\"container\">\n\t\t\t\t\t<div class=\"e-con-inner\">\n\t\t<div class=\"elementor-element elementor-element-6167bc39 e-con-full e-flex e-con e-child\" data-id=\"6167bc39\" data-element_type=\"container\" data-e-type=\"container\">\n\t\t<div class=\"elementor-element elementor-element-23b3a55e e-flex e-con-boxed e-con e-child\" data-id=\"23b3a55e\" data-element_type=\"container\" data-e-type=\"container\">\n\t\t\t\t\t<div class=\"e-con-inner\">\n\t\t\t\t<div class=\"elementor-element elementor-element-2beec55c elementor-widget elementor-widget-heading\" data-id=\"2beec55c\" data-element_type=\"widget\" data-e-type=\"widget\" data-widget_type=\"heading.default\">\n\t\t\t\t<div class=\"elementor-widget-container\">\n\t\t\t\t\t<h2 class=\"elementor-heading-title elementor-size-default\">Votre guide pour des solutions de lavage plus intelligentes<\/h2>\t\t\t\t<\/div>\n\t\t\t\t<\/div>\n\t\t\t\t\t<\/div>\n\t\t\t\t<\/div>\n\t\t\t\t<div class=\"elementor-element elementor-element-480101e0 elementor-widget elementor-widget-text-editor\" data-id=\"480101e0\" data-element_type=\"widget\" data-e-type=\"widget\" data-widget_type=\"text-editor.default\">\n\t\t\t\t<div class=\"elementor-widget-container\">\n\t\t\t\t\t\t\t\t\t<p><span data-slate-fragment=\"JTVCJTdCJTIydHlwZSUyMiUzQSUyMnBhcmFncmFwaCUyMiUyQyUyMmNoaWxkcmVuJTIyJTNBJTVCJTdCJTIydGV4dCUyMiUzQSUyMmF2aWdhdGUlMjB5b3VyJTIwcGF0aCUyMHRvJTIwc3VjY2VzcyUyMHdpdGglMjBvdXIlMjBkZXRhaWxlZCUyMEZBUXMlMkMlMjBkZXNpZ25lZCUyMHRvJTIwaGVscCUyMHlvdSUyMGdldCUyMHRoZSUyMG1vc3QlMjBmcm9tJTIwQVFVQUNBUldBU0guJTIwRnJvbSUyMHByb2R1Y3QlMjBmZWF0dXJlcyUyMHRvJTIwbWFpbnRlbmFuY2UlMjB0aXBzJTJDJTIwd2UlMjBjb3ZlciUyMGV2ZXJ5dGhpbmclMjB5b3UlMjBuZWVkJTIwdG8lMjBrbm93JTIwdG8lMjBvcHRpbWl6ZSUyMHlvdXIlMjBidXNpbmVzcy4lMjIlN0QlNUQlN0QlNUQ=\">Naviguez vers le succ\u00e8s gr\u00e2ce \u00e0 nos FAQ d\u00e9taill\u00e9es, con\u00e7ues pour vous aider \u00e0 tirer le meilleur parti d'AQUACARWASH. Des caract\u00e9ristiques des produits aux conseils d'entretien, nous couvrons tout ce que vous devez savoir pour optimiser votre activit\u00e9.<\/span><\/p>\t\t\t\t\t\t\t\t<\/div>\n\t\t\t\t<\/div>\n\t\t\t\t<div class=\"elementor-element elementor-element-6432dfc8 elementor-widget elementor-widget-button\" data-id=\"6432dfc8\" data-element_type=\"widget\" data-e-type=\"widget\" data-widget_type=\"button.default\">\n\t\t\t\t<div class=\"elementor-widget-container\">\n\t\t\t\t\t\t\t\t\t<div class=\"elementor-button-wrapper\">\n\t\t\t\t\t<a class=\"elementor-button elementor-button-link elementor-size-sm\" href=\"#elementor-action%3Aaction%3Dpopup%3Aopen%26settings%3DeyJpZCI6IjQ4OCIsInRvZ2dsZSI6ZmFsc2V9\" target=\"_blank\">\n\t\t\t\t\t\t<span class=\"elementor-button-content-wrapper\">\n\t\t\t\t\t\t<span class=\"elementor-button-icon\">\n\t\t\t\t<i aria-hidden=\"true\" class=\"jki jki-right-arrow-light\"><\/i>\t\t\t<\/span>\n\t\t\t\t\t\t\t\t\t<span class=\"elementor-button-text\">Soumettre votre demande<\/span>\n\t\t\t\t\t<\/span>\n\t\t\t\t\t<\/a>\n\t\t\t\t<\/div>\n\t\t\t\t\t\t\t\t<\/div>\n\t\t\t\t<\/div>\n\t\t\t\t<\/div>\n\t\t<div class=\"elementor-element elementor-element-21814c79 e-con-full e-flex e-con e-child\" data-id=\"21814c79\" data-element_type=\"container\" data-e-type=\"container\">\n\t\t\t\t<div class=\"elementor-element elementor-element-40644a9d elementor-widget elementor-widget-tfaccordion\" data-id=\"40644a9d\" data-element_type=\"widget\" data-e-type=\"widget\" data-widget_type=\"tfaccordion.default\">\n\t\t\t\t<div class=\"elementor-widget-container\">\n\t\t\t\t\t<div class=\"tf-accordion\"> \r\n\t\t\t\t<div class=\"tf-accordion-item\"><div class=\"accordion-title icon_after\"><span class=\"title-text\">Quel est le d\u00e9lai de fabrication d'une machine \u00e0 laver les voitures ?<\/span> \t\t\r\n\t\t\t\t<span class=\"wrap-accordion-icon wrap-accordion-icon-right\">\t\t\r\n\t\t\t\t<span class=\"accordion-icon accordion-icon-close\"><i class=\"icon icon-plus-circle\"><\/i><\/span>\r\n\t\t\t\t<span class=\"accordion-icon accordion-icon-open\"><i class=\"jki jki-circle-minus-light\"><\/i><\/span>\r\n\t\t\t\t<\/span><\/div> <div class=\"accordion-content\"><p>Le d\u00e9lai de production est g\u00e9n\u00e9ralement de 15 \u00e0 30 jours, selon que nous devons ou non personnaliser les sp\u00e9cifications \u00e9lectriques pour nos clients.<\/p><\/div><\/div><div class=\"tf-accordion-item active\"><div class=\"accordion-title icon_after active\"><span class=\"title-text\">Quelles sont les informations que les clients doivent confirmer avant de cr\u00e9er une entreprise de lavage automatique de voitures ?<\/span> \t\t\r\n\t\t\t\t<span class=\"wrap-accordion-icon wrap-accordion-icon-right\">\t\t\r\n\t\t\t\t<span class=\"accordion-icon accordion-icon-close\"><i class=\"icon icon-plus-circle\"><\/i><\/span>\r\n\t\t\t\t<span class=\"accordion-icon accordion-icon-open\"><i class=\"jki jki-circle-minus-light\"><\/i><\/span>\r\n\t\t\t\t<\/span><\/div> <div class=\"accordion-content\"><p>Chaque pays ayant des normes de tension et de fr\u00e9quence diff\u00e9rentes, les clients doivent v\u00e9rifier la tension et la fr\u00e9quence locales avant d'acheter une station de lavage enti\u00e8rement automatique. Plus pr\u00e9cis\u00e9ment, la machine n\u00e9cessite une tension triphas\u00e9e, et non une tension r\u00e9sidentielle.<\/p><\/div><\/div><div class=\"tf-accordion-item\"><div class=\"accordion-title icon_after\"><span class=\"title-text\">Quelle est la meilleure solution : une machine de lavage automatique sans contact ou une machine de lavage automatique \u00e0 brosse ?<\/span> \t\t\r\n\t\t\t\t<span class=\"wrap-accordion-icon wrap-accordion-icon-right\">\t\t\r\n\t\t\t\t<span class=\"accordion-icon accordion-icon-close\"><i class=\"icon icon-plus-circle\"><\/i><\/span>\r\n\t\t\t\t<span class=\"accordion-icon accordion-icon-open\"><i class=\"jki jki-circle-minus-light\"><\/i><\/span>\r\n\t\t\t\t<\/span><\/div> <div class=\"accordion-content\"><div class=\"flex max-w-full flex-col flex-grow\"><div class=\"min-h-[20px] text-message flex w-full flex-col items-end gap-2 whitespace-normal break-words [.text-message+&amp;]:mt-5\" dir=\"auto\" data-message-author-role=\"assistant\" data-message-id=\"0ac48832-483f-4f46-ba3d-1b2a71a7a4c9\"><div class=\"flex w-full flex-col gap-1 empty:hidden first:pt-[3px]\"><div class=\"markdown prose w-full break-words dark:prose-invert light\"><p>Il s'agit d'une question fr\u00e9quemment pos\u00e9e : les co\u00fbts d'exploitation des lave-autos sans contact sont g\u00e9n\u00e9ralement inf\u00e9rieurs \u00e0 ceux des lave-autos \u00e0 brosse. Toutefois, les lave-autos \u00e0 brosse offrent g\u00e9n\u00e9ralement de meilleures performances de nettoyage que les lave-autos sans contact.<\/p><\/div><\/div><\/div><\/div><div class=\"mt-1 flex gap-3 empty:hidden -ml-2\"><div class=\"items-center justify-start rounded-xl p-1 flex\"><div class=\"flex items-center\"><div class=\"flex items-center pb-0\"><span class=\"overflow-hidden text-clip whitespace-nowrap text-sm\">4o<\/span><\/div><\/div><\/div><\/div><\/div><\/div><div class=\"tf-accordion-item\"><div class=\"accordion-title icon_after\"><span class=\"title-text\">Fournirons-nous des conseils complets ?<\/span> \t\t\r\n\t\t\t\t<span class=\"wrap-accordion-icon wrap-accordion-icon-right\">\t\t\r\n\t\t\t\t<span class=\"accordion-icon accordion-icon-close\"><i class=\"icon icon-plus-circle\"><\/i><\/span>\r\n\t\t\t\t<span class=\"accordion-icon accordion-icon-open\"><i class=\"jki jki-circle-minus-light\"><\/i><\/span>\r\n\t\t\t\t<\/span><\/div> <div class=\"accordion-content\"><p>Oui, nous disposons d'une \u00e9quipe de service apr\u00e8s-vente professionnelle, compos\u00e9e d'ing\u00e9nieurs et de repr\u00e9sentants du service client\u00e8le. Que ce soit pendant le transport ou l'installation, si les clients rencontrent des probl\u00e8mes, nous leur fournirons rapidement des solutions appropri\u00e9es.<\/p><\/div><\/div>\r\n            <\/div>\t\t\t\t<\/div>\n\t\t\t\t<\/div>\n\t\t\t\t<\/div>\n\t\t\t\t\t<\/div>\n\t\t\t\t<\/div>\n\t\t<div class=\"elementor-element elementor-element-33fd108f e-flex e-con-boxed e-con e-parent\" data-id=\"33fd108f\" data-element_type=\"container\" data-e-type=\"container\">\n\t\t\t\t\t<div class=\"e-con-inner\">\n\t\t<div class=\"elementor-element elementor-element-794c027 e-flex e-con-boxed e-con e-child\" data-id=\"794c027\" data-element_type=\"container\" data-e-type=\"container\">\n\t\t\t\t\t<div class=\"e-con-inner\">\n\t\t\t\t<div class=\"elementor-element elementor-element-571d8016 elementor-widget elementor-widget-heading\" data-id=\"571d8016\" data-element_type=\"widget\" data-e-type=\"widget\" data-widget_type=\"heading.default\">\n\t\t\t\t<div class=\"elementor-widget-container\">\n\t\t\t\t\t<h2 class=\"elementor-heading-title elementor-size-default\">N'h\u00e9sitez pas \u00e0 nous contacter<\/h2>\t\t\t\t<\/div>\n\t\t\t\t<\/div>\n\t\t\t\t<div class=\"elementor-element elementor-element-1de4bc49 elementor-widget elementor-widget-text-editor\" data-id=\"1de4bc49\" data-element_type=\"widget\" data-e-type=\"widget\" data-widget_type=\"text-editor.default\">\n\t\t\t\t<div class=\"elementor-widget-container\">\n\t\t\t\t\t\t\t\t\t<p>Que vous soyez \u00e0 la recherche d'une nouvelle technologie ou d'un service d'assistance, nous vous fournissons des r\u00e9ponses claires et concises pour assurer le bon d\u00e9roulement de vos op\u00e9rations. Pour une assistance plus personnalis\u00e9e, n'h\u00e9sitez pas \u00e0 nous contacter. Nous sommes l\u00e0 pour vous aider \u00e0 atteindre une efficacit\u00e9 et une rentabilit\u00e9 maximales.<\/p>\t\t\t\t\t\t\t\t<\/div>\n\t\t\t\t<\/div>\n\t\t\t\t<div class=\"elementor-element elementor-element-1e1787f2 elementor-align-center elementor-widget elementor-widget-button\" data-id=\"1e1787f2\" data-element_type=\"widget\" data-e-type=\"widget\" data-widget_type=\"button.default\">\n\t\t\t\t<div class=\"elementor-widget-container\">\n\t\t\t\t\t\t\t\t\t<div class=\"elementor-button-wrapper\">\n\t\t\t\t\t<a class=\"elementor-button elementor-button-link elementor-size-sm\" href=\"#elementor-action%3Aaction%3Dpopup%3Aopen%26settings%3DeyJpZCI6IjQ4OCIsInRvZ2dsZSI6ZmFsc2V9\" target=\"_blank\">\n\t\t\t\t\t\t<span class=\"elementor-button-content-wrapper\">\n\t\t\t\t\t\t<span class=\"elementor-button-icon\">\n\t\t\t\t<i aria-hidden=\"true\" class=\"jki jki-right-arrow-light\"><\/i>\t\t\t<\/span>\n\t\t\t\t\t\t\t\t\t<span class=\"elementor-button-text\">Soumettre votre demande<\/span>\n\t\t\t\t\t<\/span>\n\t\t\t\t\t<\/a>\n\t\t\t\t<\/div>\n\t\t\t\t\t\t\t\t<\/div>\n\t\t\t\t<\/div>\n\t\t\t\t\t<\/div>\n\t\t\t\t<\/div>\n\t\t\t\t\t<\/div>\n\t\t\t\t<\/div>\n\t\t\t\t<\/div>","protected":false},"excerpt":{"rendered":"<p>Frequently Asked Questions Your Guide to Smarter Car Wash Solutions Navigate your path to success with our detailed FAQs, designed to help you get the most from AQUACARWASH. From product features to maintenance tips, we cover everything you need to know to optimize your business. Submit Your Inquiry What is the leading time for auto [&hellip;]<\/p>","protected":false},"author":1,"featured_media":0,"parent":0,"menu_order":0,"comment_status":"closed","ping_status":"closed","template":"","meta":{"_seopress_robots_primary_cat":"","_seopress_titles_title":"","_seopress_titles_desc":"","_seopress_robots_index":"","_seopress_analysis_target_kw":"","footnotes":""},"class_list":["post-1444","page","type-page","status-publish","hentry"],"_links":{"self":[{"href":"https:\/\/aquawashtech.com\/fr\/wp-json\/wp\/v2\/pages\/1444","targetHints":{"allow":["GET"]}}],"collection":[{"href":"https:\/\/aquawashtech.com\/fr\/wp-json\/wp\/v2\/pages"}],"about":[{"href":"https:\/\/aquawashtech.com\/fr\/wp-json\/wp\/v2\/types\/page"}],"author":[{"embeddable":true,"href":"https:\/\/aquawashtech.com\/fr\/wp-json\/wp\/v2\/users\/1"}],"replies":[{"embeddable":true,"href":"https:\/\/aquawashtech.com\/fr\/wp-json\/wp\/v2\/comments?post=1444"}],"version-history":[{"count":29,"href":"https:\/\/aquawashtech.com\/fr\/wp-json\/wp\/v2\/pages\/1444\/revisions"}],"predecessor-version":[{"id":2132,"href":"https:\/\/aquawashtech.com\/fr\/wp-json\/wp\/v2\/pages\/1444\/revisions\/2132"}],"wp:attachment":[{"href":"https:\/\/aquawashtech.com\/fr\/wp-json\/wp\/v2\/media?parent=1444"}],"curies":[{"name":"wp","href":"https:\/\/api.w.org\/{rel}","templated":true}]}}