{"id":1203,"date":"2024-09-08T22:58:39","date_gmt":"2024-09-08T14:58:39","guid":{"rendered":"https:\/\/aquawashtech.com\/?page_id=1203"},"modified":"2024-09-25T00:29:54","modified_gmt":"2024-09-24T16:29:54","slug":"produit","status":"publish","type":"page","link":"https:\/\/aquawashtech.com\/fr\/produit\/","title":{"rendered":"Produit"},"content":{"rendered":"<div data-elementor-type=\"wp-page\" data-elementor-id=\"1203\" class=\"elementor elementor-1203\" data-elementor-post-type=\"page\">\n\t\t\t\t<div class=\"elementor-element elementor-element-20759c5a e-flex e-con-boxed e-con e-parent\" data-id=\"20759c5a\" data-element_type=\"container\" data-e-type=\"container\" data-settings=\"{&quot;background_background&quot;:&quot;gradient&quot;}\">\n\t\t\t\t\t<div class=\"e-con-inner\">\n\t\t<div class=\"elementor-element elementor-element-6ad31cd8 e-con-full e-flex e-con e-child\" data-id=\"6ad31cd8\" data-element_type=\"container\" data-e-type=\"container\">\n\t\t<div class=\"elementor-element elementor-element-2d6bf6f7 e-con-full e-flex e-con e-child\" data-id=\"2d6bf6f7\" data-element_type=\"container\" data-e-type=\"container\">\n\t\t\t\t<div class=\"elementor-element elementor-element-44327fe9 elementor-position-top elementor-widget elementor-widget-image-box\" data-id=\"44327fe9\" data-element_type=\"widget\" data-e-type=\"widget\" data-widget_type=\"image-box.default\">\n\t\t\t\t<div class=\"elementor-widget-container\">\n\t\t\t\t\t<div class=\"elementor-image-box-wrapper\"><figure class=\"elementor-image-box-img\"><a href=\"#\" tabindex=\"-1\"><img fetchpriority=\"high\" decoding=\"async\" width=\"1706\" height=\"1280\" src=\"https:\/\/aquawashtech.com\/wp-content\/uploads\/2024\/01\/DNZW6561.jpg\" class=\"attachment-full size-full wp-image-917\" alt=\"\" srcset=\"https:\/\/aquawashtech.com\/wp-content\/uploads\/2024\/01\/DNZW6561.jpg 1706w, https:\/\/aquawashtech.com\/wp-content\/uploads\/2024\/01\/DNZW6561-300x225.jpg 300w, https:\/\/aquawashtech.com\/wp-content\/uploads\/2024\/01\/DNZW6561-1024x768.jpg 1024w, https:\/\/aquawashtech.com\/wp-content\/uploads\/2024\/01\/DNZW6561-768x576.jpg 768w, https:\/\/aquawashtech.com\/wp-content\/uploads\/2024\/01\/DNZW6561-1536x1152.jpg 1536w\" sizes=\"(max-width: 1706px) 100vw, 1706px\" \/><\/a><\/figure><div class=\"elementor-image-box-content\"><h3 class=\"elementor-image-box-title\"><a href=\"#\">Lave-auto \u00e0 bras unique<\/a><\/h3><p class=\"elementor-image-box-description\">Lavage automatique \u00e0 haute pression avec mousse et eau Finition \u00e0 la cire<\/p><\/div><\/div>\t\t\t\t<\/div>\n\t\t\t\t<\/div>\n\t\t\t\t<\/div>\n\t\t<div class=\"elementor-element elementor-element-2a25d802 e-con-full e-flex e-con e-child\" data-id=\"2a25d802\" data-element_type=\"container\" data-e-type=\"container\">\n\t\t\t\t<div class=\"elementor-element elementor-element-62e6fb2d elementor-position-top elementor-widget elementor-widget-image-box\" data-id=\"62e6fb2d\" data-element_type=\"widget\" data-e-type=\"widget\" data-widget_type=\"image-box.default\">\n\t\t\t\t<div class=\"elementor-widget-container\">\n\t\t\t\t\t<div class=\"elementor-image-box-wrapper\"><figure class=\"elementor-image-box-img\"><a href=\"#\" tabindex=\"-1\"><img decoding=\"async\" width=\"1707\" height=\"1280\" src=\"https:\/\/aquawashtech.com\/wp-content\/uploads\/2024\/01\/\u5fae\u4fe1\u56fe\u7247_20240126111351.jpg\" class=\"attachment-full size-full wp-image-915\" alt=\"\" srcset=\"https:\/\/aquawashtech.com\/wp-content\/uploads\/2024\/01\/\u5fae\u4fe1\u56fe\u7247_20240126111351.jpg 1707w, https:\/\/aquawashtech.com\/wp-content\/uploads\/2024\/01\/\u5fae\u4fe1\u56fe\u7247_20240126111351-300x225.jpg 300w, https:\/\/aquawashtech.com\/wp-content\/uploads\/2024\/01\/\u5fae\u4fe1\u56fe\u7247_20240126111351-1024x768.jpg 1024w, https:\/\/aquawashtech.com\/wp-content\/uploads\/2024\/01\/\u5fae\u4fe1\u56fe\u7247_20240126111351-768x576.jpg 768w, https:\/\/aquawashtech.com\/wp-content\/uploads\/2024\/01\/\u5fae\u4fe1\u56fe\u7247_20240126111351-1536x1152.jpg 1536w\" sizes=\"(max-width: 1707px) 100vw, 1707px\" \/><\/a><\/figure><div class=\"elementor-image-box-content\"><h3 class=\"elementor-image-box-title\"><a href=\"#\">Lave-auto Gantry<\/a><\/h3><p class=\"elementor-image-box-description\">Lavage et s\u00e9chage complets en 3 \u00e0 5 minutes<\/p><\/div><\/div>\t\t\t\t<\/div>\n\t\t\t\t<\/div>\n\t\t\t\t<\/div>\n\t\t<div class=\"elementor-element elementor-element-4b46fe7e e-con-full e-flex e-con e-child\" data-id=\"4b46fe7e\" data-element_type=\"container\" data-e-type=\"container\">\n\t\t\t\t<div class=\"elementor-element elementor-element-7b552e7c elementor-position-top elementor-widget elementor-widget-image-box\" data-id=\"7b552e7c\" data-element_type=\"widget\" data-e-type=\"widget\" data-widget_type=\"image-box.default\">\n\t\t\t\t<div class=\"elementor-widget-container\">\n\t\t\t\t\t<div class=\"elementor-image-box-wrapper\"><figure class=\"elementor-image-box-img\"><a href=\"#\" tabindex=\"-1\"><img decoding=\"async\" width=\"1440\" height=\"1080\" src=\"https:\/\/aquawashtech.com\/wp-content\/uploads\/2024\/01\/IMG_8970.jpg\" class=\"attachment-full size-full wp-image-736\" alt=\"\" srcset=\"https:\/\/aquawashtech.com\/wp-content\/uploads\/2024\/01\/IMG_8970.jpg 1440w, https:\/\/aquawashtech.com\/wp-content\/uploads\/2024\/01\/IMG_8970-300x225.jpg 300w, https:\/\/aquawashtech.com\/wp-content\/uploads\/2024\/01\/IMG_8970-1024x768.jpg 1024w, https:\/\/aquawashtech.com\/wp-content\/uploads\/2024\/01\/IMG_8970-768x576.jpg 768w\" sizes=\"(max-width: 1440px) 100vw, 1440px\" \/><\/a><\/figure><div class=\"elementor-image-box-content\"><h3 class=\"elementor-image-box-title\"><a href=\"#\">Lave-auto \u00e0 double bras<\/a><\/h3><p class=\"elementor-image-box-description\">Lavage \u00e0 ultra-haute pression avec mousse et eau Finition \u00e0 la cire<\/p><\/div><\/div>\t\t\t\t<\/div>\n\t\t\t\t<\/div>\n\t\t\t\t<\/div>\n\t\t\t\t<\/div>\n\t\t<div class=\"elementor-element elementor-element-4d22fd37 e-con-full e-flex e-con e-child\" data-id=\"4d22fd37\" data-element_type=\"container\" data-e-type=\"container\">\n\t\t<div class=\"elementor-element elementor-element-4a362f80 e-con-full e-flex e-con e-child\" data-id=\"4a362f80\" data-element_type=\"container\" data-e-type=\"container\">\n\t\t\t\t<div class=\"elementor-element elementor-element-716aa09 elementor-position-top elementor-widget elementor-widget-image-box\" data-id=\"716aa09\" data-element_type=\"widget\" data-e-type=\"widget\" data-widget_type=\"image-box.default\">\n\t\t\t\t<div class=\"elementor-widget-container\">\n\t\t\t\t\t<div class=\"elementor-image-box-wrapper\"><figure class=\"elementor-image-box-img\"><a href=\"#\" tabindex=\"-1\"><img loading=\"lazy\" decoding=\"async\" width=\"1706\" height=\"1280\" src=\"https:\/\/aquawashtech.com\/wp-content\/uploads\/2024\/03\/\u5fae\u4fe1\u56fe\u7247_20240126110744.jpg\" class=\"attachment-full size-full wp-image-1019\" alt=\"\" srcset=\"https:\/\/aquawashtech.com\/wp-content\/uploads\/2024\/03\/\u5fae\u4fe1\u56fe\u7247_20240126110744.jpg 1706w, https:\/\/aquawashtech.com\/wp-content\/uploads\/2024\/03\/\u5fae\u4fe1\u56fe\u7247_20240126110744-300x225.jpg 300w, https:\/\/aquawashtech.com\/wp-content\/uploads\/2024\/03\/\u5fae\u4fe1\u56fe\u7247_20240126110744-1024x768.jpg 1024w, https:\/\/aquawashtech.com\/wp-content\/uploads\/2024\/03\/\u5fae\u4fe1\u56fe\u7247_20240126110744-768x576.jpg 768w, https:\/\/aquawashtech.com\/wp-content\/uploads\/2024\/03\/\u5fae\u4fe1\u56fe\u7247_20240126110744-1536x1152.jpg 1536w\" sizes=\"(max-width: 1706px) 100vw, 1706px\" \/><\/a><\/figure><div class=\"elementor-image-box-content\"><h3 class=\"elementor-image-box-title\"><a href=\"#\">Lave-auto sans contact 360<\/a><\/h3><p class=\"elementor-image-box-description\">Pression accrue, nettoyage complet<\/p><\/div><\/div>\t\t\t\t<\/div>\n\t\t\t\t<\/div>\n\t\t\t\t<\/div>\n\t\t<div class=\"elementor-element elementor-element-beac124 e-con-full e-flex e-con e-child\" data-id=\"beac124\" data-element_type=\"container\" data-e-type=\"container\">\n\t\t\t\t<div class=\"elementor-element elementor-element-7d576024 elementor-position-top elementor-widget elementor-widget-image-box\" data-id=\"7d576024\" data-element_type=\"widget\" data-e-type=\"widget\" data-widget_type=\"image-box.default\">\n\t\t\t\t<div class=\"elementor-widget-container\">\n\t\t\t\t\t<div class=\"elementor-image-box-wrapper\"><figure class=\"elementor-image-box-img\"><a href=\"#\" tabindex=\"-1\"><img loading=\"lazy\" decoding=\"async\" width=\"1706\" height=\"1280\" src=\"https:\/\/aquawashtech.com\/wp-content\/uploads\/2023\/11\/\u9ec4\u8272\u5f80\u590d\u673a.png\" class=\"attachment-full size-full wp-image-164\" alt=\"\" srcset=\"https:\/\/aquawashtech.com\/wp-content\/uploads\/2023\/11\/\u9ec4\u8272\u5f80\u590d\u673a.png 1706w, https:\/\/aquawashtech.com\/wp-content\/uploads\/2023\/11\/\u9ec4\u8272\u5f80\u590d\u673a-300x225.png 300w, https:\/\/aquawashtech.com\/wp-content\/uploads\/2023\/11\/\u9ec4\u8272\u5f80\u590d\u673a-1024x768.png 1024w, https:\/\/aquawashtech.com\/wp-content\/uploads\/2023\/11\/\u9ec4\u8272\u5f80\u590d\u673a-768x576.png 768w, https:\/\/aquawashtech.com\/wp-content\/uploads\/2023\/11\/\u9ec4\u8272\u5f80\u590d\u673a-1536x1152.png 1536w\" sizes=\"(max-width: 1706px) 100vw, 1706px\" \/><\/a><\/figure><div class=\"elementor-image-box-content\"><h3 class=\"elementor-image-box-title\"><a href=\"#\">Lavage de voitures par renversement<\/a><\/h3><p class=\"elementor-image-box-description\">Lavage et s\u00e9chage complets en 3 \u00e0 5 minutes<\/p><\/div><\/div>\t\t\t\t<\/div>\n\t\t\t\t<\/div>\n\t\t\t\t<\/div>\n\t\t<div class=\"elementor-element elementor-element-6044c94f e-con-full e-flex e-con e-child\" data-id=\"6044c94f\" data-element_type=\"container\" data-e-type=\"container\">\n\t\t\t\t<div class=\"elementor-element elementor-element-474a3aa1 elementor-position-top elementor-widget elementor-widget-image-box\" data-id=\"474a3aa1\" data-element_type=\"widget\" data-e-type=\"widget\" data-widget_type=\"image-box.default\">\n\t\t\t\t<div class=\"elementor-widget-container\">\n\t\t\t\t\t<div class=\"elementor-image-box-wrapper\"><figure class=\"elementor-image-box-img\"><a href=\"#\" tabindex=\"-1\"><img loading=\"lazy\" decoding=\"async\" width=\"1707\" height=\"1280\" src=\"https:\/\/aquawashtech.com\/wp-content\/uploads\/2024\/09\/\u5fae\u4fe1\u56fe\u7247_20240719141839.jpg\" class=\"attachment-full size-full wp-image-1696\" alt=\"\" srcset=\"https:\/\/aquawashtech.com\/wp-content\/uploads\/2024\/09\/\u5fae\u4fe1\u56fe\u7247_20240719141839.jpg 1707w, https:\/\/aquawashtech.com\/wp-content\/uploads\/2024\/09\/\u5fae\u4fe1\u56fe\u7247_20240719141839-300x225.jpg 300w, https:\/\/aquawashtech.com\/wp-content\/uploads\/2024\/09\/\u5fae\u4fe1\u56fe\u7247_20240719141839-1024x768.jpg 1024w, https:\/\/aquawashtech.com\/wp-content\/uploads\/2024\/09\/\u5fae\u4fe1\u56fe\u7247_20240719141839-768x576.jpg 768w, https:\/\/aquawashtech.com\/wp-content\/uploads\/2024\/09\/\u5fae\u4fe1\u56fe\u7247_20240719141839-1536x1152.jpg 1536w\" sizes=\"(max-width: 1707px) 100vw, 1707px\" \/><\/a><\/figure><div class=\"elementor-image-box-content\"><h3 class=\"elementor-image-box-title\"><a href=\"#\">Une station de lavage automatique sous-poste<\/a><\/h3><p class=\"elementor-image-box-description\">Lavage \u00e0 haute pression ind\u00e9pendant, brossage sous portique, s\u00e9chage\n\n20 v\u00e9hicules par heure<\/p><\/div><\/div>\t\t\t\t<\/div>\n\t\t\t\t<\/div>\n\t\t\t\t<\/div>\n\t\t\t\t<\/div>\n\t\t<div class=\"elementor-element elementor-element-2833b90c e-con-full e-flex e-con e-child\" data-id=\"2833b90c\" data-element_type=\"container\" data-e-type=\"container\">\n\t\t<div class=\"elementor-element elementor-element-7e1ed927 e-con-full e-flex e-con e-child\" data-id=\"7e1ed927\" data-element_type=\"container\" data-e-type=\"container\">\n\t\t\t\t<div class=\"elementor-element elementor-element-326bd239 elementor-position-top elementor-widget elementor-widget-image-box\" data-id=\"326bd239\" data-element_type=\"widget\" data-e-type=\"widget\" data-widget_type=\"image-box.default\">\n\t\t\t\t<div class=\"elementor-widget-container\">\n\t\t\t\t\t<div class=\"elementor-image-box-wrapper\"><figure class=\"elementor-image-box-img\"><a href=\"#\" tabindex=\"-1\"><img loading=\"lazy\" decoding=\"async\" width=\"1019\" height=\"885\" src=\"https:\/\/aquawashtech.com\/wp-content\/uploads\/2024\/09\/1726586187755.png\" class=\"attachment-full size-full wp-image-1802\" alt=\"\" srcset=\"https:\/\/aquawashtech.com\/wp-content\/uploads\/2024\/09\/1726586187755.png 1019w, https:\/\/aquawashtech.com\/wp-content\/uploads\/2024\/09\/1726586187755-300x261.png 300w, https:\/\/aquawashtech.com\/wp-content\/uploads\/2024\/09\/1726586187755-768x667.png 768w\" sizes=\"(max-width: 1019px) 100vw, 1019px\" \/><\/a><\/figure><div class=\"elementor-image-box-content\"><h3 class=\"elementor-image-box-title\"><a href=\"#\">Bus Car Wash<\/a><\/h3><p class=\"elementor-image-box-description\">Possibilit\u00e9 de laver des v\u00e9hicules sp\u00e9ciaux, des ambulances, des voitures de police et d'autres v\u00e9hicules de prestige avec un \u00e9quipement sur le toit<\/p><\/div><\/div>\t\t\t\t<\/div>\n\t\t\t\t<\/div>\n\t\t\t\t<\/div>\n\t\t<div class=\"elementor-element elementor-element-1306809f e-con-full e-flex e-con e-child\" data-id=\"1306809f\" data-element_type=\"container\" data-e-type=\"container\">\n\t\t\t\t<div class=\"elementor-element elementor-element-40734a23 elementor-position-top elementor-widget elementor-widget-image-box\" data-id=\"40734a23\" data-element_type=\"widget\" data-e-type=\"widget\" data-widget_type=\"image-box.default\">\n\t\t\t\t<div class=\"elementor-widget-container\">\n\t\t\t\t\t<div class=\"elementor-image-box-wrapper\"><figure class=\"elementor-image-box-img\"><a href=\"#\" tabindex=\"-1\"><img loading=\"lazy\" decoding=\"async\" width=\"705\" height=\"585\" src=\"https:\/\/aquawashtech.com\/wp-content\/uploads\/2024\/09\/1726586128866.png\" class=\"attachment-full size-full wp-image-1801\" alt=\"\" srcset=\"https:\/\/aquawashtech.com\/wp-content\/uploads\/2024\/09\/1726586128866.png 705w, https:\/\/aquawashtech.com\/wp-content\/uploads\/2024\/09\/1726586128866-300x249.png 300w\" sizes=\"(max-width: 705px) 100vw, 705px\" \/><\/a><\/figure><div class=\"elementor-image-box-content\"><h3 class=\"elementor-image-box-title\"><a href=\"#\">Bus Car Wash<\/a><\/h3><p class=\"elementor-image-box-description\">Autobus, autocar, camion-citerne, camion-bo\u00eete, v\u00e9hicule sanitaire<\/p><\/div><\/div>\t\t\t\t<\/div>\n\t\t\t\t<\/div>\n\t\t\t\t<\/div>\n\t\t<div class=\"elementor-element elementor-element-64054a1 e-con-full e-flex e-con e-child\" data-id=\"64054a1\" data-element_type=\"container\" data-e-type=\"container\">\n\t\t\t\t<div class=\"elementor-element elementor-element-217359cf elementor-position-top elementor-widget elementor-widget-image-box\" data-id=\"217359cf\" data-element_type=\"widget\" data-e-type=\"widget\" data-widget_type=\"image-box.default\">\n\t\t\t\t<div class=\"elementor-widget-container\">\n\t\t\t\t\t<div class=\"elementor-image-box-wrapper\"><figure class=\"elementor-image-box-img\"><a href=\"#\" tabindex=\"-1\"><img loading=\"lazy\" decoding=\"async\" width=\"752\" height=\"562\" src=\"https:\/\/aquawashtech.com\/wp-content\/uploads\/2024\/09\/1726586314111.png\" class=\"attachment-full size-full wp-image-1803\" alt=\"\" srcset=\"https:\/\/aquawashtech.com\/wp-content\/uploads\/2024\/09\/1726586314111.png 752w, https:\/\/aquawashtech.com\/wp-content\/uploads\/2024\/09\/1726586314111-300x224.png 300w\" sizes=\"(max-width: 752px) 100vw, 752px\" \/><\/a><\/figure><div class=\"elementor-image-box-content\"><h3 class=\"elementor-image-box-title\"><a href=\"#\">Tunnel Car Wash<\/a><\/h3><p class=\"elementor-image-box-description\">Seulement 11 m\u00e8tres de long, capable de laver 300 v\u00e9hicules par jour<\/p><\/div><\/div>\t\t\t\t<\/div>\n\t\t\t\t<\/div>\n\t\t\t\t<\/div>\n\t\t\t\t<\/div>\n\t\t\t\t\t<\/div>\n\t\t\t\t<\/div>\n\t\t<div class=\"elementor-element elementor-element-5e0e42e6 e-flex e-con-boxed e-con e-parent\" data-id=\"5e0e42e6\" data-element_type=\"container\" data-e-type=\"container\">\n\t\t\t\t\t<div class=\"e-con-inner\">\n\t\t<div class=\"elementor-element elementor-element-4478692 e-flex e-con-boxed e-con e-child\" data-id=\"4478692\" data-element_type=\"container\" data-e-type=\"container\">\n\t\t\t\t\t<div class=\"e-con-inner\">\n\t\t\t\t<div class=\"elementor-element elementor-element-1a6971af elementor-widget elementor-widget-heading\" data-id=\"1a6971af\" data-element_type=\"widget\" data-e-type=\"widget\" data-widget_type=\"heading.default\">\n\t\t\t\t<div class=\"elementor-widget-container\">\n\t\t\t\t\t<h2 class=\"elementor-heading-title elementor-size-default\">N'h\u00e9sitez pas \u00e0 nous contacter<\/h2>\t\t\t\t<\/div>\n\t\t\t\t<\/div>\n\t\t\t\t<div class=\"elementor-element elementor-element-4a00694c elementor-widget elementor-widget-text-editor\" data-id=\"4a00694c\" data-element_type=\"widget\" data-e-type=\"widget\" data-widget_type=\"text-editor.default\">\n\t\t\t\t<div class=\"elementor-widget-container\">\n\t\t\t\t\t\t\t\t\t<p>Que vous soyez \u00e0 la recherche d'une nouvelle technologie ou d'un service d'assistance, nous vous fournissons des r\u00e9ponses claires et concises pour assurer le bon d\u00e9roulement de vos op\u00e9rations. Pour une assistance plus personnalis\u00e9e, n'h\u00e9sitez pas \u00e0 nous contacter. Nous sommes l\u00e0 pour vous aider \u00e0 atteindre une efficacit\u00e9 et une rentabilit\u00e9 maximales.<\/p>\t\t\t\t\t\t\t\t<\/div>\n\t\t\t\t<\/div>\n\t\t\t\t<div class=\"elementor-element elementor-element-16c8d7d8 elementor-align-center elementor-widget elementor-widget-button\" data-id=\"16c8d7d8\" data-element_type=\"widget\" data-e-type=\"widget\" data-widget_type=\"button.default\">\n\t\t\t\t<div class=\"elementor-widget-container\">\n\t\t\t\t\t\t\t\t\t<div class=\"elementor-button-wrapper\">\n\t\t\t\t\t<a class=\"elementor-button elementor-button-link elementor-size-sm\" href=\"#elementor-action%3Aaction%3Dpopup%3Aopen%26settings%3DeyJpZCI6IjQ4OCIsInRvZ2dsZSI6ZmFsc2V9\" target=\"_blank\">\n\t\t\t\t\t\t<span class=\"elementor-button-content-wrapper\">\n\t\t\t\t\t\t<span class=\"elementor-button-icon\">\n\t\t\t\t<i aria-hidden=\"true\" class=\"jki jki-right-arrow-light\"><\/i>\t\t\t<\/span>\n\t\t\t\t\t\t\t\t\t<span class=\"elementor-button-text\">Soumettre votre demande<\/span>\n\t\t\t\t\t<\/span>\n\t\t\t\t\t<\/a>\n\t\t\t\t<\/div>\n\t\t\t\t\t\t\t\t<\/div>\n\t\t\t\t<\/div>\n\t\t\t\t\t<\/div>\n\t\t\t\t<\/div>\n\t\t\t\t\t<\/div>\n\t\t\t\t<\/div>\n\t\t\t\t<\/div>","protected":false},"excerpt":{"rendered":"<p>Single Arm Car Wash Automatic High-Pressure Wash with Foam &#038; Water Wax Finish Gantry Car Wash Complete Wash &#038; Dry in 3-5 Minutes Double Arm Car Wash Ultra-High Pressure Wash with Foam &#038; Water Wax Finish 360 Touchless Car Wash Increased Pressure, Full Coverage Cleaning Rollover Car Wash Complete Wash &#038; Dry in 3-5 Minutes [&hellip;]<\/p>","protected":false},"author":1,"featured_media":0,"parent":0,"menu_order":0,"comment_status":"closed","ping_status":"closed","template":"","meta":{"_seopress_robots_primary_cat":"","_seopress_titles_title":"","_seopress_titles_desc":"","_seopress_robots_index":"","_seopress_analysis_target_kw":"","footnotes":""},"class_list":["post-1203","page","type-page","status-publish","hentry"],"_links":{"self":[{"href":"https:\/\/aquawashtech.com\/fr\/wp-json\/wp\/v2\/pages\/1203","targetHints":{"allow":["GET"]}}],"collection":[{"href":"https:\/\/aquawashtech.com\/fr\/wp-json\/wp\/v2\/pages"}],"about":[{"href":"https:\/\/aquawashtech.com\/fr\/wp-json\/wp\/v2\/types\/page"}],"author":[{"embeddable":true,"href":"https:\/\/aquawashtech.com\/fr\/wp-json\/wp\/v2\/users\/1"}],"replies":[{"embeddable":true,"href":"https:\/\/aquawashtech.com\/fr\/wp-json\/wp\/v2\/comments?post=1203"}],"version-history":[{"count":25,"href":"https:\/\/aquawashtech.com\/fr\/wp-json\/wp\/v2\/pages\/1203\/revisions"}],"predecessor-version":[{"id":1966,"href":"https:\/\/aquawashtech.com\/fr\/wp-json\/wp\/v2\/pages\/1203\/revisions\/1966"}],"wp:attachment":[{"href":"https:\/\/aquawashtech.com\/fr\/wp-json\/wp\/v2\/media?parent=1203"}],"curies":[{"name":"wp","href":"https:\/\/api.w.org\/{rel}","templated":true}]}}