{"id":1486,"date":"2024-09-15T10:46:46","date_gmt":"2024-09-15T02:46:46","guid":{"rendered":"https:\/\/aquawashtech.com\/?page_id=1486"},"modified":"2024-09-25T00:22:55","modified_gmt":"2024-09-24T16:22:55","slug":"lavado-sin-contacto","status":"publish","type":"page","link":"https:\/\/aquawashtech.com\/es\/lavado-sin-contacto\/","title":{"rendered":"Lavado de coches sin contacto"},"content":{"rendered":"<div data-elementor-type=\"wp-page\" data-elementor-id=\"1486\" class=\"elementor elementor-1486\" data-elementor-post-type=\"page\">\n\t\t\t\t<div class=\"elementor-element elementor-element-7c1d5bf2 e-flex e-con-boxed e-con e-parent\" data-id=\"7c1d5bf2\" data-element_type=\"container\" data-e-type=\"container\" data-settings=\"{&quot;background_background&quot;:&quot;gradient&quot;}\">\n\t\t\t\t\t<div class=\"e-con-inner\">\n\t\t<div class=\"elementor-element elementor-element-6b9ab800 e-con-full e-flex e-con e-child\" data-id=\"6b9ab800\" data-element_type=\"container\" data-e-type=\"container\">\n\t\t\t\t<div class=\"elementor-element elementor-element-7303fd30 elementor-widget elementor-widget-image\" data-id=\"7303fd30\" data-element_type=\"widget\" data-e-type=\"widget\" data-widget_type=\"image.default\">\n\t\t\t\t<div class=\"elementor-widget-container\">\n\t\t\t\t\t\t\t\t\t\t\t\t\t\t\t<img fetchpriority=\"high\" decoding=\"async\" width=\"800\" height=\"600\" src=\"https:\/\/aquawashtech.com\/wp-content\/uploads\/2024\/01\/DNZW6561-1024x768.jpg\" class=\"attachment-large size-large wp-image-917\" alt=\"\" srcset=\"https:\/\/aquawashtech.com\/wp-content\/uploads\/2024\/01\/DNZW6561-1024x768.jpg 1024w, https:\/\/aquawashtech.com\/wp-content\/uploads\/2024\/01\/DNZW6561-300x225.jpg 300w, https:\/\/aquawashtech.com\/wp-content\/uploads\/2024\/01\/DNZW6561-768x576.jpg 768w, https:\/\/aquawashtech.com\/wp-content\/uploads\/2024\/01\/DNZW6561-1536x1152.jpg 1536w, https:\/\/aquawashtech.com\/wp-content\/uploads\/2024\/01\/DNZW6561.jpg 1706w\" sizes=\"(max-width: 800px) 100vw, 800px\" \/>\t\t\t\t\t\t\t\t\t\t\t\t\t\t\t<\/div>\n\t\t\t\t<\/div>\n\t\t\t\t<\/div>\n\t\t<div class=\"elementor-element elementor-element-4efe5e04 e-con-full e-flex e-con e-child\" data-id=\"4efe5e04\" data-element_type=\"container\" data-e-type=\"container\">\n\t\t\t\t<div class=\"elementor-element elementor-element-1eec0ce0 elementor-widget elementor-widget-heading\" data-id=\"1eec0ce0\" data-element_type=\"widget\" data-e-type=\"widget\" data-widget_type=\"heading.default\">\n\t\t\t\t<div class=\"elementor-widget-container\">\n\t\t\t\t\t<h2 class=\"elementor-heading-title elementor-size-default\">Lavadora de coches de brazo simple sin contacto<\/h2>\t\t\t\t<\/div>\n\t\t\t\t<\/div>\n\t\t\t\t<div class=\"elementor-element elementor-element-5eaf4dd4 elementor-widget elementor-widget-text-editor\" data-id=\"5eaf4dd4\" data-element_type=\"widget\" data-e-type=\"widget\" data-widget_type=\"text-editor.default\">\n\t\t\t\t<div class=\"elementor-widget-container\">\n\t\t\t\t\t\t\t\t\t<h5>Objetivos de limpieza: berlinas, taxis, todoterrenos, monovol\u00famenes y furgonetas.<br \/>Dimensiones del equipo: 6,2 m (largo) x 3,35 m (ancho) x 3 m (alto)<br \/>Dimensiones de la v\u00eda: 6m<br \/>Potencia nominal: 13Kw\/h<br \/>Requisitos de instalaci\u00f3n: longitud &gt; 6,2 m, anchura &gt; 3,5 m, altura &gt; 3,1 m<br \/>Especificaciones el\u00e9ctricas: 380V, 50Hz, 3L, N, PE, trif\u00e1sico de cinco hilos\u00a0<\/h5><h5><span style=\"color: #ff0000;\">(DEBE PERSONALIZARSE PARA CADA PA\u00cdS)<\/span><\/h5><h5><br \/>M\u00e9todo de lavado: Lavado envolvente 360<br \/>Duraci\u00f3n del ciclo de lavado: 3-7 minutos por veh\u00edculo<br \/>Consumo de agua por veh\u00edculo: 100-130 litros<br \/>Consumo el\u00e9ctrico por veh\u00edculo: aproximadamente 0,3-0,5Kw\/h<br \/>Consumo de energ\u00eda en modo de espera: &lt; 0,1Kw\/h<br \/>Dimensiones de lavado: longitud \u2264 5,5 m, anchura \u2264 2,3 m, altura \u2264 2 m.<\/h5>\t\t\t\t\t\t\t\t<\/div>\n\t\t\t\t<\/div>\n\t\t\t\t<\/div>\n\t\t\t\t\t<\/div>\n\t\t\t\t<\/div>\n\t\t<div class=\"elementor-element elementor-element-27e5909 e-flex e-con-boxed e-con e-parent\" data-id=\"27e5909\" data-element_type=\"container\" data-e-type=\"container\" data-settings=\"{&quot;background_background&quot;:&quot;gradient&quot;}\">\n\t\t\t\t\t<div class=\"e-con-inner\">\n\t\t<div class=\"elementor-element elementor-element-12e9397 e-con-full e-flex e-con e-child\" data-id=\"12e9397\" data-element_type=\"container\" data-e-type=\"container\">\n\t\t\t\t<div class=\"elementor-element elementor-element-e30019a elementor-widget elementor-widget-image\" data-id=\"e30019a\" data-element_type=\"widget\" data-e-type=\"widget\" data-widget_type=\"image.default\">\n\t\t\t\t<div class=\"elementor-widget-container\">\n\t\t\t\t\t\t\t\t\t\t\t\t\t\t\t<img decoding=\"async\" width=\"800\" height=\"600\" src=\"https:\/\/aquawashtech.com\/wp-content\/uploads\/2024\/01\/IMG_8970-1024x768.jpg\" class=\"attachment-large size-large wp-image-736\" alt=\"\" srcset=\"https:\/\/aquawashtech.com\/wp-content\/uploads\/2024\/01\/IMG_8970-1024x768.jpg 1024w, https:\/\/aquawashtech.com\/wp-content\/uploads\/2024\/01\/IMG_8970-300x225.jpg 300w, https:\/\/aquawashtech.com\/wp-content\/uploads\/2024\/01\/IMG_8970-768x576.jpg 768w, https:\/\/aquawashtech.com\/wp-content\/uploads\/2024\/01\/IMG_8970.jpg 1440w\" sizes=\"(max-width: 800px) 100vw, 800px\" \/>\t\t\t\t\t\t\t\t\t\t\t\t\t\t\t<\/div>\n\t\t\t\t<\/div>\n\t\t\t\t<\/div>\n\t\t<div class=\"elementor-element elementor-element-b5c5ab7 e-con-full e-flex e-con e-child\" data-id=\"b5c5ab7\" data-element_type=\"container\" data-e-type=\"container\">\n\t\t\t\t<div class=\"elementor-element elementor-element-3571e0d elementor-widget elementor-widget-heading\" data-id=\"3571e0d\" data-element_type=\"widget\" data-e-type=\"widget\" data-widget_type=\"heading.default\">\n\t\t\t\t<div class=\"elementor-widget-container\">\n\t\t\t\t\t<h2 class=\"elementor-heading-title elementor-size-default\">M\u00e1quina lavadora de coches de doble brazo sin contacto<\/h2>\t\t\t\t<\/div>\n\t\t\t\t<\/div>\n\t\t\t\t<div class=\"elementor-element elementor-element-00d45b0 elementor-widget elementor-widget-text-editor\" data-id=\"00d45b0\" data-element_type=\"widget\" data-e-type=\"widget\" data-widget_type=\"text-editor.default\">\n\t\t\t\t<div class=\"elementor-widget-container\">\n\t\t\t\t\t\t\t\t\t<h5>Objetivos de limpieza: berlinas, taxis, todoterrenos, monovol\u00famenes y furgonetas.<br \/>Dimensiones del equipo: 8,1 m (largo) x 3,35 m (ancho) x 2,9 m (alto)<br \/>Dimensiones de la pista: 7.7m<br \/>Potencia nominal: 13Kw\/h<br \/>Especificaciones el\u00e9ctricas: 380V, 50Hz, 3L, N, PE, trif\u00e1sico de cinco hilos<\/h5><h5><span style=\"color: #ff0000;\">(DEBE PERSONALIZARSE PARA CADA PA\u00cdS)<\/span><\/h5><h5>Capacidad de lavado: 7-10 veh\u00edculos por hora<br \/>Consumo de agua por veh\u00edculo: 100-130 litros<br \/>Consumo el\u00e9ctrico por veh\u00edculo: aproximadamente 0,3-0,5Kw\/h<br \/>Consumo de energ\u00eda en modo de espera: &lt; 0,1Kw\/h<br \/>Dimensiones de lavado: longitud \u2264 5,5 m, anchura \u2264 2,3 m, altura \u2264 2 m.<\/h5>\t\t\t\t\t\t\t\t<\/div>\n\t\t\t\t<\/div>\n\t\t\t\t<\/div>\n\t\t\t\t\t<\/div>\n\t\t\t\t<\/div>\n\t\t<div class=\"elementor-element elementor-element-68cad8f e-flex e-con-boxed e-con e-parent\" data-id=\"68cad8f\" data-element_type=\"container\" data-e-type=\"container\" data-settings=\"{&quot;background_background&quot;:&quot;gradient&quot;}\">\n\t\t\t\t\t<div class=\"e-con-inner\">\n\t\t<div class=\"elementor-element elementor-element-e8090ca e-con-full e-flex e-con e-child\" data-id=\"e8090ca\" data-element_type=\"container\" data-e-type=\"container\">\n\t\t\t\t<div class=\"elementor-element elementor-element-7ca5a5f elementor-widget elementor-widget-image\" data-id=\"7ca5a5f\" data-element_type=\"widget\" data-e-type=\"widget\" data-widget_type=\"image.default\">\n\t\t\t\t<div class=\"elementor-widget-container\">\n\t\t\t\t\t\t\t\t\t\t\t\t\t\t\t<img decoding=\"async\" width=\"800\" height=\"600\" src=\"https:\/\/aquawashtech.com\/wp-content\/uploads\/2024\/03\/\u5fae\u4fe1\u56fe\u7247_20240126110744-1024x768.jpg\" class=\"attachment-large size-large wp-image-1019\" alt=\"\" srcset=\"https:\/\/aquawashtech.com\/wp-content\/uploads\/2024\/03\/\u5fae\u4fe1\u56fe\u7247_20240126110744-1024x768.jpg 1024w, https:\/\/aquawashtech.com\/wp-content\/uploads\/2024\/03\/\u5fae\u4fe1\u56fe\u7247_20240126110744-300x225.jpg 300w, https:\/\/aquawashtech.com\/wp-content\/uploads\/2024\/03\/\u5fae\u4fe1\u56fe\u7247_20240126110744-768x576.jpg 768w, https:\/\/aquawashtech.com\/wp-content\/uploads\/2024\/03\/\u5fae\u4fe1\u56fe\u7247_20240126110744-1536x1152.jpg 1536w, https:\/\/aquawashtech.com\/wp-content\/uploads\/2024\/03\/\u5fae\u4fe1\u56fe\u7247_20240126110744.jpg 1706w\" sizes=\"(max-width: 800px) 100vw, 800px\" \/>\t\t\t\t\t\t\t\t\t\t\t\t\t\t\t<\/div>\n\t\t\t\t<\/div>\n\t\t\t\t<\/div>\n\t\t<div class=\"elementor-element elementor-element-9398438 e-con-full e-flex e-con e-child\" data-id=\"9398438\" data-element_type=\"container\" data-e-type=\"container\">\n\t\t\t\t<div class=\"elementor-element elementor-element-03c5d31 elementor-widget elementor-widget-heading\" data-id=\"03c5d31\" data-element_type=\"widget\" data-e-type=\"widget\" data-widget_type=\"heading.default\">\n\t\t\t\t<div class=\"elementor-widget-container\">\n\t\t\t\t\t<h2 class=\"elementor-heading-title elementor-size-default\">M\u00e1quina lavacoches Touchless DG<\/h2>\t\t\t\t<\/div>\n\t\t\t\t<\/div>\n\t\t\t\t<div class=\"elementor-element elementor-element-6d8a39f elementor-widget elementor-widget-text-editor\" data-id=\"6d8a39f\" data-element_type=\"widget\" data-e-type=\"widget\" data-widget_type=\"text-editor.default\">\n\t\t\t\t<div class=\"elementor-widget-container\">\n\t\t\t\t\t\t\t\t\t<h5>Objetivos de limpieza: berlinas, taxis, todoterrenos, monovol\u00famenes y furgonetas.<br \/>Dimensiones del equipo: 1,71 m (largo) x 3,7 m (ancho) x 3 m (alto)<br \/>Dimensiones de la pista: 9m<br \/>Potencia nominal: 35 kW\/h<br \/>Requisitos de instalaci\u00f3n: longitud &gt; 9,5 m, anchura &gt; 3,8 m, altura &gt; 3 m<br \/>Especificaciones el\u00e9ctricas: 380V, 50Hz, 3L, N, PE, trif\u00e1sico de cinco hilos<\/h5><h5><span style=\"color: #ff0000;\">(DEBE PERSONALIZARSE PARA CADA PA\u00cdS)<\/span><\/h5><h5>M\u00e9todo de lavado: p\u00f3rtico oscilante con perfilado superior<br \/>Capacidad de lavado: 7-10 veh\u00edculos por hora<br \/>Consumo de agua por veh\u00edculo: 100-130 litros<br \/>Consumo el\u00e9ctrico por veh\u00edculo: aproximadamente 0,7-0,8 kW\/h<br \/>Consumo de energ\u00eda en modo de espera: &lt; 0,1 kW\/h<br \/>Dimensiones de lavado: longitud \u2264 5,5 m, anchura \u2264 2,3 m, altura \u2264 2 m.<\/h5>\t\t\t\t\t\t\t\t<\/div>\n\t\t\t\t<\/div>\n\t\t\t\t<\/div>\n\t\t\t\t\t<\/div>\n\t\t\t\t<\/div>\n\t\t<div class=\"elementor-element elementor-element-574aee6 e-flex e-con-boxed e-con e-parent\" data-id=\"574aee6\" data-element_type=\"container\" data-e-type=\"container\">\n\t\t\t\t\t<div class=\"e-con-inner\">\n\t\t<div class=\"elementor-element elementor-element-19eeb13 e-con-full e-flex e-con e-child\" data-id=\"19eeb13\" data-element_type=\"container\" data-e-type=\"container\">\n\t\t\t\t<div class=\"elementor-element elementor-element-098ce75 elementor-widget elementor-widget-heading\" data-id=\"098ce75\" data-element_type=\"widget\" data-e-type=\"widget\" data-widget_type=\"heading.default\">\n\t\t\t\t<div class=\"elementor-widget-container\">\n\t\t\t\t\t<h2 class=\"elementor-heading-title elementor-size-default\">Principales ventajas\n<\/h2>\t\t\t\t<\/div>\n\t\t\t\t<\/div>\n\t\t\t\t<div class=\"elementor-element elementor-element-18c977c elementor-widget elementor-widget-spacer\" data-id=\"18c977c\" data-element_type=\"widget\" data-e-type=\"widget\" data-widget_type=\"spacer.default\">\n\t\t\t\t<div class=\"elementor-widget-container\">\n\t\t\t\t\t\t\t<div class=\"elementor-spacer\">\n\t\t\t<div class=\"elementor-spacer-inner\"><\/div>\n\t\t<\/div>\n\t\t\t\t\t\t<\/div>\n\t\t\t\t<\/div>\n\t\t\t\t<div class=\"elementor-element elementor-element-cca6b47 elementor-widget elementor-widget-image\" data-id=\"cca6b47\" data-element_type=\"widget\" data-e-type=\"widget\" data-widget_type=\"image.default\">\n\t\t\t\t<div class=\"elementor-widget-container\">\n\t\t\t\t\t\t\t\t\t\t\t\t\t\t\t<img loading=\"lazy\" decoding=\"async\" width=\"689\" height=\"406\" src=\"https:\/\/aquawashtech.com\/wp-content\/uploads\/2024\/09\/1727193122344.png\" class=\"attachment-large size-large wp-image-1936\" alt=\"\" srcset=\"https:\/\/aquawashtech.com\/wp-content\/uploads\/2024\/09\/1727193122344.png 689w, https:\/\/aquawashtech.com\/wp-content\/uploads\/2024\/09\/1727193122344-300x177.png 300w\" sizes=\"(max-width: 689px) 100vw, 689px\" \/>\t\t\t\t\t\t\t\t\t\t\t\t\t\t\t<\/div>\n\t\t\t\t<\/div>\n\t\t\t\t<div class=\"elementor-element elementor-element-a6881b4 elementor-widget elementor-widget-text-editor\" data-id=\"a6881b4\" data-element_type=\"widget\" data-e-type=\"widget\" data-widget_type=\"text-editor.default\">\n\t\t\t\t<div class=\"elementor-widget-container\">\n\t\t\t\t\t\t\t\t\t<h3>Tecnolog\u00eda patentada de desarrollo propio<\/h3><h4><span style=\"color: #3366ff;\">Chip de control inteligente para microordenador + Sistema de control inteligente iCOM2.0<\/span><\/h4><h5>Equipado con capacidad de autoaprendizaje e iteraci\u00f3n y actualizaciones proactivas.<\/h5><h5>-Autoevoluci\u00f3n algor\u00edtmica en funci\u00f3n del tipo de veh\u00edculo<\/h5><h5>-Analizar la trayectoria \u00f3ptima de funcionamiento del cepillo.<\/h5><h5>-Calibraci\u00f3n secundaria con detecci\u00f3n de corriente para ajustar en tiempo real la intensidad de lavado.<\/h5><h5>-Asegurar la limpieza protegiendo el veh\u00edculo<\/h5>\t\t\t\t\t\t\t\t<\/div>\n\t\t\t\t<\/div>\n\t\t\t\t<\/div>\n\t\t<div class=\"elementor-element elementor-element-d85246b e-con-full e-flex e-con e-child\" data-id=\"d85246b\" data-element_type=\"container\" data-e-type=\"container\">\n\t\t<div class=\"elementor-element elementor-element-9b73eed e-con-full e-flex e-con e-child\" data-id=\"9b73eed\" data-element_type=\"container\" data-e-type=\"container\">\n\t\t\t\t<div class=\"elementor-element elementor-element-dea6320 elementor-widget elementor-widget-heading\" data-id=\"dea6320\" data-element_type=\"widget\" data-e-type=\"widget\" data-widget_type=\"heading.default\">\n\t\t\t\t<div class=\"elementor-widget-container\">\n\t\t\t\t\t<h2 class=\"elementor-heading-title elementor-size-default\">Caracter\u00edsticas del producto:<\/h2>\t\t\t\t<\/div>\n\t\t\t\t<\/div>\n\t\t\t\t<\/div>\n\t\t<div class=\"elementor-element elementor-element-b2060e9 e-con-full e-flex e-con e-child\" data-id=\"b2060e9\" data-element_type=\"container\" data-e-type=\"container\">\n\t\t\t\t<div class=\"elementor-element elementor-element-d93172f elementor-widget elementor-widget-spacer\" data-id=\"d93172f\" data-element_type=\"widget\" data-e-type=\"widget\" data-widget_type=\"spacer.default\">\n\t\t\t\t<div class=\"elementor-widget-container\">\n\t\t\t\t\t\t\t<div class=\"elementor-spacer\">\n\t\t\t<div class=\"elementor-spacer-inner\"><\/div>\n\t\t<\/div>\n\t\t\t\t\t\t<\/div>\n\t\t\t\t<\/div>\n\t\t\t\t<div class=\"elementor-element elementor-element-b5a7243 elementor-widget elementor-widget-text-editor\" data-id=\"b5a7243\" data-element_type=\"widget\" data-e-type=\"widget\" data-widget_type=\"text-editor.default\">\n\t\t\t\t<div class=\"elementor-widget-container\">\n\t\t\t\t\t\t\t\t\t<h5 style=\"text-align: left;\"><em>1.Pulverizar la espuma de lavado a 360 grados.<\/em><\/h5><h5 style=\"text-align: left;\"><em>2.El agua a alta presi\u00f3n puede eliminar f\u00e1cilmente la suciedad.<\/em><\/h5><h5 style=\"text-align: left;\"><em>3.Rotaci\u00f3n completa de 360\u00b0 en 60 segundos.<\/em><\/h5><h5 style=\"text-align: left;\"><em>4.Posicionamiento preciso por ultrasonidos.<\/em><\/h5><h5 style=\"text-align: left;\"><em>5.Funcionamiento autom\u00e1tico de control por ordenador.<\/em><\/h5><h5 style=\"text-align: left;\"><em>6.Sistema \u00fanico de secado r\u00e1pido por aire incorporado.<\/em><\/h5>\t\t\t\t\t\t\t\t<\/div>\n\t\t\t\t<\/div>\n\t\t\t\t<div class=\"elementor-element elementor-element-44a63ec elementor-widget elementor-widget-spacer\" data-id=\"44a63ec\" data-element_type=\"widget\" data-e-type=\"widget\" data-widget_type=\"spacer.default\">\n\t\t\t\t<div class=\"elementor-widget-container\">\n\t\t\t\t\t\t\t<div class=\"elementor-spacer\">\n\t\t\t<div class=\"elementor-spacer-inner\"><\/div>\n\t\t<\/div>\n\t\t\t\t\t\t<\/div>\n\t\t\t\t<\/div>\n\t\t\t\t<div class=\"elementor-element elementor-element-ac8cec7 elementor-widget elementor-widget-video\" data-id=\"ac8cec7\" data-element_type=\"widget\" data-e-type=\"widget\" data-settings=\"{&quot;youtube_url&quot;:&quot;https:\\\/\\\/www.youtube.com\\\/watch?v=UDIsSM4cbNY&quot;,&quot;autoplay&quot;:&quot;yes&quot;,&quot;mute&quot;:&quot;yes&quot;,&quot;loop&quot;:&quot;yes&quot;,&quot;video_type&quot;:&quot;youtube&quot;,&quot;controls&quot;:&quot;yes&quot;}\" data-widget_type=\"video.default\">\n\t\t\t\t<div class=\"elementor-widget-container\">\n\t\t\t\t\t\t\t<div class=\"elementor-wrapper elementor-open-inline\">\n\t\t\t<div class=\"elementor-video\"><\/div>\t\t<\/div>\n\t\t\t\t\t\t<\/div>\n\t\t\t\t<\/div>\n\t\t\t\t<\/div>\n\t\t\t\t<\/div>\n\t\t\t\t\t<\/div>\n\t\t\t\t<\/div>\n\t\t<div class=\"elementor-element elementor-element-5bd5572 e-flex e-con-boxed e-con e-parent\" data-id=\"5bd5572\" data-element_type=\"container\" data-e-type=\"container\">\n\t\t\t\t\t<div class=\"e-con-inner\">\n\t\t<div class=\"elementor-element elementor-element-f0e8495 e-con-full e-flex e-con e-child\" data-id=\"f0e8495\" data-element_type=\"container\" data-e-type=\"container\">\n\t\t\t\t<div class=\"elementor-element elementor-element-e4d66ec elementor-widget elementor-widget-heading\" data-id=\"e4d66ec\" data-element_type=\"widget\" data-e-type=\"widget\" data-widget_type=\"heading.default\">\n\t\t\t\t<div class=\"elementor-widget-container\">\n\t\t\t\t\t<h2 class=\"elementor-heading-title elementor-size-default\">\u00a1\u00a1\u00a1\u00a1\u00a1\u00a1Potente pero QUIETO!!!!!!\n\n\n<\/h2>\t\t\t\t<\/div>\n\t\t\t\t<\/div>\n\t\t\t\t<div class=\"elementor-element elementor-element-6fa8c32 elementor-widget elementor-widget-image\" data-id=\"6fa8c32\" data-element_type=\"widget\" data-e-type=\"widget\" data-widget_type=\"image.default\">\n\t\t\t\t<div class=\"elementor-widget-container\">\n\t\t\t\t\t\t\t\t\t\t\t\t\t\t\t<img loading=\"lazy\" decoding=\"async\" width=\"800\" height=\"545\" src=\"https:\/\/aquawashtech.com\/wp-content\/uploads\/2024\/09\/\u56fe\u72471-2-1024x697.png\" class=\"attachment-large size-large wp-image-1946\" alt=\"\" srcset=\"https:\/\/aquawashtech.com\/wp-content\/uploads\/2024\/09\/\u56fe\u72471-2-1024x697.png 1024w, https:\/\/aquawashtech.com\/wp-content\/uploads\/2024\/09\/\u56fe\u72471-2-300x204.png 300w, https:\/\/aquawashtech.com\/wp-content\/uploads\/2024\/09\/\u56fe\u72471-2-768x523.png 768w, https:\/\/aquawashtech.com\/wp-content\/uploads\/2024\/09\/\u56fe\u72471-2-1536x1045.png 1536w, https:\/\/aquawashtech.com\/wp-content\/uploads\/2024\/09\/\u56fe\u72471-2-2048x1394.png 2048w\" sizes=\"(max-width: 800px) 100vw, 800px\" \/>\t\t\t\t\t\t\t\t\t\t\t\t\t\t\t<\/div>\n\t\t\t\t<\/div>\n\t\t\t\t<\/div>\n\t\t<div class=\"elementor-element elementor-element-c100bf3 e-con-full e-flex e-con e-child\" data-id=\"c100bf3\" data-element_type=\"container\" data-e-type=\"container\">\n\t\t\t\t<div class=\"elementor-element elementor-element-7edc4a2 elementor-widget elementor-widget-text-editor\" data-id=\"7edc4a2\" data-element_type=\"widget\" data-e-type=\"widget\" data-widget_type=\"text-editor.default\">\n\t\t\t\t<div class=\"elementor-widget-container\">\n\t\t\t\t\t\t\t\t\t<h3><span style=\"color: #333399;\"><b>Secado silencioso patentado de alta potencia con una potencia total de s\u00f3lo 12 kW<\/b><\/span><\/h3>\t\t\t\t\t\t\t\t<\/div>\n\t\t\t\t<\/div>\n\t\t\t\t<div class=\"elementor-element elementor-element-692715b elementor-widget elementor-widget-image\" data-id=\"692715b\" data-element_type=\"widget\" data-e-type=\"widget\" data-widget_type=\"image.default\">\n\t\t\t\t<div class=\"elementor-widget-container\">\n\t\t\t\t\t\t\t\t\t\t\t\t\t\t\t<img loading=\"lazy\" decoding=\"async\" width=\"711\" height=\"434\" src=\"https:\/\/aquawashtech.com\/wp-content\/uploads\/2024\/09\/1727193953248.png\" class=\"attachment-large size-large wp-image-1948\" alt=\"\" srcset=\"https:\/\/aquawashtech.com\/wp-content\/uploads\/2024\/09\/1727193953248.png 711w, https:\/\/aquawashtech.com\/wp-content\/uploads\/2024\/09\/1727193953248-300x183.png 300w\" sizes=\"(max-width: 711px) 100vw, 711px\" \/>\t\t\t\t\t\t\t\t\t\t\t\t\t\t\t<\/div>\n\t\t\t\t<\/div>\n\t\t\t\t<\/div>\n\t\t\t\t\t<\/div>\n\t\t\t\t<\/div>\n\t\t<div class=\"elementor-element elementor-element-de8cc4c e-flex e-con-boxed e-con e-parent\" data-id=\"de8cc4c\" data-element_type=\"container\" data-e-type=\"container\">\n\t\t\t\t\t<div class=\"e-con-inner\">\n\t\t\t\t<div class=\"elementor-element elementor-element-51be31e elementor-widget elementor-widget-image\" data-id=\"51be31e\" data-element_type=\"widget\" data-e-type=\"widget\" data-widget_type=\"image.default\">\n\t\t\t\t<div class=\"elementor-widget-container\">\n\t\t\t\t\t\t\t\t\t\t\t\t\t\t\t<img loading=\"lazy\" decoding=\"async\" width=\"800\" height=\"363\" src=\"https:\/\/aquawashtech.com\/wp-content\/uploads\/2024\/09\/1727194764831-1024x464.png\" class=\"attachment-large size-large wp-image-1956\" alt=\"\" srcset=\"https:\/\/aquawashtech.com\/wp-content\/uploads\/2024\/09\/1727194764831-1024x464.png 1024w, https:\/\/aquawashtech.com\/wp-content\/uploads\/2024\/09\/1727194764831-300x136.png 300w, https:\/\/aquawashtech.com\/wp-content\/uploads\/2024\/09\/1727194764831-768x348.png 768w, https:\/\/aquawashtech.com\/wp-content\/uploads\/2024\/09\/1727194764831-1536x695.png 1536w, https:\/\/aquawashtech.com\/wp-content\/uploads\/2024\/09\/1727194764831.png 1915w\" sizes=\"(max-width: 800px) 100vw, 800px\" \/>\t\t\t\t\t\t\t\t\t\t\t\t\t\t\t<\/div>\n\t\t\t\t<\/div>\n\t\t\t\t\t<\/div>\n\t\t\t\t<\/div>\n\t\t<div class=\"elementor-element elementor-element-453bbb28 e-flex e-con-boxed e-con e-parent\" data-id=\"453bbb28\" data-element_type=\"container\" data-e-type=\"container\">\n\t\t\t\t\t<div class=\"e-con-inner\">\n\t\t<div class=\"elementor-element elementor-element-1ec2cf6 e-flex e-con-boxed e-con e-child\" data-id=\"1ec2cf6\" data-element_type=\"container\" data-e-type=\"container\">\n\t\t\t\t\t<div class=\"e-con-inner\">\n\t\t\t\t<div class=\"elementor-element elementor-element-458f68d4 elementor-widget elementor-widget-heading\" data-id=\"458f68d4\" data-element_type=\"widget\" data-e-type=\"widget\" data-widget_type=\"heading.default\">\n\t\t\t\t<div class=\"elementor-widget-container\">\n\t\t\t\t\t<h2 class=\"elementor-heading-title elementor-size-default\">No dude en ponerse en contacto con nosotros<\/h2>\t\t\t\t<\/div>\n\t\t\t\t<\/div>\n\t\t\t\t<div class=\"elementor-element elementor-element-751d410c elementor-widget elementor-widget-text-editor\" data-id=\"751d410c\" data-element_type=\"widget\" data-e-type=\"widget\" data-widget_type=\"text-editor.default\">\n\t\t\t\t<div class=\"elementor-widget-container\">\n\t\t\t\t\t\t\t\t\t<p>Tanto si est\u00e1 explorando nuevas tecnolog\u00edas como si busca asistencia t\u00e9cnica, le ofrecemos respuestas claras y concisas para que sus operaciones funcionen sin problemas. Si desea una asistencia m\u00e1s personalizada, no dude en ponerse en contacto con nosotros: estamos aqu\u00ed para ayudarle a lograr la m\u00e1xima eficiencia y rentabilidad.<\/p>\t\t\t\t\t\t\t\t<\/div>\n\t\t\t\t<\/div>\n\t\t\t\t<div class=\"elementor-element elementor-element-22841faf elementor-align-center elementor-widget elementor-widget-button\" data-id=\"22841faf\" data-element_type=\"widget\" data-e-type=\"widget\" data-widget_type=\"button.default\">\n\t\t\t\t<div class=\"elementor-widget-container\">\n\t\t\t\t\t\t\t\t\t<div class=\"elementor-button-wrapper\">\n\t\t\t\t\t<a class=\"elementor-button elementor-button-link elementor-size-sm\" href=\"#elementor-action%3Aaction%3Dpopup%3Aopen%26settings%3DeyJpZCI6IjQ4OCIsInRvZ2dsZSI6ZmFsc2V9\" target=\"_blank\">\n\t\t\t\t\t\t<span class=\"elementor-button-content-wrapper\">\n\t\t\t\t\t\t<span class=\"elementor-button-icon\">\n\t\t\t\t<i aria-hidden=\"true\" class=\"jki jki-right-arrow-light\"><\/i>\t\t\t<\/span>\n\t\t\t\t\t\t\t\t\t<span class=\"elementor-button-text\">Env\u00ede su consulta<\/span>\n\t\t\t\t\t<\/span>\n\t\t\t\t\t<\/a>\n\t\t\t\t<\/div>\n\t\t\t\t\t\t\t\t<\/div>\n\t\t\t\t<\/div>\n\t\t\t\t\t<\/div>\n\t\t\t\t<\/div>\n\t\t\t\t\t<\/div>\n\t\t\t\t<\/div>\n\t\t\t\t<\/div>","protected":false},"excerpt":{"rendered":"<p>Touchless Single Arm Car Wash Machine Cleaning targets: sedans, taxis, SUVs, MPVs, and vansEquipment dimensions: 6.2m (L) x 3.35m (W) x 3m (H)Track dimensions: 6mPower rating: 13Kw\/hInstallation requirements: length &gt; 6.2m, width &gt; 3.5m, height &gt; 3.1mElectrical specifications: 380V, 50Hz, 3L, N, PE, three-phase five-wire\u00a0 (NEEDS CUSTOM FOR DIFFERENT COUNTRY) Washing method: 360\u00b0 surround washWashing [&hellip;]<\/p>","protected":false},"author":1,"featured_media":0,"parent":0,"menu_order":0,"comment_status":"closed","ping_status":"closed","template":"","meta":{"_seopress_robots_primary_cat":"","_seopress_titles_title":"","_seopress_titles_desc":"","_seopress_robots_index":"","_seopress_analysis_target_kw":"","footnotes":""},"class_list":["post-1486","page","type-page","status-publish","hentry"],"_links":{"self":[{"href":"https:\/\/aquawashtech.com\/es\/wp-json\/wp\/v2\/pages\/1486","targetHints":{"allow":["GET"]}}],"collection":[{"href":"https:\/\/aquawashtech.com\/es\/wp-json\/wp\/v2\/pages"}],"about":[{"href":"https:\/\/aquawashtech.com\/es\/wp-json\/wp\/v2\/types\/page"}],"author":[{"embeddable":true,"href":"https:\/\/aquawashtech.com\/es\/wp-json\/wp\/v2\/users\/1"}],"replies":[{"embeddable":true,"href":"https:\/\/aquawashtech.com\/es\/wp-json\/wp\/v2\/comments?post=1486"}],"version-history":[{"count":31,"href":"https:\/\/aquawashtech.com\/es\/wp-json\/wp\/v2\/pages\/1486\/revisions"}],"predecessor-version":[{"id":1962,"href":"https:\/\/aquawashtech.com\/es\/wp-json\/wp\/v2\/pages\/1486\/revisions\/1962"}],"wp:attachment":[{"href":"https:\/\/aquawashtech.com\/es\/wp-json\/wp\/v2\/media?parent=1486"}],"curies":[{"name":"wp","href":"https:\/\/api.w.org\/{rel}","templated":true}]}}